{"id":3540,"date":"2025-03-06T17:26:24","date_gmt":"2025-03-06T16:26:24","guid":{"rendered":"https:\/\/laiga194.it\/?page_id=3540"},"modified":"2026-01-19T19:26:05","modified_gmt":"2026-01-19T18:26:05","slug":"certificat-de-ivg","status":"publish","type":"page","link":"https:\/\/laiga194.it\/ro\/certificat-de-ivg\/","title":{"rendered":"Certificat de IVG"},"content":{"rendered":"<div class=\"flex_column av_four_fifth  flex_column_div first  avia-builder-el-0  el_before_av_one_fifth  avia-builder-el-first  \" style='padding:0px 2px 0px 2px ; border-radius:0px; '><p><div  style='padding-bottom:10px; ' class='av-special-heading av-special-heading-h2    avia-builder-el-1  el_before_av_textblock  avia-builder-el-first  '><h2 class='av-special-heading-tag '  itemprop=\"headline\"  >De ce este necesar un certificat de IVG?<\/h2><div class='special-heading-border'><div class='special-heading-inner-border' ><\/div><\/div><\/div><br \/>\n<section class=\"av_textblock_section \"  itemscope=\"itemscope\" itemtype=\"https:\/\/schema.org\/CreativeWork\" ><div class='avia_textblock  '   itemprop=\"text\" ><p>\u00cen Italia, <strong>certificatul de IVG<\/strong> (\u00een italian\u0103 <em data-start=\"375\" data-end=\"395\">certificato di IVG<\/em>) este un document prev\u0103zut de Legea nr.194\/1978, care a dezincriminat avortul. Acesta este descris \u00een articolele 5, 8 \u0219i 9 ale legii. Rolul s\u0103u \u00een procedura de \u00eentrerupere voluntar\u0103 de sarcin\u0103(IVG)este de a certifica at\u00e2t existen\u021ba unei sarcini, c\u00e2t \u0219i voin\u021ba persoanei implicate de a o \u00eentrerupe. Din acest motiv, certificatul este eliberat de un cadru medical \u00eempreun\u0103 cu persoana care \u00eel solicit\u0103. Consulta\u021bia are loc \u00een conformitate cu legea, a\u0219a cum este prev\u0103zut de Legea nr.194\/1978. \u00cen prezent, este legal ca aceast\u0103 consulta\u021bie s\u0103 aib\u0103 loc la distan\u021b\u0103, ca \u0219i \u00een cazul altor servicii medicale, \u00een baza Decretului Ministerului S\u0103n\u0103t\u0103\u021bii din 17 decembrie 2020(actul 215\/CSR).<\/p>\n<\/div><\/section><\/p><\/div><div class=\"flex_column av_one_fifth  flex_column_div av-zero-column-padding   avia-builder-el-3  el_after_av_four_fifth  el_before_av_four_fifth  \" style='border-radius:0px; '><p><div  class='avia-image-container  av-styling-    avia-builder-el-4  el_before_av_textblock  avia-builder-el-first  avia-align-center '  itemprop=\"image\" itemscope=\"itemscope\" itemtype=\"https:\/\/schema.org\/ImageObject\"  ><div class='avia-image-container-inner'><div class='avia-image-overlay-wrap'><img decoding=\"async\" class='wp-image-2197 avia-img-lazy-loading-not-2197 avia_image' src=\"https:\/\/laiga194.it\/wp-content\/uploads\/2023\/10\/Manuale-aborto-scelta-senza-ostacoli-300x183.jpg\" alt='Manuale-aborto-scelta-senza-ostacoli' title='Manuale-aborto-scelta-senza-ostacoli' height=\"183\" width=\"300\"  itemprop=\"thumbnailUrl\" srcset=\"https:\/\/laiga194.it\/wp-content\/uploads\/2023\/10\/Manuale-aborto-scelta-senza-ostacoli-300x183.jpg 300w, https:\/\/laiga194.it\/wp-content\/uploads\/2023\/10\/Manuale-aborto-scelta-senza-ostacoli-768x470.jpg 768w, https:\/\/laiga194.it\/wp-content\/uploads\/2023\/10\/Manuale-aborto-scelta-senza-ostacoli-705x431.jpg 705w, https:\/\/laiga194.it\/wp-content\/uploads\/2023\/10\/Manuale-aborto-scelta-senza-ostacoli.jpg 1030w\" sizes=\"(max-width: 300px) 100vw, 300px\" \/><\/div><\/div><\/div><br \/>\n<section class=\"av_textblock_section \"  itemscope=\"itemscope\" itemtype=\"https:\/\/schema.org\/CreativeWork\" ><div class='avia_textblock  '   itemprop=\"text\" ><p><strong data-start=\"1071\" data-end=\"1111\">Manuale-aborto-scelta-senza-ostacoli<\/strong><br data-start=\"1111\" data-end=\"1114\" \/>Ghid \u00een limba italian\u0103 despre avort \u00een Italia<br data-start=\"1159\" data-end=\"1162\" \/>Descarc\u0103 ghidul pentru o <a href=\"https:\/\/www.ivgsenzama.it\/\" target=\"_blank\" rel=\"noopener\">IVG f\u0103r\u0103 bariere<\/a><\/p>\n<\/div><\/section><\/p><\/div><div class=\"flex_column av_four_fifth  flex_column_div first  avia-builder-el-6  el_after_av_one_fifth  el_before_av_one_fifth  column-top-margin\" style='padding:0px 2px 0px 2px ; border-radius:0px; '><p><div  style='padding-bottom:10px; ' class='av-special-heading av-special-heading-h2    avia-builder-el-7  el_before_av_textblock  avia-builder-el-first  '><h2 class='av-special-heading-tag '  itemprop=\"headline\"  >Perioada de a\u0219teptare de \u0219apte zile-sau nu<\/h2><div class='special-heading-border'><div class='special-heading-inner-border' ><\/div><\/div><\/div><br \/>\n<section class=\"av_textblock_section \"  itemscope=\"itemscope\" itemtype=\"https:\/\/schema.org\/CreativeWork\" ><div class='avia_textblock  '   itemprop=\"text\" ><p data-start=\"1257\" data-end=\"1529\">Legea italian\u0103 prevede c\u0103, de la data eliber\u0103rii documentului care certific\u0103 o cerere de IVG \u201eneurgent\u0103\u201d, trebuie s\u0103 existe o perioad\u0103 de a\u0219teptare de \u0219apte zile \u00eenainte de efectuarea \u00eentreruperii. Aceast\u0103 perioad\u0103 este destinat\u0103 unei reflec\u021bii suplimentare asupra deciziei.<\/p>\n<p data-start=\"1531\" data-end=\"1763\">Totu\u0219i, dac\u0103 exist\u0103 condi\u021bii medicale, psihologice sau sociale pentru care a\u0219teptarea nu este recomandat\u0103, medicul sau medicul curant poate elibera un certificat cu men\u021biunea \u201eurgent\u201d,\u00a0 elimin\u00e2nd astfel perioada obligatorie de a\u0219teptare.<\/p>\n<p data-start=\"1765\" data-end=\"2169\">Trebuie subliniat c\u0103 legea italian\u0103 din 1978 este dep\u0103\u0219it\u0103 \u00een raport cu recomand\u0103rile actuale ale Organiza\u021biei Mondiale a S\u0103n\u0103t\u0103\u021bii(OMS), care recomand\u0103 ca toate \u00eentreruperile voluntare de sarcin\u0103 s\u0103 fie tratate ca urgente, deoarece cu c\u00e2t procedura este realizat\u0103 mai devreme, cu at\u00e2t este mai sigur\u0103, mai eficient\u0103 \u0219i mai pu\u021bin impactant\u0103 asupra s\u0103n\u0103t\u0103\u021bii fizice \u0219i psihice a persoanei care a luat decizia.<\/p>\n<p data-start=\"2171\" data-end=\"2265\">\u00centr-o situa\u021bie ideal\u0103, a\u0219adar, medicul ar trebui s\u0103 certifice \u00eentotdeauna IVG ca fiind urgent\u0103.<\/p>\n<p data-start=\"2267\" data-end=\"2601\">Reamintim, totodat\u0103, c\u0103 \u0219i \u00een posesia unui certificat de IVG \u201eurgent\u201d, este posibil\u0103 schimbarea deciziei p\u00e2n\u0103 \u00een momentul efectu\u0103rii efective a procedurii. \u00cen plus, Sistemul Na\u021bional de S\u0103n\u0103tate rareori poate garanta un serviciu complet lipsit de timpi de a\u0219teptare, \u00een principal din cauza \u00eent\u00e2rzierilor generate de obiec\u021bia de con\u0219tiin\u021b\u0103.<\/p>\n<\/div><\/section><br \/>\n<div  class='avia-image-container  av-styling-    avia-builder-el-9  el_after_av_textblock  avia-builder-el-last  avia-align-center '  itemprop=\"image\" itemscope=\"itemscope\" itemtype=\"https:\/\/schema.org\/ImageObject\"  ><div class='avia-image-container-inner'><div class='avia-image-overlay-wrap'><img decoding=\"async\" class='wp-image-3542 avia-img-lazy-loading-not-3542 avia_image' src=\"https:\/\/laiga194.it\/wp-content\/uploads\/2025\/03\/time-1280x630.jpg\" alt='' title='time' height=\"630\" width=\"1280\"  itemprop=\"thumbnailUrl\"  \/><\/div><\/div><\/div><\/p><\/div><div class=\"flex_column av_one_fifth  flex_column_div av-zero-column-padding   avia-builder-el-10  el_after_av_four_fifth  el_before_av_four_fifth  column-top-margin\" style='border-radius:0px; '><\/div><\/p>\n<div class=\"flex_column av_four_fifth  flex_column_div first  avia-builder-el-11  el_after_av_one_fifth  el_before_av_one_fifth  column-top-margin\" style='padding:0px 2px 0px 2px ; border-radius:0px; '><p><div  style='padding-bottom:10px; ' class='av-special-heading av-special-heading-h2    avia-builder-el-12  el_before_av_textblock  avia-builder-el-first  '><h2 class='av-special-heading-tag '  itemprop=\"headline\"  >Dificult\u0103\u021bi \u00een ob\u021binerea certificatului de IVG<\/h2><div class='special-heading-border'><div class='special-heading-inner-border' ><\/div><\/div><\/div><br \/>\n<section class=\"av_textblock_section \"  itemscope=\"itemscope\" itemtype=\"https:\/\/schema.org\/CreativeWork\" ><div class='avia_textblock  '   itemprop=\"text\" ><p data-start=\"2659\" data-end=\"2943\">Certificatul poate fi eliberat de orice cadru medical \u00eenscris \u00een Ordinul Medicilor din Italia (<em data-start=\"2753\" data-end=\"2772\">Ordine dei Medici<\/em>), inclusiv de persoane cu specializ\u0103ri diferite de ginecologie, \u00een afara cabinetelor publice de planificare familial\u0103 \u0219i chiar dac\u0103 nu este medicul de familie al persoanei.<\/p>\n<p data-start=\"2945\" data-end=\"3366\">Cu toate acestea, \u00een ciuda faptului c\u0103 obiec\u021bia de con\u0219tiin\u021b\u0103 nu este prev\u0103zut\u0103 de lege pentru eliberarea certificatului de IVG, \u00een Italia exist\u0103 numeroase centre \u0219i cadre medicale care refuz\u0103 s\u0103 ofere acest serviciu medical, mai mult sau mai pu\u021bin explicit. Primim semnal\u0103ri de la persoane c\u0103rora li se spune c\u0103 personalul nu este autorizat, c\u0103 trebuie s\u0103 revin\u0103 \u00eentr-o alt\u0103 zi sau c\u0103 trebuie s\u0103 se adreseze altei structuri.<\/p>\n<p data-start=\"3368\" data-end=\"3582\">\u00cen astfel de cazuri, se recomand\u0103 trimiterea cererii prin e-mail certificat italian(PEC), pentru a ob\u021bine o dovad\u0103 scris\u0103 a refuzului nelegal \u0219i pentru a putea semnala situa\u021bia cu sprijinul unei asocia\u021bii pro-choice.<\/p>\n<p data-start=\"3584\" data-end=\"3825\">Din fericire, certificatul de IVG poate fi eliberat \u0219i prin telemedicin\u0103:orice cadru medical care respect\u0103 legea poate \u00eendeplini rolul de medic de \u00eencredere prev\u0103zut de aceasta, indiferent de specializare(ortopedie, andrologie, psihiatrie etc.).<\/p>\n<\/div><\/section><\/p><\/div><div class=\"flex_column av_one_fifth  flex_column_div av-zero-column-padding   avia-builder-el-14  el_after_av_four_fifth  el_before_av_four_fifth  column-top-margin\" style='border-radius:0px; '><div  class='avia-image-container  av-styling-    avia-builder-el-15  avia-builder-el-no-sibling  avia-align-center '  itemprop=\"image\" itemscope=\"itemscope\" itemtype=\"https:\/\/schema.org\/ImageObject\"  ><div class='avia-image-container-inner'><div class='avia-image-overlay-wrap'><img decoding=\"async\" class='wp-image-3543 avia-img-lazy-loading-not-3543 avia_image' src=\"https:\/\/laiga194.it\/wp-content\/uploads\/2025\/03\/telemedicina-686x1030.jpg\" alt='' title='telemedicina' height=\"1030\" width=\"686\"  itemprop=\"thumbnailUrl\" srcset=\"https:\/\/laiga194.it\/wp-content\/uploads\/2025\/03\/telemedicina-686x1030.jpg 686w, https:\/\/laiga194.it\/wp-content\/uploads\/2025\/03\/telemedicina-200x300.jpg 200w, https:\/\/laiga194.it\/wp-content\/uploads\/2025\/03\/telemedicina-768x1152.jpg 768w, https:\/\/laiga194.it\/wp-content\/uploads\/2025\/03\/telemedicina-470x705.jpg 470w, https:\/\/laiga194.it\/wp-content\/uploads\/2025\/03\/telemedicina.jpg 853w\" sizes=\"(max-width: 686px) 100vw, 686px\" \/><\/div><\/div><\/div><\/div><\/p>\n<div class=\"flex_column av_four_fifth  flex_column_div first  avia-builder-el-16  el_after_av_one_fifth  el_before_av_one_fifth  column-top-margin\" style='padding:0px 2px 0px 2px ; border-radius:0px; '><p><div  style='padding-bottom:10px; ' class='av-special-heading av-special-heading-h2    avia-builder-el-17  el_before_av_textblock  avia-builder-el-first  '><h2 class='av-special-heading-tag '  itemprop=\"headline\"  >Cum se redacteaz\u0103 un certificat de IVG?<\/h2><div class='special-heading-border'><div class='special-heading-inner-border' ><\/div><\/div><\/div><br \/>\n<section class=\"av_textblock_section \"  itemscope=\"itemscope\" itemtype=\"https:\/\/schema.org\/CreativeWork\" ><div class='avia_textblock  '   itemprop=\"text\" ><p>De\u0219i orice medic \u00eenscris \u00een Ordin poate elibera un certificat, universit\u0103\u021bile de medicin\u0103 din Italia nu ofer\u0103 instruire specific\u0103 \u00een acest sens. De aceea, oferim sprijin \u00een acest proces.<\/p>\n<h3 data-start=\"4062\" data-end=\"4077\">Consulta\u021bia<\/h3>\n<p data-start=\"4079\" data-end=\"4847\">Consulta\u021bia trebuie desf\u0103\u0219urat\u0103 \u00een conformitate cu legea. Articolul 5 din Legea nr.194\/1978 prevede c\u0103 rolul medicului este, \u00een toate cazurile-\u0219i mai ales atunci c\u00e2nd cererea de \u00eentrerupere a sarcinii este motivat\u0103 de impactul condi\u021biilor economice, sociale sau familiale asupra s\u0103n\u0103t\u0103\u021bii persoanei \u00eens\u0103rcinate-s\u0103 analizeze, \u00eempreun\u0103 cu femeia \u0219i cu p\u0103rintele genetic al sarcinii (dac\u0103 femeia consimte), cu respectarea demnit\u0103\u021bii \u0219i a confiden\u021bialit\u0103\u021bii, solu\u021biile posibile la problemele ridicate;s\u0103 ajute la \u00eenl\u0103turarea cauzelor care ar putea conduce la \u00eentreruperea sarcinii;s\u0103 permit\u0103 exercitarea drepturilor ca lucr\u0103toare \u0219i ca p\u0103rinte;\u0219i s\u0103 promoveze orice interven\u021bie adecvat\u0103 pentru sus\u021binere, oferind tot sprijinul necesar at\u00e2t pe durata sarcinii, c\u00e2t \u0219i dup\u0103 na\u0219tere.<\/p>\n<p data-start=\"4849\" data-end=\"4897\">Dup\u0103 consulta\u021bie, certificatul poate fi eliberat.<\/p>\n<\/div><\/section><br \/>\n<section class=\"av_textblock_section \"  itemscope=\"itemscope\" itemtype=\"https:\/\/schema.org\/CreativeWork\" ><div class='avia_textblock  '   itemprop=\"text\" ><p style=\"text-align: center;\"><strong>Certificat de IVG (model)<\/strong><\/p>\n<p>[Pe antet care con\u021bine datele de \u00eenscriere ale medicului \u00een Ordin]<\/p>\n<p>LIMBA ITALIAN\u0102<\/p>\n<p><span style=\"font-weight: 400;\">Documento rilasciato ai sensi di quanto previsto dall&#8217;art. 5 della legge n. 194\/78.<\/span><\/p>\n<p style=\"text-align: right;\"><strong>Data<\/strong><\/p>\n<p><span style=\"font-weight: 400;\">Si \u00e8 svolto oggi il colloquio telefonico\/in videochiamata\/di persona con [<\/span><em><span style=\"font-weight: 400;\">Nome e cognome persona richiedente],\u00a0<\/span><\/em><span style=\"font-weight: 400;\">nat_ a <em>[Citt\u00e0]<\/em> in provincia di [<em>Provincia<\/em>] il [<em>Data di nascita<\/em>],\u00a0<\/span><span style=\"font-weight: 400;\">residente a <em>[Citt\u00e0]<\/em> in via<em> [Indirizzo completo di Cap e provincia],\u00a0<\/em><\/span><span style=\"font-weight: 400;\">come risulta da documento personale esibito.<\/span><\/p>\n<p><span style=\"font-weight: 400;\">La stessa persona riferisce ultima mestruazione in data <em>[data]; <\/em>epoca di amenorrea: ___ settimane + ____giorni.<\/span><\/p>\n<p><span style=\"font-weight: 400;\">Accertamenti eseguiti: <em>(specificare: N test di gravidanza casalinghi positivi, o analisi del sangue con Beta, o ecografia)<\/em>, eseguiti in data <em>[data]<\/em> eventualmente\u00a0<em>[presso].<\/em><\/span><\/p>\n<p><span style=\"font-weight: 400;\">La persona interessata richiede l&#8217;interruzione volontaria della gravidanza in base alle circostanze <\/span><span style=\"font-weight: 400;\">previste dall&#8217;art. 4 della legge n. 194\/78.<\/span><\/p>\n<p><span style=\"font-weight: 400;\">Nel corso del colloquio sono state esaminate con la richiedente le possibili soluzioni, come previsto dall&#8217;art. 5 della legge n. 194\/78.<\/span><\/p>\n<p><span style=\"font-weight: 400;\">Il certificato, in questo caso \u00e8<\/span><\/p>\n<ul>\n<li style=\"font-weight: 400;\" aria-checked=\"false\" aria-level=\"1\"><span style=\"font-weight: 400;\">Normale<\/span><span style=\"font-weight: 400;\">. <em>(La persona richiedente \u00e8 <\/em><\/span><em> <span style=\"font-weight: 400;\">invitata a soprassedere per sette giorni, trascorsi i quali potr\u00e0 <\/span> <span style=\"font-weight: 400;\">presentarsi, con il suddetto documento, ad una delle <a href=\"https:\/\/laiga194.it\/mappa-ospedali-italiani-ivg-itg\/\">sedi autorizzate<\/a><\/span><span style=\"font-weight: 400;\">\u00a0per ottenere l&#8217;intervento richiesto).<\/span><\/em><span style=\"font-weight: 400;\"><br \/>\n<\/span><\/li>\n<li style=\"font-weight: 400;\" aria-checked=\"false\" aria-level=\"1\"><span style=\"font-weight: 400;\">D&#8217;urgenza<\/span><span style=\"font-weight: 400;\">.<em> (La persona richiedente <\/em><\/span> <span style=\"font-weight: 400;\"><em>non \u00e8 invitata a soprassedere per sette giorni e pu\u00f2 presentarsi nelle <a href=\"https:\/\/laiga194.it\/mappa-ospedali-italiani-ivg-itg\/\">sedi autorizzate<\/a>\u00a0per ottenere l&#8217;intervento richiesto)<\/em>. <\/span><\/li>\n<\/ul>\n<p><span style=\"font-weight: 400;\"><strong data-start=\"6354\" data-end=\"6377\">Semn\u0103tura medicului<\/strong><br data-start=\"6377\" data-end=\"6380\" \/><strong data-start=\"6380\" data-end=\"6415\">Semn\u0103tura persoanei solicitante<\/strong><\/span><\/p>\n<p>TRADUCERE<\/p>\n<p data-start=\"5003\" data-end=\"5072\"><strong data-start=\"5003\" data-end=\"5072\">Document eliberat \u00een temeiul articolului 5 din Legea nr.194\/1978.<\/strong><\/p>\n<p data-start=\"5074\" data-end=\"5082\"><strong data-start=\"5074\" data-end=\"5082\">Data<\/strong><\/p>\n<p data-start=\"5084\" data-end=\"5389\">Ast\u0103zi a avut loc o consulta\u021bie telefonic\u0103\/prin videoconferin\u021b\u0103\/fa\u021b\u0103 \u00een fa\u021b\u0103 cu [numele \u0219i prenumele persoanei solicitante], n\u0103scut\u0103 \u00een [ora\u0219], provincia [provincia], la data de [data na\u0219terii], cu domiciliul \u00een [ora\u0219], [adresa complet\u0103 cu cod po\u0219tal \u0219i provincie], conform documentului de identitate prezentat.<\/p>\n<p data-start=\"5391\" data-end=\"5480\">Persoana declar\u0103 data ultimei menstrua\u021bii:[data];durata amenoreei:___ s\u0103pt\u0103m\u00e2ni+___ zile.<\/p>\n<p data-start=\"5482\" data-end=\"5662\">Investiga\u021bii efectuate:(specifica\u021bi:num\u0103r de teste de sarcin\u0103 la domiciliu pozitive,sau analiz\u0103 de s\u00e2nge cu beta-hCG, sau ecografie), efectuate la data de [data], eventual la [locul].<\/p>\n<p data-start=\"5664\" data-end=\"5804\">Persoana interesat\u0103 solicit\u0103 \u00eentreruperea voluntar\u0103 a sarcinii \u00een conformitate cu condi\u021biile prev\u0103zute la articolul 4 din Legea nr.194\/1978.<\/p>\n<p data-start=\"5806\" data-end=\"5943\">\u00cen cadrul consulta\u021biei, au fost analizate \u00eempreun\u0103 cu persoana solicitant\u0103 solu\u021biile posibile, conform articolului 5 din Legea nr.194\/1978.<\/p>\n<p data-start=\"5945\" data-end=\"5983\">Prezentul certificat este eliberat ca:<\/p>\n<p data-start=\"5985\" data-end=\"6182\"><strong data-start=\"5985\" data-end=\"5997\">Standard<\/strong><br data-start=\"5997\" data-end=\"6000\" \/>(Persoana este invitat\u0103 s\u0103 respecte un termen de \u0219apte zile, dup\u0103 care se poate prezenta, cu acest document, la una dintre unit\u0103\u021bile autorizate pentru efectuarea procedurii solicitate.)<\/p>\n<p data-start=\"6184\" data-end=\"6352\"><strong data-start=\"6184\" data-end=\"6194\">Urgent<\/strong><br data-start=\"6194\" data-end=\"6197\" \/>(Persoana nu este obligat\u0103 s\u0103 respecte termenul de \u0219apte zile \u0219i se poate prezenta direct la o unitate autorizat\u0103 pentru efectuarea procedurii solicitate.)<\/p>\n<p data-start=\"6417\" data-end=\"6464\"><strong>\u00cen cazul unei consulta\u021bii prin telemedicin\u0103 Se recomand\u0103 ad\u0103ugarea urm\u0103toarei men\u021biuni:<\/strong><\/p>\n<p>La telefonata\/videochiamata \u00e8 stata registrata. [Nome cognome] ha dato il proprio consenso alla registrazione e al trattamento dei dati personali. La videochiamata \u00e8 equiparata alla visita in presenza come da decreto del Ministero della Salute del 17-12-2020 (atto 215\/CSR) e la firma digitale non \u00e8 ripudiabile.<\/p>\n<p><span style=\"font-weight: 400;\">Semn\u0103tura medicului<br data-start=\"6377\" data-end=\"6380\" \/>Semn\u0103tura persoanei solicitante<\/span><\/p>\n<p><strong>TRADUCERE<\/strong><\/p>\n<p>Apelul telefonic\/videoconferin\u021ba a fost \u00eenregistrat\u0103. [Nume \u0219i prenume] \u0219i-a dat consim\u021b\u0103m\u00e2ntul pentru \u00eenregistrare \u0219i pentru prelucrarea datelor cu caracter personal. Consulta\u021bia prin videoconferin\u021b\u0103 este echivalent\u0103 cu o vizit\u0103 \u00een persoan\u0103, \u00een conformitate cu Decretul Ministerului S\u0103n\u0103t\u0103\u021bii din 17 decembrie 2020(actul 215\/CSR), iar semn\u0103tura digital\u0103 este opozabil\u0103 juridic.<\/p>\n<\/div><\/section><br \/>\n<div  style='padding-bottom:10px; ' class='av-special-heading av-special-heading-h2    avia-builder-el-20  el_after_av_textblock  el_before_av_textblock  '><h2 class='av-special-heading-tag '  itemprop=\"headline\"  >Care este urm\u0103torul pas?<\/h2><div class='special-heading-border'><div class='special-heading-inner-border' ><\/div><\/div><\/div><br \/>\n<section class=\"av_textblock_section \"  itemscope=\"itemscope\" itemtype=\"https:\/\/schema.org\/CreativeWork\" ><div class='avia_textblock  '   itemprop=\"text\" ><p data-start=\"6988\" data-end=\"7255\">Se recomand\u0103 ca persoana interesat\u0103 s\u0103 fie \u00eencurajat\u0103 s\u0103 programeze IVG c\u00e2t mai cur\u00e2nd posibil,\u00a0 av\u00e2nd \u00een vedere c\u0103 programarea poate fi anulat\u0103 de c\u0103tre aceasta chiar \u0219i \u00een aceea\u0219i zi. \u00cen Italia, este frecvent ca timpii de a\u0219teptare s\u0103 fie de c\u00e2teva zile sau s\u0103pt\u0103m\u00e2ni.<\/p>\n<p data-start=\"7257\" data-end=\"7506\">\u00cen cazul unui certificat neurgent(standard), IVG va fi programat\u0103 la prima dat\u0103 disponibil\u0103 dup\u0103 \u0219apte zile de la emiterea certificatului. \u00cen cazul unui certificat urgent, calendarul va depinde exclusiv de organizarea \u0219i capacitatea unit\u0103\u021bii medicale.<\/p>\n<p data-start=\"7508\" data-end=\"7805\">\u00cen Italia,este adesea mai eficient ca persoana s\u0103 se prezinte personal pentru programare, av\u00e2nd asupra sa certificatul de IVG. \u00cenainte de programare,poate fi util s\u0103 se informeze asupra <a title=\"TIPURI DE AVORT\" href=\"https:\/\/laiga194.it\/ro\/tipuri-de-avort\/\">tipurilor de avort disponibile \u00een Italia<\/a> \u0219i s\u0103 verifice ce tehnici sunt oferite de unitatea cea mai convenabil\u0103.<\/p>\n<\/div><\/section><br \/>\n<div  class='av-social-sharing-box  avia-builder-el-22  el_after_av_textblock  avia-builder-el-last  av-social-sharing-box-minimal '><div class='av-share-box'><h5 class='av-share-link-description av-no-toc '>Condividi<\/h5><ul class='av-share-box-list noLightbox'><li class='av-share-link av-social-link-facebook' ><a target=\"_blank\" aria-label=\"Share on Facebook\" href='https:\/\/www.facebook.com\/sharer.php?u=https:\/\/laiga194.it\/ro\/certificat-de-ivg\/&#038;t=Certificat%20de%20IVG' aria-hidden='false' data-av_icon='\ue8f3' data-av_iconfont='entypo-fontello' title='' data-avia-related-tooltip='Share on Facebook' rel=\"noopener\"><span class='avia_hidden_link_text'>Share on Facebook<\/span><\/a><\/li><li class='av-share-link av-social-link-twitter' ><a target=\"_blank\" aria-label=\"Share on Twitter\" href='https:\/\/twitter.com\/share?text=Certificat%20de%20IVG&#038;url=https:\/\/laiga194.it\/ro\/?p=3540' aria-hidden='false' data-av_icon='\ue8f1' data-av_iconfont='entypo-fontello' title='' data-avia-related-tooltip='Share on Twitter' rel=\"noopener\"><span class='avia_hidden_link_text'>Share on Twitter<\/span><\/a><\/li><li class='av-share-link av-social-link-whatsapp' ><a target=\"_blank\" aria-label=\"Share on WhatsApp\" href='https:\/\/api.whatsapp.com\/send?text=https:\/\/laiga194.it\/ro\/certificat-de-ivg\/' aria-hidden='false' data-av_icon='\uf232' data-av_iconfont='entypo-fontello' title='' data-avia-related-tooltip='Share on WhatsApp' rel=\"noopener\"><span class='avia_hidden_link_text'>Share on WhatsApp<\/span><\/a><\/li><li class='av-share-link av-social-link-mail' ><a  aria-label=\"Share by Mail\" href='mailto:?subject=Certificat%20de%20IVG&#038;body=https:\/\/laiga194.it\/ro\/certificat-de-ivg\/' aria-hidden='false' data-av_icon='\ue805' data-av_iconfont='entypo-fontello' title='' data-avia-related-tooltip='Share by Mail'><span class='avia_hidden_link_text'>Share by Mail<\/span><\/a><\/li><\/ul><\/div><\/div><\/p><\/div><div class=\"flex_column av_one_fifth  flex_column_div av-zero-column-padding   avia-builder-el-23  el_after_av_four_fifth  avia-builder-el-last  column-top-margin\" style='border-radius:0px; '><\/div><\/p>\n","protected":false},"excerpt":{"rendered":"","protected":false},"author":4,"featured_media":0,"parent":0,"menu_order":0,"comment_status":"closed","ping_status":"closed","template":"","meta":{"footnotes":""},"class_list":["post-3540","page","type-page","status-publish","hentry"],"aioseo_notices":[],"_links":{"self":[{"href":"https:\/\/laiga194.it\/ro\/wp-json\/wp\/v2\/pages\/3540","targetHints":{"allow":["GET"]}}],"collection":[{"href":"https:\/\/laiga194.it\/ro\/wp-json\/wp\/v2\/pages"}],"about":[{"href":"https:\/\/laiga194.it\/ro\/wp-json\/wp\/v2\/types\/page"}],"author":[{"embeddable":true,"href":"https:\/\/laiga194.it\/ro\/wp-json\/wp\/v2\/users\/4"}],"replies":[{"embeddable":true,"href":"https:\/\/laiga194.it\/ro\/wp-json\/wp\/v2\/comments?post=3540"}],"version-history":[{"count":10,"href":"https:\/\/laiga194.it\/ro\/wp-json\/wp\/v2\/pages\/3540\/revisions"}],"predecessor-version":[{"id":3554,"href":"https:\/\/laiga194.it\/ro\/wp-json\/wp\/v2\/pages\/3540\/revisions\/3554"}],"wp:attachment":[{"href":"https:\/\/laiga194.it\/ro\/wp-json\/wp\/v2\/media?parent=3540"}],"curies":[{"name":"wp","href":"https:\/\/api.w.org\/{rel}","templated":true}]}}