{"id":3375,"date":"2025-03-13T10:51:39","date_gmt":"2025-03-13T09:51:39","guid":{"rendered":"https:\/\/laiga194.it\/?page_id=3375"},"modified":"2026-01-17T23:35:02","modified_gmt":"2026-01-17T22:35:02","slug":"nastere-anonima","status":"publish","type":"page","link":"https:\/\/laiga194.it\/ro\/nastere-anonima\/","title":{"rendered":"NA\u0218TERE ANONIM\u0102"},"content":{"rendered":"<div class=\"flex_column av_three_fourth  flex_column_div av-zero-column-padding first  avia-builder-el-0  el_before_av_one_fifth  avia-builder-el-first  \" style='border-radius:0px; '><p><section class=\"av_textblock_section \"  itemscope=\"itemscope\" itemtype=\"https:\/\/schema.org\/CreativeWork\" ><div class='avia_textblock  av_inherit_color '  style='font-size:30px; color:#a32790; '  itemprop=\"text\" ><p><strong>NA\u0218TERE ANONIM\u0102<\/strong><\/p>\n<\/div><\/section><br \/>\n<section class=\"av_textblock_section \"  itemscope=\"itemscope\" itemtype=\"https:\/\/schema.org\/CreativeWork\" ><div class='avia_textblock  '   itemprop=\"text\" ><p data-start=\"161\" data-end=\"298\">Dac\u0103 ai decis c\u0103 nu dore\u0219ti s\u0103 devii p\u0103rinte, dar nu vrei sau nu ai putut face avort, ai op\u021biunea na\u0219terii anonime. Cu aceast\u0103 solu\u021bie:<\/p>\n<ul data-start=\"300\" data-end=\"688\">\n<li data-start=\"300\" data-end=\"413\">\n<p data-start=\"302\" data-end=\"413\">\u00centreab\u0103-te dac\u0103 te sim\u021bi preg\u0103tit\u00b7\u0103 psihic \u0219i fizic s\u0103 treci prin experien\u021ba unei sarcini \u0219i a unui na\u0219teri;<\/p>\n<\/li>\n<li data-start=\"414\" data-end=\"688\">\n<p data-start=\"416\" data-end=\"688\">Nu refuza asisten\u021ba medical\u0103; ia \u00een considerare s\u0103 apelezi la Sistemul de S\u0103n\u0103tate sau la personal medical experimentat \u00een na\u0219terea asistat\u0103 la domiciliu, care poate face \u201edeclara\u021bia de na\u0219tere\u201d \u00een locul t\u0103u, pentru a proteja pe deplin at\u00e2t pe tine, c\u00e2t \u0219i nou-n\u0103scut\u00b7a.<\/p>\n<\/li>\n<\/ul>\n<p data-start=\"690\" data-end=\"946\">Recomand\u0103m persoanelor care urmeaz\u0103 s\u0103 nasc\u0103 s\u0103 se prezinte la spital \/ centru de na\u0219tere sau, alternativ, s\u0103 g\u0103seasc\u0103 personal medical competent pentru na\u0219terea acas\u0103 \u0219i s\u0103 le comunice aceast\u0103 dorin\u021b\u0103. <a href=\"https:\/\/laiga194.it\/contatti\/\">Contacteaz\u0103-ne<\/a> dac\u0103 vrei s\u0103 discu\u021bi despre aceasta.<\/p>\n<\/div><\/section><br \/>\n<section class=\"av_textblock_section \"  itemscope=\"itemscope\" itemtype=\"https:\/\/schema.org\/CreativeWork\" ><div class='avia_textblock  '   itemprop=\"text\" ><h2>CUM FUNC\u021aIONEAZ\u0102 NA\u0218TEREA ANONIM\u0102<\/h2>\n<p data-start=\"992\" data-end=\"1201\">Odat\u0103 ce sarcina este confirmat\u0103, se accept\u0103 s\u0103 fie dus\u0103 la termen f\u0103r\u0103 recunoa\u0219tere dup\u0103 na\u0219tere \u0219i se las\u0103 astfel spitalul s\u0103 se ocupe de nou-n\u0103scut\u00b7a, cu ajutorul m\u00e2inilor sigure ale personalului medical.<\/p>\n<p data-start=\"1203\" data-end=\"1504\">Norma care reglementeaz\u0103 na\u0219terea anonim\u0103 este <strong data-start=\"1250\" data-end=\"1327\">Decretul Pre\u0219edintelui Republicii DPR 396\/2000, articolul 30, alineatul 2<\/strong>, conform c\u0103ruia numele persoanei care a n\u0103scut r\u0103m\u00e2ne secret pentru totdeauna, iar \u00een certificatul de na\u0219tere se scrie \u201en\u0103scut\u00b7\u0103 de o persoan\u0103 care nu dore\u0219te s\u0103 fie numit\u0103\u201d.<\/p>\n<p data-start=\"1506\" data-end=\"1564\">Legea privind na\u0219terea anonim\u0103 se aplic\u0103 \u0219i persoanelor:<\/p>\n<ul data-start=\"1566\" data-end=\"1673\">\n<li data-start=\"1566\" data-end=\"1592\">\n<p data-start=\"1568\" data-end=\"1592\">nerezidente \u00een Italia;<\/p>\n<\/li>\n<li data-start=\"1593\" data-end=\"1619\">\n<p data-start=\"1595\" data-end=\"1619\">f\u0103r\u0103 permis de \u0219edere;<\/p>\n<\/li>\n<li data-start=\"1620\" data-end=\"1646\">\n<p data-start=\"1622\" data-end=\"1646\">f\u0103r\u0103 medic de familie;<\/p>\n<\/li>\n<li data-start=\"1647\" data-end=\"1673\">\n<p data-start=\"1649\" data-end=\"1673\">f\u0103r\u0103 card de s\u0103n\u0103tate.<\/p>\n<\/li>\n<\/ul>\n<p data-start=\"1675\" data-end=\"2095\">Aceasta \u00eenseamn\u0103 c\u0103 spitalul \u0219i personalul medical care se ocup\u0103 de tine au obliga\u021bia legal\u0103 de a-\u021bi proteja dreptul la anonimat (pentru totdeauna), \u00een timp ce statul are obliga\u021bia de a asigura c\u0103 nou-n\u0103scut\u00b7a este \u00eencredin\u021bat\u00b7\u0103 unei familii adecvate. Sute de persoane aleg na\u0219terea anonim\u0103 \u00een fiecare an, dar acestea r\u0103m\u00e2n doar date statistice: nu vei g\u0103si pove\u0219tile lor \u00een media, pentru a proteja confiden\u021bialitatea.<\/p>\n<div class=\"ContentCardEmbedWrapper-kULtsE iGAJsG content-card-embed content-card-embed--stacked\" data-testid=\"ContentCardEmbedWrapper\" data-event-boundary=\"click\" data-event-click=\"{\" data-in-view=\"{\" data-include-experiments=\"true\">\n<div class=\"ContentCardEmbedImage-iwqgVw jlIubp content-card-embed__image\" data-testid=\"ContentCardEmbedImage\"><\/div>\n<\/div>\n<\/div><\/section><br \/>\n<div  class='avia-image-container  av-styling-    avia-builder-el-4  el_after_av_textblock  el_before_av_textblock  avia-align-center '  itemprop=\"image\" itemscope=\"itemscope\" itemtype=\"https:\/\/schema.org\/ImageObject\"  ><div class='avia-image-container-inner'><div class='avia-image-overlay-wrap'><img decoding=\"async\" class='wp-image-3374 avia-img-lazy-loading-not-3374 avia_image' src=\"https:\/\/laiga194.it\/wp-content\/uploads\/2025\/03\/Donna-incinta-parto-anonimato.jpg-1500x430.jpg\" alt='Una donna incinta tocca la pancia' title='Donna incinta parto anonimato.jpg' height=\"430\" width=\"1500\"  itemprop=\"thumbnailUrl\"  \/><\/div><\/div><\/div><br \/>\n<section class=\"av_textblock_section \"  itemscope=\"itemscope\" itemtype=\"https:\/\/schema.org\/CreativeWork\" ><div class='avia_textblock  '   itemprop=\"text\" ><p data-start=\"2102\" data-end=\"2301\"><strong data-start=\"2102\" data-end=\"2117\">Reamintire:<\/strong> nou-n\u0103scut\u00b7a este o persoan\u0103 recunoscut\u0103 de legea italian\u0103, cu drepturi inviolabile, cum ar fi dreptul la via\u021b\u0103, la identificare, la nume, la educa\u021bie \u0219i la cre\u0219tere \u00eentr-o familie.<\/p>\n<p data-start=\"2303\" data-end=\"2727\">De asemenea, \u00een cadrul SSN (Sistemului Na\u021bional de S\u0103n\u0103tate) exist\u0103 servicii precum sprijin psihologic \u0219i consiliere informativ\u0103, pentru ca persoana \u00eens\u0103rcinat\u0103 s\u0103 nu se simt\u0103 singur\u0103. \u00cen caz de incertitudine, se poate solicita Tribunalului pentru Minori un termen suplimentar de reflec\u021bie \u00eenainte ca nou-n\u0103scut\u00b7a s\u0103 fie inclus\u00b7\u0103 \u00een programul de adop\u021bie. Durata maxim\u0103 este de 2 luni, \u00een interesul s\u0103n\u0103t\u0103\u021bii nou-n\u0103scut\u00b7ei.<\/p>\n<div class=\"ContentCardEmbedWrapper-kULtsE iGAJsG content-card-embed content-card-embed--stacked\" data-testid=\"ContentCardEmbedWrapper\" data-event-boundary=\"click\" data-event-click=\"{\" data-in-view=\"{\" data-include-experiments=\"true\">\n<div class=\"ContentCardEmbedImage-iwqgVw jlIubp content-card-embed__image\" data-testid=\"ContentCardEmbedImage\"><\/div>\n<\/div>\n<\/div><\/section><br \/>\n<div  style='padding-bottom:10px; ' class='av-special-heading av-special-heading-h3    avia-builder-el-6  el_after_av_textblock  el_before_av_textblock  '><h3 class='av-special-heading-tag '  itemprop=\"headline\"  >Dac\u0103 persoana \u00eens\u0103rcinat\u0103 are mai pu\u021bin de 16 ani<\/h3><div class='special-heading-border'><div class='special-heading-inner-border' ><\/div><\/div><\/div><br \/>\n<section class=\"av_textblock_section \"  itemscope=\"itemscope\" itemtype=\"https:\/\/schema.org\/CreativeWork\" ><div class='avia_textblock  '   itemprop=\"text\" ><p>Statul ofer\u0103 sprijin p\u00e2n\u0103 la \u00eemplinirea v\u00e2rstei de 16 ani, c\u00e2nd se va putea decide dac\u0103 se ini\u021biaz\u0103 procedura de adoptabilitate sau se va cre\u0219te nou-n\u0103scut\u00b7a. \u00cen aceast\u0103 perioad\u0103, este important s\u0103 se men\u021bin\u0103 contactul \u00eentre persoana care a n\u0103scut \u0219i nou-n\u0103scut\u00b7a, care este \u00eengrijit\u00b7\u0103 corespunz\u0103tor.<\/p>\n<\/div><\/section><br \/>\n<div  style='height:35px' class='hr hr-invisible   avia-builder-el-8  el_after_av_textblock  el_before_av_textblock '><span class='hr-inner ' ><span class='hr-inner-style'><\/span><\/span><\/div><br \/>\n<section class=\"av_textblock_section \"  itemscope=\"itemscope\" itemtype=\"https:\/\/schema.org\/CreativeWork\" ><div class='avia_textblock  '   itemprop=\"text\" ><h2>De ce na\u0219terea anonim\u0103 este preferabil\u0103 \u00een locul \u201ero\u021bilor expu\u0219ilor\u201d \u0219i al \u201ep\u0103tu\u021burilor pentru via\u021b\u0103\u201d\/\u201cculle per la vita\u201d<\/h2>\n<p>\u201eRo\u021bile expu\u0219ilor\u201d \u0219i \u201ep\u0103tu\u021burile pentru via\u021b\u0103\u201d sunt containere termice instalate \u00een biserici, sedii ale asocia\u021biilor religioase, dar \u0219i \u00een spitale. Uneori, zona este supravegheat\u0103 video. Aceasta este o tradi\u021bie a culturii italiene, administrat\u0103 anterior de comunit\u0103\u021bile religioase, permi\u021b\u00e2nd \u00eencredin\u021barea nou-n\u0103scut\u00b7ei dup\u0103 na\u0219terea la domiciliu \u00een confiden\u021bialitate. Ast\u0103zi, exist\u0103 c\u00e2teva considerente importante.<\/p>\n<\/div><\/section><br \/>\n<section class=\"av_textblock_section \"  itemscope=\"itemscope\" itemtype=\"https:\/\/schema.org\/CreativeWork\" ><div class='avia_textblock  '   itemprop=\"text\" ><h4>1) <strong data-start=\"3628\" data-end=\"3668\">Probleme de protec\u021bie a s\u0103n\u0103t\u0103\u021bii <\/strong><\/h4>\n<p>Na\u0219terea implic\u0103 riscuri pentru s\u0103n\u0103tate.\u00a0Dac\u0103 se alege na\u0219terea acas\u0103, este esen\u021bial s\u0103 existe personal format \u0219i competent, capabil s\u0103 gestioneze situa\u021bia \u00een siguran\u021b\u0103 \u0219i s\u0103 transporte rapid persoana care na\u0219te \u0219i nou-n\u0103scut\u00b7a la urgen\u021be \u00een caz de pericol. Adesea, cei care folosesc p\u0103tu\u021burile termice nasc acas\u0103 f\u0103r\u0103 asisten\u021b\u0103 calificat\u0103.<\/p>\n<p data-start=\"4016\" data-end=\"4422\">Din p\u0103cate, \u0219tirile arat\u0103 uneori epilogi tragici. Na\u0219terea \u00een siguran\u021b\u0103 acas\u0103 este posibil\u0103, dar f\u0103r\u0103 acompaniere calificat\u0103, reprezint\u0103 un risc at\u00e2t pentru persoana care na\u0219te, c\u00e2t \u0219i pentru nou-n\u0103scut\u00b7a. \u00cen octombrie 2024, ziarele au publicat numele, prenumele, ora\u0219ul de re\u0219edin\u021b\u0103 \u0219i v\u00e2rsta unei persoane anchetate pentru omucidere dup\u0103 ce nou-n\u0103scut\u00b7a nu a supravie\u021buit unei na\u0219teri neasistate acas\u0103.<\/p>\n<h4 data-start=\"4424\" data-end=\"4745\">2) Probleme de protec\u021bie a vie\u021bii private<\/h4>\n<p data-start=\"4424\" data-end=\"4745\">Din anii \u201990, aceste \u201ep\u0103tu\u021buri\u201d au fost folosite arbitrar de asocia\u021bii anti-avort, uneori f\u0103r\u0103 sprijinul personalului medical. Utilizarea lor a devenit un instrument mediatic \u0219i de marketing, contrar protec\u021biei vie\u021bii private a nou-n\u0103scut\u00b7ei \u0219i a persoanei care a n\u0103scut.<\/p>\n<p data-start=\"4747\" data-end=\"4757\">Exemple:<\/p>\n<ul data-start=\"4759\" data-end=\"5418\">\n<li data-start=\"4759\" data-end=\"5149\">\n<p data-start=\"4761\" data-end=\"5149\">2023: Enea, \u00eencredin\u021bat p\u0103tu\u021bului pentru via\u021b\u0103 de la Policlinico din Milano \u00een ziua Pa\u0219telui, cu un bilet scris de persoana care a n\u0103scut. Comunicat de pres\u0103 \u0219i difuzarea biletului la TV, \u00een ziare \u0219i online. S-au f\u0103cut apeluri c\u0103tre persoana care a n\u0103scut pentru a-\u0219i schimba decizia. Pentru a-i proteja via\u021ba privat\u0103, Enea a fost adoptat doar dup\u0103 schimbarea numelui \u0219i datei na\u0219terii.<\/p>\n<\/li>\n<li data-start=\"5150\" data-end=\"5418\">\n<p data-start=\"5152\" data-end=\"5418\">2023: Noemi, \u00eencredin\u021bat\u0103 p\u0103tu\u021bului pentru via\u021b\u0103 din Brescia \u0219i g\u0103sit\u0103 de CRI. Povestea ei a ap\u0103rut \u00een toate ziarele, cu informa\u021bii despre tr\u0103s\u0103turile fizice \u0219i hainele purtate. \u00cen unele cazuri, \u00eenregistr\u0103ri video au ar\u0103tat persoana depun\u00e2nd nou-n\u0103scut\u00b7a \u00een p\u0103tu\u021b.<\/p>\n<\/li>\n<\/ul>\n<p data-start=\"5420\" data-end=\"5646\">Na\u0219terea anonim\u0103, \u00een schimb, nu face obiectul unor comunicate de pres\u0103, pentru c\u0103 nu este un eveniment de publicitate. Spitalul care prime\u0219te persoana \u00eens\u0103rcinat\u0103 \u0219i nou-n\u0103scut\u00b7a are obliga\u021bia legal\u0103 de a garanta anonimatul.<\/p>\n<h4 data-start=\"5648\" data-end=\"5858\">3) Nou-n\u0103scut\u00b7a decedat\u00b7\u0103 \u00een p\u0103tu\u021b termic: s-a \u00eent\u00e2mplat<\/h4>\n<p data-start=\"5648\" data-end=\"5858\">Toate p\u0103tu\u021burile termice moderne sunt electronice, echipate cu senzori care men\u021bin nou-n\u0103scut\u00b7a cald\u00b7\u0103 \u0219i trimit alert\u0103 personalului responsabil.<\/p>\n<p data-start=\"5860\" data-end=\"6046\">\u00cen spitale, controlul este asigurat 24h\/24, garant\u00e2nd interven\u021bia imediat\u0103 a personalului medical. Totu\u0219i, exist\u0103 zeci de p\u0103tu\u021buri complet deconectate de Sistemul Na\u021bional de S\u0103n\u0103tate.<\/p>\n<ul data-start=\"6048\" data-end=\"6422\">\n<li data-start=\"6048\" data-end=\"6422\">\n<p data-start=\"6050\" data-end=\"6422\">2025: un nou-n\u0103scut a fost g\u0103sit mort de hipotermie \u00een p\u0103tu\u021bul termic al bisericii San Giovanni Battista, cartierul Poggiofranco, Bari. Cl\u0103direa nu este aproape de un spital, p\u0103tu\u021bul nu este conectat la Policlinico. Ceva a mers prost \u0219i o via\u021b\u0103 s-a pierdut, duc\u00e2nd la deschiderea unei anchete pentru omucidere involuntar\u0103. Persoana care a n\u0103scut este printre anchetat\u00b7e.<\/p>\n<\/li>\n<\/ul>\n<div class=\"ContentCardEmbedWrapper-kULtsE iGAJsG content-card-embed content-card-embed--stacked\" data-testid=\"ContentCardEmbedWrapper\" data-event-boundary=\"click\" data-event-click=\"{\" data-in-view=\"{\" data-include-experiments=\"true\">\n<div class=\"ContentCardEmbedImage-iwqgVw jlIubp content-card-embed__image\" data-testid=\"ContentCardEmbedImage\"><\/div>\n<\/div>\n<\/div><\/section><\/p><\/div><div class=\"flex_column av_one_fifth  flex_column_div av-zero-column-padding   avia-builder-el-11  el_after_av_three_fourth  el_before_av_three_fourth  \" style='border-radius:0px; '><p><div  class='avia-image-container avia_animated_image avia_animate_when_almost_visible pop-up av-styling-    avia-builder-el-12  el_before_av_sidebar  avia-builder-el-first  incentro avia-align-center '  itemprop=\"image\" itemscope=\"itemscope\" itemtype=\"https:\/\/schema.org\/ImageObject\"  ><div class='avia-image-container-inner'><div class='avia-image-overlay-wrap'><img decoding=\"async\" class='wp-image-0 avia-img-lazy-loading-not-0 avia_image' src=\"http:\/\/inzuwebdesigndue.altervista.org\/wp-content\/uploads\/2020\/03\/vf.png\" alt='' title=''   itemprop=\"thumbnailUrl\"  \/><\/div><\/div><\/div><br \/>\n<div  class='avia-builder-widget-area clearfix  avia-builder-el-13  el_after_av_image  avia-builder-el-last '><div id=\"nav_menu-2\" class=\"widget clearfix widget_nav_menu\"><h3 class=\"widgettitle\">pentru to\u021bi<\/h3><div class=\"menu-pentru-toti-rumeno-container\"><ul id=\"menu-pentru-toti-rumeno\" class=\"menu\"><li id=\"menu-item-3324\" class=\"menu-item menu-item-type-post_type menu-item-object-page menu-item-3324\"><a href=\"https:\/\/laiga194.it\/ro\/starea-sarcinii\/\">UNDE SE AFL\u0102?<\/a><\/li>\n<li id=\"menu-item-3385\" class=\"menu-item menu-item-type-post_type menu-item-object-page menu-item-3385\"><a href=\"https:\/\/laiga194.it\/ro\/nastere-anonima\/\">NA\u0218TERE ANONIM\u0102<\/a><\/li>\n<li id=\"menu-item-3528\" class=\"menu-item menu-item-type-post_type menu-item-object-page menu-item-3528\"><a href=\"https:\/\/laiga194.it\/ro\/tipuri-de-avort\/\">TIPURI DE AVORT<\/a><\/li>\n<\/ul><\/div><\/div><\/div><\/p><\/div><\/p>\n<div class=\"flex_column av_three_fourth  flex_column_div av-zero-column-padding first  avia-builder-el-14  el_after_av_one_fifth  el_before_av_one_fifth  column-top-margin\" style='border-radius:0px; '><\/div>\n<div class=\"flex_column av_one_fifth  flex_column_div av-zero-column-padding   avia-builder-el-15  el_after_av_three_fourth  avia-builder-el-last  column-top-margin\" style='border-radius:0px; '><\/div>\n","protected":false},"excerpt":{"rendered":"","protected":false},"author":4,"featured_media":3374,"parent":0,"menu_order":0,"comment_status":"closed","ping_status":"closed","template":"","meta":{"footnotes":""},"class_list":["post-3375","page","type-page","status-publish","has-post-thumbnail","hentry"],"aioseo_notices":[],"_links":{"self":[{"href":"https:\/\/laiga194.it\/ro\/wp-json\/wp\/v2\/pages\/3375","targetHints":{"allow":["GET"]}}],"collection":[{"href":"https:\/\/laiga194.it\/ro\/wp-json\/wp\/v2\/pages"}],"about":[{"href":"https:\/\/laiga194.it\/ro\/wp-json\/wp\/v2\/types\/page"}],"author":[{"embeddable":true,"href":"https:\/\/laiga194.it\/ro\/wp-json\/wp\/v2\/users\/4"}],"replies":[{"embeddable":true,"href":"https:\/\/laiga194.it\/ro\/wp-json\/wp\/v2\/comments?post=3375"}],"version-history":[{"count":4,"href":"https:\/\/laiga194.it\/ro\/wp-json\/wp\/v2\/pages\/3375\/revisions"}],"predecessor-version":[{"id":3380,"href":"https:\/\/laiga194.it\/ro\/wp-json\/wp\/v2\/pages\/3375\/revisions\/3380"}],"wp:featuredmedia":[{"embeddable":true,"href":"https:\/\/laiga194.it\/ro\/wp-json\/wp\/v2\/media\/3374"}],"wp:attachment":[{"href":"https:\/\/laiga194.it\/ro\/wp-json\/wp\/v2\/media?parent=3375"}],"curies":[{"name":"wp","href":"https:\/\/api.w.org\/{rel}","templated":true}]}}