{"id":3283,"date":"2020-02-19T01:03:54","date_gmt":"2020-02-19T00:03:54","guid":{"rendered":"https:\/\/laiga194.it\/?page_id=3283"},"modified":"2026-04-09T10:07:39","modified_gmt":"2026-04-09T08:07:39","slug":"home-ro","status":"publish","type":"page","link":"https:\/\/laiga194.it\/ro\/home-ro\/","title":{"rendered":"HOME"},"content":{"rendered":"<\/p>\n<div  style='height:10px' class='hr hr-invisible   avia-builder-el-0  el_before_av_textblock  avia-builder-el-first '><span class='hr-inner ' ><span class='hr-inner-style'><\/span><\/span><\/div>\n<section class=\"av_textblock_section \"  itemscope=\"itemscope\" itemtype=\"https:\/\/schema.org\/CreativeWork\" ><div class='avia_textblock  '   itemprop=\"text\" ><h5 class=\"fer\" style=\"text-align: center;\">ASOCIA\u021aIA ITALIAN\u0102 LIBER\u0102 A PROFESIONI\u0218TILOR \u00ceN GINECOLOGIE<br \/>\nPENTRU APLICAREA LEGII 194<\/h5>\n<h1 class=\"slogan\" style=\"text-align: center;\">&#8222;AVORT LIBER, LIBER ARBITRU&#8221;<\/h1>\n<p style=\"text-align: center;\">VERSIUNE \u00ceN LIMBA ROMAN\u0102 \u00ceN CURS DE ELABORARE<\/p>\n<p style=\"text-align: center;\">\n<\/div><\/section>\n<div  style='height:40px' class='hr hr-invisible   avia-builder-el-2  el_after_av_textblock  el_before_av_one_half '><span class='hr-inner ' ><span class='hr-inner-style'><\/span><\/span><\/div>\n<div class=\"flex_column av_one_half  flex_column_div av-zero-column-padding first  avia-builder-el-3  el_after_av_hr  el_before_av_one_half  colle \" style='border-radius:0px; '><p><div  class='avia-builder-widget-area clearfix  avia-builder-el-4  el_before_av_icon_box  avia-builder-el-first '><section id=\"block-8\" class=\"widget clearfix widget_block widget_search\"><form role=\"search\" method=\"get\" action=\"https:\/\/laiga194.it\/ro\/\" class=\"wp-block-search__button-outside wp-block-search__text-button wp-block-search\"    ><label class=\"wp-block-search__label\" for=\"wp-block-search__input-1\" >Cerca<\/label><div class=\"wp-block-search__inside-wrapper\" ><input class=\"wp-block-search__input\" id=\"wp-block-search__input-1\" placeholder=\"\" value=\"\" type=\"search\" name=\"s\" required \/><button aria-label=\"\ud83d\udd0d\ufe0e\" class=\"wp-block-search__button wp-element-button\" type=\"submit\" >\ud83d\udd0d\ufe0e<\/button><\/div><\/form><span class=\"seperator extralight-border\"><\/span><\/section><\/div><br \/>\n<article  class=\"iconbox iconbox_left    avia-builder-el-5  el_after_av_sidebar  el_before_av_blog  \"  itemscope=\"itemscope\" itemtype=\"https:\/\/schema.org\/CreativeWork\" ><div class=\"iconbox_content\"><header class=\"entry-content-header\"><div class=\"iconbox_icon heading-color\" aria-hidden='true' data-av_icon='\ue84d' data-av_iconfont='entypo-fontello'  ><\/div><h3 class='iconbox_content_title  '  itemprop=\"headline\"  >\u015eTIRI<\/h3><\/header><div class='iconbox_content_container  '  itemprop=\"text\"  ><\/div><\/div><footer class=\"entry-footer\"><\/footer><\/article><br \/>\n<br \/>\n<div  style='color:#111111;border-color:#4fae4f;' class='av_promobox  avia-button-yes   avia-builder-el-7  el_after_av_blog  el_before_av_hr '><div class='avia-promocontent'><p>\n<strong>Na\u0219tere anonim\u0103:<\/strong> Op\u021biunea pentru persoanele care se confrunt\u0103 cu o sarcin\u0103 nea\u0219teptat\u0103 \u0219i care nu doresc (sau nu pot) s\u0103 devin\u0103 p\u0103rinte \u0219i nici s\u0103 fac\u0103 avort.<\/p>\n<\/div><div  class='avia-button-wrap avia-button-right ' ><a href='https:\/\/laiga194.it\/ro\/nastere-anonima\/'  class='avia-button  avia-color-theme-color   avia-icon_select-no avia-size-medium avia-position-right '   ><span class='avia_iconbox_title' >Afl\u0103 mai multe<\/span><\/a><\/div><\/div><br \/>\n<div  style='height:30px' class='hr hr-invisible   avia-builder-el-8  el_after_av_promobox  avia-builder-el-last '><span class='hr-inner ' ><span class='hr-inner-style'><\/span><\/span><\/div><\/p><\/div><div class=\"flex_column av_one_half  flex_column_div av-zero-column-padding   avia-builder-el-9  el_after_av_one_half  el_before_av_hr  colle \" style='border-radius:0px; '><p><article  class=\"iconbox iconbox_left    avia-builder-el-10  el_before_av_textblock  avia-builder-el-first  \"  itemscope=\"itemscope\" itemtype=\"https:\/\/schema.org\/CreativeWork\" ><div class=\"iconbox_content\"><header class=\"entry-content-header\"><div class=\"iconbox_icon heading-color\" aria-hidden='true' data-av_icon='\ue811' data-av_iconfont='entypo-fontello'  ><\/div><h3 class='iconbox_content_title  '  itemprop=\"headline\"  >UTILE<\/h3><\/header><div class='iconbox_content_container  '  itemprop=\"text\"  ><\/div><\/div><footer class=\"entry-footer\"><\/footer><\/article><br \/>\n<section class=\"av_textblock_section \"  itemscope=\"itemscope\" itemtype=\"https:\/\/schema.org\/CreativeWork\" ><div class='avia_textblock  '   itemprop=\"text\" ><p><a href=\"https:\/\/laiga194.it\/contraccezione\/\"><img loading=\"lazy\" decoding=\"async\" class=\"iconcine2 alignleft wp-image-737\" src=\"http:\/\/laiga194.it\/wp-content\/uploads\/2020\/03\/af4.png\" alt=\"\" width=\"170\" height=\"170\" srcset=\"https:\/\/laiga194.it\/wp-content\/uploads\/2020\/03\/af4.png 404w, https:\/\/laiga194.it\/wp-content\/uploads\/2020\/03\/af4-300x300.png 300w, https:\/\/laiga194.it\/wp-content\/uploads\/2020\/03\/af4-80x80.png 80w, https:\/\/laiga194.it\/wp-content\/uploads\/2020\/03\/af4-36x36.png 36w, https:\/\/laiga194.it\/wp-content\/uploads\/2020\/03\/af4-180x180.png 180w\" sizes=\"auto, (max-width: 170px) 100vw, 170px\" \/><\/a><\/p>\n<h3><strong><a href=\"https:\/\/laiga194.it\/contraccezione\/\">CONTRACEP\u021aIE<\/a><\/strong><\/h3>\n<p>Nu exist\u0103 o metod\u0103 contraceptiv\u0103 infailibil\u0103, \u00eens\u0103 este important s\u0103 te <strong>protejezi<\/strong> \u00eempotriva <strong>sarcinilor nedorite<\/strong> \u0219i a <strong>infec\u021biilor<\/strong> cu transmitere sexual\u0103 (ITS).<br data-start=\"690\" data-end=\"693\" \/>Aici g\u0103se\u0219ti o prezentare detaliat\u0103 a <strong>metodelor contraceptive<\/strong>. Sunt analizate \u0219i metodele contraceptive ireversibile, masculine \u0219i feminine.<\/p>\n<\/div><\/section><br \/>\n<div  style='height:10px' class='hr hr-invisible   avia-builder-el-12  el_after_av_textblock  el_before_av_textblock '><span class='hr-inner ' ><span class='hr-inner-style'><\/span><\/span><\/div><br \/>\n<section class=\"av_textblock_section \"  itemscope=\"itemscope\" itemtype=\"https:\/\/schema.org\/CreativeWork\" ><div class='avia_textblock  '   itemprop=\"text\" ><p><a href=\"https:\/\/laiga194.it\/ro\/starea-sarcinii\/\"><img loading=\"lazy\" decoding=\"async\" class=\"iconcine2 alignleft wp-image-732\" src=\"http:\/\/laiga194.it\/wp-content\/uploads\/2020\/03\/data2.jpg\" alt=\"\" width=\"170\" height=\"170\" srcset=\"https:\/\/laiga194.it\/wp-content\/uploads\/2020\/03\/data2.jpg 399w, https:\/\/laiga194.it\/wp-content\/uploads\/2020\/03\/data2-300x300.jpg 300w, https:\/\/laiga194.it\/wp-content\/uploads\/2020\/03\/data2-80x80.jpg 80w, https:\/\/laiga194.it\/wp-content\/uploads\/2020\/03\/data2-36x36.jpg 36w, https:\/\/laiga194.it\/wp-content\/uploads\/2020\/03\/data2-180x180.jpg 180w\" sizes=\"auto, (max-width: 170px) 100vw, 170px\" \/><\/a><\/p>\n<h3><strong><a href=\"https:\/\/laiga194.it\/ro\/starea-sarcinii\/\">UNDE SE AFL\u0102?<\/a><\/strong><\/h3>\n<p>Aceast\u0103 sec\u021biune ajut\u0103 la \u00een\u021belegerea <strong>existen\u021bei unei sarcini<\/strong>, la calcularea <strong>v\u00e2rstei gesta\u021bionale<\/strong> \u0219i la reflec\u021bia asupra unor \u00eentreb\u0103ri care pot sprijini o <strong>decizie informat\u0103<\/strong>.<br data-start=\"1419\" data-end=\"1422\" \/>O alegere liber\u0103 care apar\u021bine persoanei direct implicate \u00een na\u0219tere.<\/p>\n<\/div><\/section><br \/>\n<div  style='height:10px' class='hr hr-invisible   avia-builder-el-14  el_after_av_textblock  el_before_av_textblock '><span class='hr-inner ' ><span class='hr-inner-style'><\/span><\/span><\/div><br \/>\n<section class=\"av_textblock_section \"  itemscope=\"itemscope\" itemtype=\"https:\/\/schema.org\/CreativeWork\" ><div class='avia_textblock  '   itemprop=\"text\" ><p><a href=\"https:\/\/laiga194.it\/ro\/tipuri-de-avort\/\"><img loading=\"lazy\" decoding=\"async\" class=\"iconcine2 alignleft wp-image-736\" src=\"http:\/\/laiga194.it\/wp-content\/uploads\/2020\/03\/vf.png\" alt=\"\" width=\"170\" height=\"170\" srcset=\"https:\/\/laiga194.it\/wp-content\/uploads\/2020\/03\/vf.png 399w, https:\/\/laiga194.it\/wp-content\/uploads\/2020\/03\/vf-300x300.png 300w, https:\/\/laiga194.it\/wp-content\/uploads\/2020\/03\/vf-80x80.png 80w, https:\/\/laiga194.it\/wp-content\/uploads\/2020\/03\/vf-36x36.png 36w, https:\/\/laiga194.it\/wp-content\/uploads\/2020\/03\/vf-180x180.png 180w\" sizes=\"auto, (max-width: 170px) 100vw, 170px\" \/><\/a><\/p>\n<h3><strong><a title=\"TIPURI DE AVORT\" href=\"https:\/\/laiga194.it\/ro\/tipuri-de-avort\/\">AVORT<\/a><\/strong><\/h3>\n<p>Dac\u0103 nu dore\u0219ti s\u0103 na\u0219ti, nici m\u0103car <a href=\"https:\/\/laiga194.it\/ro\/nastere-anonima\/\"><strong>\u00een mod anonim<\/strong><\/a>, \u0219i iei \u00een considerare avortul, \u00eencepe prin a te informa corect cu privire la <strong>procedurile de \u00eentrerupere a sarcinii<\/strong>: o compara\u021bie \u00eentre metoda medicamentoas\u0103 (RU486) \u0219i metoda chirurgical\u0103 (aspira\u021bie uterin\u0103).<\/p>\n<\/div><\/section><br \/>\n<div  style='height:10px' class='hr hr-invisible   avia-builder-el-16  el_after_av_textblock  el_before_av_textblock '><span class='hr-inner ' ><span class='hr-inner-style'><\/span><\/span><\/div><br \/>\n<section class=\"av_textblock_section \"  itemscope=\"itemscope\" itemtype=\"https:\/\/schema.org\/CreativeWork\" ><div class='avia_textblock  '   itemprop=\"text\" ><p><a href=\"https:\/\/laiga194.it\/mappa-ospedali-italiani-ivg-itg\/\"><img loading=\"lazy\" decoding=\"async\" class=\"iconcine2 alignleft wp-image-746\" src=\"http:\/\/laiga194.it\/wp-content\/uploads\/2020\/03\/pin.png\" alt=\"\" width=\"170\" height=\"170\" srcset=\"https:\/\/laiga194.it\/wp-content\/uploads\/2020\/03\/pin.png 399w, https:\/\/laiga194.it\/wp-content\/uploads\/2020\/03\/pin-300x300.png 300w, https:\/\/laiga194.it\/wp-content\/uploads\/2020\/03\/pin-80x80.png 80w, https:\/\/laiga194.it\/wp-content\/uploads\/2020\/03\/pin-36x36.png 36w, https:\/\/laiga194.it\/wp-content\/uploads\/2020\/03\/pin-180x180.png 180w\" sizes=\"auto, (max-width: 170px) 100vw, 170px\" \/><\/a><\/p>\n<h3><a href=\"https:\/\/laiga194.it\/mappa-ospedali-italiani-ivg-itg\/\"><strong>HART\u0102<\/strong><\/a><\/h3>\n<p>LAIGA a ales s\u0103 cartografieze spitalele din Italia care ofer\u0103 <strong>servicii de \u00eentrerupere a sarcinii<\/strong>, pentru a \u00eembun\u0103t\u0103\u021bi accesul la acest serviciu medical. Primim feedback \u0219i informa\u021bii despre loca\u021bii \u0219i structuri lips\u0103. Particip\u0103 la cartografiere!<\/p>\n<\/div><\/section><br \/>\n<div  style='height:10px' class='hr hr-invisible   avia-builder-el-18  el_after_av_textblock  el_before_av_hr '><span class='hr-inner ' ><span class='hr-inner-style'><\/span><\/span><\/div><br \/>\n<div  style='height:50px' class='hr hr-invisible   avia-builder-el-19  el_after_av_hr  el_before_av_icon_box '><span class='hr-inner ' ><span class='hr-inner-style'><\/span><\/span><\/div><br \/>\n<article  class=\"iconbox iconbox_left    avia-builder-el-20  el_after_av_hr  el_before_av_textblock  \"  itemscope=\"itemscope\" itemtype=\"https:\/\/schema.org\/CreativeWork\" ><div class=\"iconbox_content\"><header class=\"entry-content-header\"><div class=\"iconbox_icon heading-color\" aria-hidden='true' data-av_icon='\ue806' data-av_iconfont='entypo-fontello'  ><\/div><h3 class='iconbox_content_title  '  itemprop=\"headline\"  >SUS\u021aINE-NE<\/h3><\/header><div class='iconbox_content_container  '  itemprop=\"text\"  ><\/div><\/div><footer class=\"entry-footer\"><\/footer><\/article><br \/>\n<section class=\"av_textblock_section \"  itemscope=\"itemscope\" itemtype=\"https:\/\/schema.org\/CreativeWork\" ><div class='avia_textblock  '   itemprop=\"text\" ><p><a href=\"https:\/\/laiga194.it\/il-tuo-5-x-1000-a-laiga-odv-2025\/\"><img loading=\"lazy\" decoding=\"async\" class=\"iconcine2 alignleft wp-image-2449 size-square\" src=\"http:\/\/laiga194.it\/wp-content\/uploads\/2024\/06\/5x1000-180x180.jpg\" alt=\"Due mani tengono un cuore verde\" width=\"180\" height=\"180\" srcset=\"https:\/\/laiga194.it\/wp-content\/uploads\/2024\/06\/5x1000-180x180.jpg 180w, https:\/\/laiga194.it\/wp-content\/uploads\/2024\/06\/5x1000-80x80.jpg 80w, https:\/\/laiga194.it\/wp-content\/uploads\/2024\/06\/5x1000-36x36.jpg 36w\" sizes=\"auto, (max-width: 180px) 100vw, 180px\" \/><\/a><\/p>\n<h3><strong><a title=\"Il tuo 5 x 1.000 a L.A.I.G.A. OdV\" href=\"https:\/\/laiga194.it\/il-tuo-5-x-1000-a-laiga-odv-2025\/\">DONEAZ\u0102 F\u0102R\u0102 COSTURI\u00a0<\/a><\/strong><\/h3>\n<p>Dac\u0103 pl\u0103te\u0219ti taxe \u00een Italia, L.A.I.G.A ODV este inclus\u0103 pe lista organiza\u021biilor c\u0103tre care po\u021bi direc\u021biona <strong><em data-start=\"645\" data-end=\"653\">5\u00d71000<\/em><\/strong>. Sus\u021bine-ne: la completarea formularului <strong><em data-start=\"695\" data-end=\"700\">730<\/em><\/strong> sau a <em data-start=\"707\" data-end=\"752\">Declara\u021biei de venit pentru persoane fizice<\/em>, semneaz\u0103 \u0219i introdu Codul nostru Fiscal <strong data-start=\"794\" data-end=\"809\">97643320589<\/strong>. \u00cempreun\u0103 putem ac\u021biona pentru respectarea drepturilor.<\/p>\n<\/div><\/section><br \/>\n<div  style='height:10px' class='hr hr-invisible   avia-builder-el-22  el_after_av_textblock  el_before_av_textblock '><span class='hr-inner ' ><span class='hr-inner-style'><\/span><\/span><\/div><br \/>\n<section class=\"av_textblock_section \"  itemscope=\"itemscope\" itemtype=\"https:\/\/schema.org\/CreativeWork\" ><div class='avia_textblock  '   itemprop=\"text\" ><p><img loading=\"lazy\" decoding=\"async\" class=\"iconcine2 wp-image-2884 size-square alignleft\" src=\"http:\/\/laiga194.it\/wp-content\/uploads\/2025\/04\/Donazioni-180x180.png\" alt=\"salvadanaio\" width=\"180\" height=\"180\" srcset=\"https:\/\/laiga194.it\/wp-content\/uploads\/2025\/04\/Donazioni-180x180.png 180w, https:\/\/laiga194.it\/wp-content\/uploads\/2025\/04\/Donazioni-80x80.png 80w, https:\/\/laiga194.it\/wp-content\/uploads\/2025\/04\/Donazioni-36x36.png 36w\" sizes=\"auto, (max-width: 180px) 100vw, 180px\" \/><\/p>\n<h3><strong>F\u0102 O DONA\u021aIE <\/strong><\/h3>\n<p>Po\u021bi dona prin transfer bancar \u00een contul deschis pe numele <strong data-start=\"546\" data-end=\"560\">L.A.I.G.A.<\/strong><br data-start=\"560\" data-end=\"563\" \/><strong data-start=\"563\" data-end=\"572\">IBAN:<\/strong> IT22 S050 1803 2000 0002 0000 952 \u2013 <em data-start=\"609\" data-end=\"622\">Banca Etica<\/em>,<br data-start=\"623\" data-end=\"626\" \/>sau po\u021bi folosi butonul de mai jos pentru a dona prin <strong data-start=\"680\" data-end=\"690\">PayPal<\/strong> (\u00een acest caz se aplic\u0103 comisioane).<\/p>\n<\/div><\/section><br \/>\n<\/p><\/div><\/p>\n<div  style='height:20px' class='hr hr-invisible   avia-builder-el-25  el_after_av_one_half  avia-builder-el-last '><span class='hr-inner ' ><span class='hr-inner-style'><\/span><\/span><\/div>\n","protected":false},"excerpt":{"rendered":"","protected":false},"author":4,"featured_media":0,"parent":0,"menu_order":0,"comment_status":"closed","ping_status":"closed","template":"","meta":{"footnotes":""},"class_list":["post-3283","page","type-page","status-publish","hentry"],"aioseo_notices":[],"_links":{"self":[{"href":"https:\/\/laiga194.it\/ro\/wp-json\/wp\/v2\/pages\/3283","targetHints":{"allow":["GET"]}}],"collection":[{"href":"https:\/\/laiga194.it\/ro\/wp-json\/wp\/v2\/pages"}],"about":[{"href":"https:\/\/laiga194.it\/ro\/wp-json\/wp\/v2\/types\/page"}],"author":[{"embeddable":true,"href":"https:\/\/laiga194.it\/ro\/wp-json\/wp\/v2\/users\/4"}],"replies":[{"embeddable":true,"href":"https:\/\/laiga194.it\/ro\/wp-json\/wp\/v2\/comments?post=3283"}],"version-history":[{"count":25,"href":"https:\/\/laiga194.it\/ro\/wp-json\/wp\/v2\/pages\/3283\/revisions"}],"predecessor-version":[{"id":4140,"href":"https:\/\/laiga194.it\/ro\/wp-json\/wp\/v2\/pages\/3283\/revisions\/4140"}],"wp:attachment":[{"href":"https:\/\/laiga194.it\/ro\/wp-json\/wp\/v2\/media?parent=3283"}],"curies":[{"name":"wp","href":"https:\/\/api.w.org\/{rel}","templated":true}]}}