{"id":3201,"date":"2020-02-19T01:22:25","date_gmt":"2020-02-19T00:22:25","guid":{"rendered":"https:\/\/laiga194.it\/?page_id=3201"},"modified":"2026-01-17T19:58:02","modified_gmt":"2026-01-17T18:58:02","slug":"starea-sarcinii","status":"publish","type":"page","link":"https:\/\/laiga194.it\/ro\/starea-sarcinii\/","title":{"rendered":"UNDE SE AFL\u0102?"},"content":{"rendered":"<div class=\"flex_column av_four_fifth  flex_column_div av-zero-column-padding first  avia-builder-el-0  el_before_av_one_fifth  avia-builder-el-first  \" style='border-radius:0px; '><p><section class=\"av_textblock_section \"  itemscope=\"itemscope\" itemtype=\"https:\/\/schema.org\/CreativeWork\" ><div class='avia_textblock  '  style='font-size:30px; '  itemprop=\"text\" ><p><strong>UNDE SE AFL\u0102?<\/strong><\/p>\n<\/div><\/section><br \/>\n<div  style='padding-bottom:10px; ' class='av-special-heading av-special-heading-h2  blockquote modern-quote  avia-builder-el-2  el_after_av_textblock  el_before_av_textblock  '><h2 class='av-special-heading-tag '  itemprop=\"headline\"  >Cum \u0219tiu dac\u0103 sunt \u00eens\u0103rcinat\u0103?<\/h2><div class='special-heading-border'><div class='special-heading-inner-border' ><\/div><\/div><\/div><br \/>\n<section class=\"av_textblock_section \"  itemscope=\"itemscope\" itemtype=\"https:\/\/schema.org\/CreativeWork\" ><div class='avia_textblock  '   itemprop=\"text\" ><p><span style=\"font-weight: 400;\">Dac\u0103 crede\u021bi c\u0103 sunte\u021bi \u00eens\u0103rcinat\u0103, primul lucru pe care trebuie s\u0103-l face\u021bi este s\u0103 afla\u021bi dac\u0103 sunte\u021bi \u00eentr-adev\u0103r \u00eens\u0103rcinat\u0103.<\/span><\/p>\n<p><span style=\"font-weight: 400;\">Pentru a confirma starea de sarcin\u0103, pute\u021bi face fie un test de urin\u0103 (care poate fi cump\u0103rat dintr-o farmacie sau duc\u00e2ndu-v\u0103 urina la un centru de testare), fie un test de s\u00e2nge (centru de testare). Ambele se bazeaz\u0103 pe c\u0103utarea hormonului de sarcin\u0103 numit beta Hcg.<\/span><\/p>\n<p><span style=\"font-weight: 400;\">Dac\u0103 crede\u021bi c\u0103 sunte\u021bi \u00eens\u0103rcinat\u0103 sau sunte\u021bi sigur\u0103 de acest lucru datorit\u0103 r\u0103spunsului la test, urm\u0103torul lucru pe care trebuie s\u0103-l face\u021bi este s\u0103 afla\u021bi \u00een ce stadiu al sarcinii v\u0103 afla\u021bi.\u00a0<\/span><\/p>\n<\/div><\/section><br \/>\n<div  style='padding-bottom:10px; ' class='av-special-heading av-special-heading-h2  blockquote modern-quote  avia-builder-el-4  el_after_av_textblock  el_before_av_textblock  '><h2 class='av-special-heading-tag '  itemprop=\"headline\"  >Cum \u0219tiu \u00een c\u00e2te s\u0103pt\u0103m\u00e2ni sunt \u00eens\u0103rcinat\u0103?<\/h2><div class='special-heading-border'><div class='special-heading-inner-border' ><\/div><\/div><\/div><br \/>\n<section class=\"av_textblock_section \"  itemscope=\"itemscope\" itemtype=\"https:\/\/schema.org\/CreativeWork\" ><div class='avia_textblock  '   itemprop=\"text\" ><p><span style=\"font-weight: 400;\">Prin conven\u021bie interna\u021bional\u0103, prima zi a ultimei menstrua\u021bii este considerat\u0103 prima zi de sarcin\u0103. Mai jos po\u021bi introduce c\u00e2teva date despre ciclul t\u0103u menstrual \u0219i \u00ee\u021bi po\u021bi calcula v\u00e2rsta gesta\u021bional\u0103. Avortul voluntar, reglementat de Legea 194\/78, este posibil p\u00e2n\u0103 \u00een ziua 90, adic\u0103 s\u0103pt\u0103m\u00e2na 12 plus \u0219ase zile. Dup\u0103 aceast\u0103 dat\u0103 este posibil s\u0103 merge\u021bi \u00een str\u0103in\u0103tate, \u00eentr-una dintre \u021b\u0103rile care au un termen diferit de cel impus de legea italian\u0103. Pute\u021bi g\u0103si indica\u021biile \u00een sec\u021biunea ABORTIRE \u00ceN 90 DE ZILE &#8211; IVG DUP\u0102 12 S\u0102PT\u0102M\u00c2NI \u00ceN STR\u0102IN\u0102TATE.<\/span><\/p>\n<\/div><\/section><br \/>\n<div  style='padding-bottom:10px; ' class='av-special-heading av-special-heading-h3  blockquote classic-quote classic-quote-left  avia-builder-el-6  el_after_av_textblock  el_before_av_hr  '><h3 class='av-special-heading-tag '  itemprop=\"headline\"  >Instrument pentru calcularea s\u0103pt\u0103m\u00e2nilor de sarcin\u0103<\/h3><div class ='av-subheading av-subheading_below  ' style='font-size:15px;'><p>RIGL\u0102 OBSTETRICAL\u0102<\/p>\n<\/div><div class='special-heading-border'><div class='special-heading-inner-border' ><\/div><\/div><\/div><br \/>\n<div  style='height:50px' class='hr hr-invisible   avia-builder-el-7  el_after_av_heading  el_before_av_codeblock '><span class='hr-inner ' ><span class='hr-inner-style'><\/span><\/span><\/div><br \/>\n<br \/>\n<div  style='height:50px' class='hr hr-invisible   avia-builder-el-9  el_after_av_codeblock  el_before_av_heading '><span class='hr-inner ' ><span class='hr-inner-style'><\/span><\/span><\/div><br \/>\n<div  style='padding-bottom:10px; ' class='av-special-heading av-special-heading-h2  blockquote modern-quote  avia-builder-el-10  el_after_av_hr  el_before_av_textblock  '><h2 class='av-special-heading-tag '  itemprop=\"headline\"  >CE OP\u021aIUNI AM \u00ceN ITALIA?<\/h2><div class='special-heading-border'><div class='special-heading-inner-border' ><\/div><\/div><\/div><br \/>\n<section class=\"av_textblock_section \"  itemscope=\"itemscope\" itemtype=\"https:\/\/schema.org\/CreativeWork\" ><div class='avia_textblock  '   itemprop=\"text\" ><p><span style=\"font-weight: 400;\">Ave\u021bi trei op\u021biuni \u00een fa\u021ba dumneavoastr\u0103:<\/span><\/p>\n<ol>\n<li><span style=\"font-weight: 400;\">S\u0103 continua\u021bi sarcina \u0219i s\u0103 deveni\u021bi p\u0103rinte<\/span><\/li>\n<li><span style=\"font-weight: 400;\">S\u0103 continua\u021bi sarcina \u0219i s\u0103 da\u021bi copilul spre adop\u021bie sau plasament familial<\/span><\/li>\n<li><span style=\"font-weight: 400;\">S\u0103 \u00eentrerupe\u021bi sarcina prin avort, dac\u0103 v\u0103 afla\u021bi \u00een termenul legal pentru a face acest lucru.<\/span><\/li>\n<\/ol>\n<p><span style=\"font-weight: 400;\">Este dificil s\u0103 lua\u021bi o decizie \u0219i este posibil s\u0103 ave\u021bi sentimente contradictorii \u00een leg\u0103tur\u0103 cu sarcina, mai ales c\u00e2nd aceasta se \u00eent\u00e2mpl\u0103 pe nea\u0219teptate. Oricare ar fi sentimentele dumneavoastr\u0103, reac\u021biile pot fi diferite. Pentru a v\u0103 ajuta s\u0103 v\u0103 g\u00e2ndi\u021bi \u00een acest moment, ar putea fi util s\u0103 v\u0103 pune\u021bi c\u00e2teva \u00eentreb\u0103ri ca acestea.<\/span><\/p>\n<\/div><\/section><br \/>\n<div  style='padding-bottom:10px; ' class='av-special-heading av-special-heading-h2  blockquote modern-quote  avia-builder-el-12  el_after_av_textblock  el_before_av_textblock  '><h2 class='av-special-heading-tag '  itemprop=\"headline\"  >Cum s\u0103 decizi ce s\u0103 faci?<\/h2><div class='special-heading-border'><div class='special-heading-inner-border' ><\/div><\/div><\/div><br \/>\n<section class=\"av_textblock_section \"  itemscope=\"itemscope\" itemtype=\"https:\/\/schema.org\/CreativeWork\" ><div class='avia_textblock  '   itemprop=\"text\" ><p>Numai tu po\u021bi lua o decizie, deoarece consecin\u021bele \u00ee\u021bi vor afecta \u00een primul r\u00e2nd viitorul. \u00cencearc\u0103 s\u0103 te \u00eentrebi:<\/p>\n<p><b>Care sunt speran\u021bele \u0219i planurile mele pentru viitor?<\/b><\/p>\n<p><b>Cum m-a\u0219 sim\u021bi \u00een leg\u0103tur\u0103 cu realizarea unor astfel de planuri \u0219i speran\u021be dac\u0103&#8230; ..<\/b><span style=\"font-weight: 400;\"><br \/>\n<\/span><span style=\"font-weight: 400;\">.a\u0219 deveni p\u0103rinte?<\/span><span style=\"font-weight: 400;\"><br \/>\n<\/span><span style=\"font-weight: 400;\"> &#8230;a\u0219 da aceast\u0103 creatur\u0103 spre adop\u021bie?<\/span><span style=\"font-weight: 400;\"><br \/>\n<\/span><span style=\"font-weight: 400;\"> &#8230; Dac\u0103 a\u0219 \u00eentrerupe sarcina?<\/span><\/p>\n<p><b>Care sunt cele dou\u0103 sau trei lucruri care conteaz\u0103 cel mai mult pentru mine \u00een via\u021ba mea?<\/b><b><br \/>\n<\/b><b>Ar trebui s\u0103 pierd sau s\u0103 renun\u021b la ceva dac\u0103&#8230; <\/b><span style=\"font-weight: 400;\"><br \/>\n<\/span><span style=\"font-weight: 400;\">&#8230;a\u0219 deveni p\u0103rinte?<\/span><span style=\"font-weight: 400;\"><br \/>\n<\/span><span style=\"font-weight: 400;\"> &#8230;a\u0219 da aceast\u0103 creatur\u0103 spre adop\u021bie?<\/span><span style=\"font-weight: 400;\"><br \/>\n<\/span><span style=\"font-weight: 400;\"> &#8230; S\u0103 pun cap\u0103t sarcinii?<\/span><\/p>\n<p><b>Care sunt cele dou\u0103 sau trei lucruri pe care sper s\u0103 le realizez \u00een urm\u0103torii cinci-zece ani?<\/b><b><br \/>\n<\/b><b>Ce a\u0219 putea pierde sau la ce a\u0219 putea renun\u021ba \u00een urm\u0103torii cinci-zece ani, dac\u0103&#8230; <\/b><span style=\"font-weight: 400;\"><br \/>\n<\/span><span style=\"font-weight: 400;\">&#8230;devin p\u0103rinte?<\/span><span style=\"font-weight: 400;\"><br \/>\n<\/span><span style=\"font-weight: 400;\">&#8230;dau aceast\u0103 creatur\u0103 spre adop\u021bie?<\/span><span style=\"font-weight: 400;\"><br \/>\n<\/span><span style=\"font-weight: 400;\"> &#8230;\u00centrerup sarcina?<\/span><\/p>\n<p><b>Cum cred c\u0103 ar putea reac\u021biona fa\u021b\u0103 de mine alte persoane care conteaz\u0103 pentru mine (parteneri, membri ai familiei, prieteni) dac\u0103&#8230; ..<\/b><span style=\"font-weight: 400;\"><br \/>\n<\/span><span style=\"font-weight: 400;\">.a\u0219 deveni p\u0103rinte?<\/span><span style=\"font-weight: 400;\"><br \/>\n<\/span><span style=\"font-weight: 400;\"> &#8230;Dau acest copil spre adop\u021bie?<\/span><span style=\"font-weight: 400;\"><br \/>\n<\/span><span style=\"font-weight: 400;\"> &#8230;\u00centrerupeam sarcina?<\/span><\/p>\n<p><b>Av\u00e2nd \u00een vedere valorile \u0219i convingerile mele, cum m-a\u0219 sim\u021bi dac\u0103&#8230; ..<\/b><span style=\"font-weight: 400;\"><br \/>\n<\/span><span style=\"font-weight: 400;\">.a\u0219 deveni p\u0103rinte?<\/span><span style=\"font-weight: 400;\"><br \/>\n<\/span><span style=\"font-weight: 400;\"> &#8230;a\u0219 da acest copil spre adop\u021bie?<\/span><span style=\"font-weight: 400;\"><br \/>\n<\/span><span style=\"font-weight: 400;\"> &#8230;\u00centrerupeam sarcina?<\/span><\/p>\n<p><span style=\"font-weight: 400;\">Sper\u0103m c\u0103 aceste \u00eentreb\u0103ri v\u0103 pot ajuta, dar este mai mult dec\u00e2t legitim s\u0103 ave\u021bi \u00eenc\u0103 sentimente contradictorii. Luarea unei decizii poate fi dificil\u0103 \u0219i \u00eenfrico\u0219\u0103toare. A\u021bi putea \u00eencerca s\u0103 termina\u021bi urm\u0103toarele propozi\u021bii \u0219i s\u0103 vede\u021bi cum v\u0103 sim\u021bi\u021bi.<\/span><\/p>\n<p><b>Ideea de a deveni p\u0103rinte m\u0103 face s\u0103 m\u0103 simt&#8230;.<\/b><b><br \/>\n<\/b><b>(pentru c\u0103&#8230;)<\/b><b><br \/>\n<\/b><b>Ideea de a da creatura spre adop\u021bie m\u0103 face s\u0103 m\u0103 simt&#8230;<\/b><b><br \/>\n<\/b><b>(pentru c\u0103&#8230;)<\/b><b><br \/>\n<\/b><b>Ideea de a face un avort m\u0103 face s\u0103 m\u0103 simt&#8230;<\/b><b><br \/>\n<\/b><b>(pentru c\u0103&#8230;)<\/b><\/p>\n<p><b>\u0218i dac\u0103 tot nu \u0219tiu?<\/b><span style=\"font-weight: 400;\"><br \/>\n<\/span><span style=\"font-weight: 400;\"> Este normal s\u0103 continui s\u0103 ai sentimente contradictorii \u00een leg\u0103tur\u0103 cu fiecare alegere posibil\u0103. Este posibil s\u0103 constata\u021bi c\u0103, indiferent de alegerea pe care o face\u021bi, tot nu o percepe\u021bi ca fiind decizia perfect\u0103.<\/span><\/p>\n<p><b>\u00centreab\u0103-te: <\/b><span style=\"font-weight: 400;\">&#8222;Pot tr\u0103i cu aceste sentimente?&#8221;. Dac\u0103 r\u0103spunsul este &#8222;da&#8221;, atunci sunte\u021bi gata s\u0103 v\u0103 decide\u021bi.<\/span><\/p>\n<\/div><\/section><br \/>\n<div  style='padding-bottom:10px; ' class='av-special-heading av-special-heading-h2  blockquote modern-quote  avia-builder-el-14  el_after_av_textblock  el_before_av_textblock  '><h2 class='av-special-heading-tag '  itemprop=\"headline\"  >Ce este important de \u0219tiut dac\u0103 e\u0219ti nehot\u0103r\u00e2t?<\/h2><div class='special-heading-border'><div class='special-heading-inner-border' ><\/div><\/div><\/div><br \/>\n<section class=\"av_textblock_section \"  itemscope=\"itemscope\" itemtype=\"https:\/\/schema.org\/CreativeWork\" ><div class='avia_textblock  '   itemprop=\"text\" ><p><span style=\"font-weight: 400;\">Dac\u0103 sunte\u021bi \u00eenc\u0103 nesigur\u0103, este posibil s\u0103 ave\u021bi nevoie s\u0103 str\u00e2nge\u021bi mai multe informa\u021bii sau s\u0103 vorbi\u021bi cu cineva \u00een care ave\u021bi \u00eencredere, care nu poate decide \u00een locul dumneavoastr\u0103, dar care v\u0103 poate ajuta s\u0103 decide\u021bi ce este mai bine pentru dumneavoastr\u0103. Aceast\u0103 persoan\u0103 ar putea fi un p\u0103rinte, un alt membru al familiei, partenerul dumneavoastr\u0103 sau o persoan\u0103 de care v\u0103 sim\u021bi\u021bi apropiat. S-ar putea s\u0103 fie nevoie s\u0103 discu\u021bi cu un psiholog pro-alegere, care \u00ee\u021bi va pune bun\u0103starea pe primul loc, f\u0103r\u0103 s\u0103 te fac\u0103 s\u0103 te sim\u021bi judecat\u0103. <\/span><\/p>\n<p><span style=\"font-weight: 400;\">\u00cencerca\u021bi s\u0103 nu v\u0103 ia prea mult timp pentru a lua o decizie. Dac\u0103 decide\u021bi s\u0103 continua\u021bi sarcina, este important s\u0103 \u00eencepe\u021bi imediat s\u0103 fi\u021bi urm\u0103rit\u0103 de o moa\u0219\u0103 \u0219i de un ginecolog pentru a v\u0103 proteja s\u0103n\u0103tatea dumneavoastr\u0103 \u0219i a copilului. Dac\u0103 v\u0103 decide\u021bi s\u0103 face\u021bi un avort, trebuie s\u0103 ac\u021biona\u021bi pentru a v\u0103 \u00eencadra \u00een termenul legal pentru a face acest lucru.<\/span><\/p>\n<p>Re\u021bine\u021bi \u00eentotdeauna urm\u0103toarele:<\/p>\n<ul>\n<li>Colecta\u021bi informa\u021bii medicale doar de la <strong>profesioni\u0219ti<\/strong> din domeniul s\u0103n\u0103t\u0103\u021bii care sus\u021bin dreptul la avort. Nu v\u0103 baza\u021bi pe persoane sau site-uri web cu o <strong>pozi\u021bie ideologic\u0103 anti-avort<\/strong>, deoarece informa\u021biile ar fi false sau p\u0103rtinitoare \u0219i, prin urmare, inutile.<\/li>\n<li><strong>Decizia final\u0103 v\u0103 apar\u021bine doar dumneavoastr\u0103<\/strong>, nu familiei sau partenerului dumneavoastr\u0103. De fapt, unii oameni prefer\u0103 s\u0103 nu vorbeasc\u0103 cu cei dragi p\u00e2n\u0103 c\u00e2nd nu au luat o decizie personal\u0103, de team\u0103 s\u0103 nu fie <strong>influen\u021ba\u021bi<\/strong>.<\/li>\n<\/ul>\n<\/div><\/section><\/p><\/div><div class=\"flex_column av_one_fifth  flex_column_div av-zero-column-padding   avia-builder-el-16  el_after_av_four_fifth  avia-builder-el-last  \" style='border-radius:0px; '><p><div  class='avia-image-container avia_animated_image avia_animate_when_almost_visible pop-up av-styling-    avia-builder-el-17  el_before_av_sidebar  avia-builder-el-first  incentro avia-align-center '  itemprop=\"image\" itemscope=\"itemscope\" itemtype=\"https:\/\/schema.org\/ImageObject\"  ><div class='avia-image-container-inner'><div class='avia-image-overlay-wrap'><img decoding=\"async\" class='wp-image-0 avia-img-lazy-loading-not-0 avia_image' src=\"http:\/\/inzuwebdesigndue.altervista.org\/wp-content\/uploads\/2020\/03\/data2.jpg\" alt='' title=''   itemprop=\"thumbnailUrl\"  \/><\/div><\/div><\/div><br \/>\n<div  class='avia-builder-widget-area clearfix  avia-builder-el-18  el_after_av_image  avia-builder-el-last '><div id=\"nav_menu-2\" class=\"widget clearfix widget_nav_menu\"><h3 class=\"widgettitle\">pentru to\u021bi<\/h3><div class=\"menu-pentru-toti-rumeno-container\"><ul id=\"menu-pentru-toti-rumeno\" class=\"menu\"><li id=\"menu-item-3324\" class=\"menu-item menu-item-type-post_type menu-item-object-page menu-item-3324\"><a href=\"https:\/\/laiga194.it\/ro\/starea-sarcinii\/\">UNDE SE AFL\u0102?<\/a><\/li>\n<li id=\"menu-item-3385\" class=\"menu-item menu-item-type-post_type menu-item-object-page menu-item-3385\"><a href=\"https:\/\/laiga194.it\/ro\/nastere-anonima\/\">NA\u0218TERE ANONIM\u0102<\/a><\/li>\n<li id=\"menu-item-3528\" class=\"menu-item menu-item-type-post_type menu-item-object-page menu-item-3528\"><a href=\"https:\/\/laiga194.it\/ro\/tipuri-de-avort\/\">TIPURI DE AVORT<\/a><\/li>\n<\/ul><\/div><\/div><\/div><\/p><\/div><\/p>\n","protected":false},"excerpt":{"rendered":"","protected":false},"author":4,"featured_media":0,"parent":0,"menu_order":0,"comment_status":"closed","ping_status":"closed","template":"","meta":{"footnotes":""},"class_list":["post-3201","page","type-page","status-publish","hentry"],"aioseo_notices":[],"_links":{"self":[{"href":"https:\/\/laiga194.it\/ro\/wp-json\/wp\/v2\/pages\/3201","targetHints":{"allow":["GET"]}}],"collection":[{"href":"https:\/\/laiga194.it\/ro\/wp-json\/wp\/v2\/pages"}],"about":[{"href":"https:\/\/laiga194.it\/ro\/wp-json\/wp\/v2\/types\/page"}],"author":[{"embeddable":true,"href":"https:\/\/laiga194.it\/ro\/wp-json\/wp\/v2\/users\/4"}],"replies":[{"embeddable":true,"href":"https:\/\/laiga194.it\/ro\/wp-json\/wp\/v2\/comments?post=3201"}],"version-history":[{"count":13,"href":"https:\/\/laiga194.it\/ro\/wp-json\/wp\/v2\/pages\/3201\/revisions"}],"predecessor-version":[{"id":3220,"href":"https:\/\/laiga194.it\/ro\/wp-json\/wp\/v2\/pages\/3201\/revisions\/3220"}],"wp:attachment":[{"href":"https:\/\/laiga194.it\/ro\/wp-json\/wp\/v2\/media?parent=3201"}],"curies":[{"name":"wp","href":"https:\/\/api.w.org\/{rel}","templated":true}]}}