{"id":3447,"date":"2025-03-06T17:26:24","date_gmt":"2025-03-06T16:26:24","guid":{"rendered":"https:\/\/laiga194.it\/?page_id=3447"},"modified":"2026-01-19T16:43:05","modified_gmt":"2026-01-19T15:43:05","slug":"certificat-de-ivg","status":"publish","type":"page","link":"https:\/\/laiga194.it\/fr\/certificat-de-ivg\/","title":{"rendered":"Certificat de IVG"},"content":{"rendered":"<div class=\"flex_column av_four_fifth  flex_column_div first  avia-builder-el-0  el_before_av_one_fifth  avia-builder-el-first  \" style='padding:0px 2px 0px 2px ; border-radius:0px; '><p><div  style='padding-bottom:10px; ' class='av-special-heading av-special-heading-h2    avia-builder-el-1  el_before_av_textblock  avia-builder-el-first  '><h2 class='av-special-heading-tag '  itemprop=\"headline\"  >Pourquoi un certificat d\u2019IVG?<\/h2><div class='special-heading-border'><div class='special-heading-inner-border' ><\/div><\/div><\/div><br \/>\n<section class=\"av_textblock_section \"  itemscope=\"itemscope\" itemtype=\"https:\/\/schema.org\/CreativeWork\" ><div class='avia_textblock  '   itemprop=\"text\" ><p data-start=\"306\" data-end=\"680\">En Italie, le <strong>certificat d\u2019IVG (en italien <em data-start=\"349\" data-end=\"369\">certificato di IVG<\/em>)<\/strong> est un document requis par la loi n\u00b0 194\/1978, qui a d\u00e9p\u00e9nalis\u00e9 l\u2019avortement. Il est d\u00e9crit aux articles 5, 8 et 9 de cette loi. Son r\u00f4le dans le parcours d\u2019Interruption Volontaire de Grossesse (IVG) est de certifier \u00e0 la fois <strong>l\u2019existence d\u2019une grossesse<\/strong> et <strong>la volont\u00e9 de la personne<\/strong> concern\u00e9e d\u2019y mettre fin.<\/p>\n<p data-start=\"682\" data-end=\"1063\">Pour cette raison, le certificat est \u00e9tabli par un\u00b7e professionnel\u00b7le de sant\u00e9 avec la personne qui en a besoin. L\u2019entretien se d\u00e9roule conform\u00e9ment \u00e0 la loi, comme pr\u00e9vu par la loi n\u00b0 194\/1978. Aujourd\u2019hui, il est l\u00e9gal que cet entretien ait lieu \u00e0 distance, comme pour d\u2019autres prestations de sant\u00e9, en vertu du d\u00e9cret du minist\u00e8re de la Sant\u00e9 du 17 d\u00e9cembre 2020 (acte 215\/CSR).<\/p>\n<\/div><\/section><\/p><\/div><div class=\"flex_column av_one_fifth  flex_column_div av-zero-column-padding   avia-builder-el-3  el_after_av_four_fifth  el_before_av_four_fifth  \" style='border-radius:0px; '><p><div  class='avia-image-container  av-styling-    avia-builder-el-4  el_before_av_textblock  avia-builder-el-first  avia-align-center '  itemprop=\"image\" itemscope=\"itemscope\" itemtype=\"https:\/\/schema.org\/ImageObject\"  ><div class='avia-image-container-inner'><div class='avia-image-overlay-wrap'><img decoding=\"async\" class='wp-image-2197 avia-img-lazy-loading-not-2197 avia_image' src=\"https:\/\/laiga194.it\/wp-content\/uploads\/2023\/10\/Manuale-aborto-scelta-senza-ostacoli-300x183.jpg\" alt='Manuale-aborto-scelta-senza-ostacoli' title='Manuale-aborto-scelta-senza-ostacoli' height=\"183\" width=\"300\"  itemprop=\"thumbnailUrl\" srcset=\"https:\/\/laiga194.it\/wp-content\/uploads\/2023\/10\/Manuale-aborto-scelta-senza-ostacoli-300x183.jpg 300w, https:\/\/laiga194.it\/wp-content\/uploads\/2023\/10\/Manuale-aborto-scelta-senza-ostacoli-768x470.jpg 768w, https:\/\/laiga194.it\/wp-content\/uploads\/2023\/10\/Manuale-aborto-scelta-senza-ostacoli-705x431.jpg 705w, https:\/\/laiga194.it\/wp-content\/uploads\/2023\/10\/Manuale-aborto-scelta-senza-ostacoli.jpg 1030w\" sizes=\"(max-width: 300px) 100vw, 300px\" \/><\/div><\/div><\/div><br \/>\n<section class=\"av_textblock_section \"  itemscope=\"itemscope\" itemtype=\"https:\/\/schema.org\/CreativeWork\" ><div class='avia_textblock  '   itemprop=\"text\" ><p><strong data-start=\"1065\" data-end=\"1105\">Manuale-aborto-scelta-senza-ostacoli<\/strong><br data-start=\"1105\" data-end=\"1108\" \/>Guide en italien sur l\u2019avortement en Italie<br data-start=\"1151\" data-end=\"1154\" \/>T\u00e9l\u00e9charger le guide pour une <a href=\"https:\/\/www.ivgsenzama.it\/\" target=\"_blank\" rel=\"noopener\">IVG sans obstacles<\/a><\/p>\n<\/div><\/section><\/p><\/div><div class=\"flex_column av_four_fifth  flex_column_div first  avia-builder-el-6  el_after_av_one_fifth  el_before_av_one_fifth  column-top-margin\" style='padding:0px 2px 0px 2px ; border-radius:0px; '><p><div  style='padding-bottom:10px; ' class='av-special-heading av-special-heading-h2    avia-builder-el-7  el_before_av_textblock  avia-builder-el-first  '><h2 class='av-special-heading-tag '  itemprop=\"headline\"  >D\u00e9lai d\u2019attente de sept jours\u2026 ou non<\/h2><div class='special-heading-border'><div class='special-heading-inner-border' ><\/div><\/div><\/div><br \/>\n<section class=\"av_textblock_section \"  itemscope=\"itemscope\" itemtype=\"https:\/\/schema.org\/CreativeWork\" ><div class='avia_textblock  '   itemprop=\"text\" ><p data-start=\"1251\" data-end=\"1539\">La loi italienne pr\u00e9voit qu\u2019\u00e0 compter de la date de d\u00e9livrance du document attestant une demande d\u2019IVG \u00ab<strong>non urgente<\/strong>\u00bb, un d\u00e9lai d\u2019attente de sept jours doit s\u2019\u00e9couler avant la r\u00e9alisation de l\u2019intervention. Ce d\u00e9lai est cens\u00e9 permettre \u00e0 la personne de r\u00e9fl\u00e9chir davantage \u00e0 sa d\u00e9cision.<\/p>\n<p data-start=\"1541\" data-end=\"1781\">Toutefois, s\u2019il existe des circonstances m\u00e9dicales, psychologiques ou sociales rendant l\u2019attente inappropri\u00e9e, le ou la clinicien\u00b7ne peut d\u00e9livrer un certificat portant la mention \u00ab<strong>urgent<\/strong>\u00bb, supprimant ainsi le d\u00e9lai d\u2019attente obligatoire.<\/p>\n<p data-start=\"1783\" data-end=\"2210\">Il convient de souligner que la loi italienne de 1978 est aujourd\u2019hui d\u00e9pass\u00e9e par rapport aux recommandations actuelles de l\u2019<strong>Organisation mondiale de la sant\u00e9 (OMS)<\/strong>, qui pr\u00e9conise de consid\u00e9rer toutes les interruptions volontaires de grossesse comme urgentes: plus l\u2019intervention est r\u00e9alis\u00e9e t\u00f4t, plus elle est s\u00fbre, efficace et moins impactante pour la sant\u00e9 physique et psychologique de la personne ayant pris sa d\u00e9cision.<\/p>\n<p data-start=\"2212\" data-end=\"2313\">Dans une situation id\u00e9ale, le ou la m\u00e9decin devrait donc toujours certifier l\u2019IVG comme urgente.<\/p>\n<p data-start=\"2315\" data-end=\"2679\">Il est \u00e9galement rappel\u00e9 que, m\u00eame en possession d\u2019un certificat d\u2019IVG urgent, il est possible de changer d\u2019avis jusqu\u2019au moment de la r\u00e9alisation effective de l\u2019intervention. En outre, le Service sanitaire national n\u2019est toujours pas en mesure de garantir un acc\u00e8s totalement exempt de d\u00e9lais, notamment en raison des retards caus\u00e9s par l\u2019objection de conscience.<\/p>\n<\/div><\/section><br \/>\n<div  class='avia-image-container  av-styling-    avia-builder-el-9  el_after_av_textblock  avia-builder-el-last  avia-align-center '  itemprop=\"image\" itemscope=\"itemscope\" itemtype=\"https:\/\/schema.org\/ImageObject\"  ><div class='avia-image-container-inner'><div class='avia-image-overlay-wrap'><img decoding=\"async\" class='wp-image-3449 avia-img-lazy-loading-not-3449 avia_image' src=\"https:\/\/laiga194.it\/wp-content\/uploads\/2025\/03\/time-1280x630.jpg\" alt='' title='time' height=\"630\" width=\"1280\"  itemprop=\"thumbnailUrl\"  \/><\/div><\/div><\/div><\/p><\/div><div class=\"flex_column av_one_fifth  flex_column_div av-zero-column-padding   avia-builder-el-10  el_after_av_four_fifth  el_before_av_four_fifth  column-top-margin\" style='border-radius:0px; '><\/div><\/p>\n<div class=\"flex_column av_four_fifth  flex_column_div first  avia-builder-el-11  el_after_av_one_fifth  el_before_av_one_fifth  column-top-margin\" style='padding:0px 2px 0px 2px ; border-radius:0px; '><p><div  style='padding-bottom:10px; ' class='av-special-heading av-special-heading-h2    avia-builder-el-12  el_before_av_textblock  avia-builder-el-first  '><h2 class='av-special-heading-tag '  itemprop=\"headline\"  >Difficult\u00e9s pour obtenir un certificat d\u2019IVG<\/h2><div class='special-heading-border'><div class='special-heading-inner-border' ><\/div><\/div><\/div><br \/>\n<section class=\"av_textblock_section \"  itemscope=\"itemscope\" itemtype=\"https:\/\/schema.org\/CreativeWork\" ><div class='avia_textblock  '   itemprop=\"text\" ><p data-start=\"2735\" data-end=\"3042\">Le certificat peut \u00eatre d\u00e9livr\u00e9 par tout\u00b7e m\u00e9decin <strong>inscrit\u00b7e \u00e0 l\u2019Ordre italien (<em data-start=\"2846\" data-end=\"2865\">Ordine dei Medici<\/em>)<\/strong>, y compris en dehors d\u2019une sp\u00e9cialisation en gyn\u00e9cologie, en dehors des centres de planification familiale publics, et m\u00eame s\u2019il ou elle n\u2019est pas le ou la m\u00e9decin traitant\u00b7e.<\/p>\n<p data-start=\"3044\" data-end=\"3446\">N\u00e9anmoins, bien que l\u2019<strong>objection de conscience<\/strong> ne soit pas pr\u00e9vue par la loi pour la d\u00e9livrance du certificat d\u2019IVG, de nombreux centres et professionnel\u00b7les de sant\u00e9 en Italie refusent de fournir ce service, de mani\u00e8re plus ou moins explicite. Nous recevons des signalements de personnes \u00e0 qui il est r\u00e9pondu que le personnel n\u2019est pas autoris\u00e9, qu\u2019il faut revenir un autre jour ou s\u2019adresser ailleurs.<\/p>\n<p data-start=\"3448\" data-end=\"3687\">Dans ces situations, il est conseill\u00e9 d\u2019adresser la demande par courrier \u00e9lectronique certifi\u00e9 italien (PEC), afin d\u2019obtenir une preuve l\u00e9gale \u00e9crite du refus ill\u00e9gal et de pouvoir signaler le probl\u00e8me avec le soutien d\u2019une association pro-choix.<\/p>\n<p data-start=\"3689\" data-end=\"3960\">Heureusement, le certificat d\u2019IVG peut \u00e9galement \u00eatre d\u00e9livr\u00e9 par <strong>t\u00e9l\u00e9m\u00e9decine<\/strong>: tout\u00b7e professionnel\u00b7le de sant\u00e9 respectant la loi peut remplir le r\u00f4le de m\u00e9decin de confiance exig\u00e9 par celle-ci, quelle que soit sa sp\u00e9cialit\u00e9 (orthop\u00e9die, andrologie, psychiatrie, etc.).<\/p>\n<\/div><\/section><\/p><\/div><div class=\"flex_column av_one_fifth  flex_column_div av-zero-column-padding   avia-builder-el-14  el_after_av_four_fifth  el_before_av_four_fifth  column-top-margin\" style='border-radius:0px; '><div  class='avia-image-container  av-styling-    avia-builder-el-15  avia-builder-el-no-sibling  avia-align-center '  itemprop=\"image\" itemscope=\"itemscope\" itemtype=\"https:\/\/schema.org\/ImageObject\"  ><div class='avia-image-container-inner'><div class='avia-image-overlay-wrap'><img decoding=\"async\" class='wp-image-3450 avia-img-lazy-loading-not-3450 avia_image' src=\"https:\/\/laiga194.it\/wp-content\/uploads\/2025\/03\/telemedicina-686x1030.jpg\" alt='' title='telemedicina' height=\"1030\" width=\"686\"  itemprop=\"thumbnailUrl\" srcset=\"https:\/\/laiga194.it\/wp-content\/uploads\/2025\/03\/telemedicina-686x1030.jpg 686w, https:\/\/laiga194.it\/wp-content\/uploads\/2025\/03\/telemedicina-200x300.jpg 200w, https:\/\/laiga194.it\/wp-content\/uploads\/2025\/03\/telemedicina-768x1152.jpg 768w, https:\/\/laiga194.it\/wp-content\/uploads\/2025\/03\/telemedicina-470x705.jpg 470w, https:\/\/laiga194.it\/wp-content\/uploads\/2025\/03\/telemedicina.jpg 853w\" sizes=\"(max-width: 686px) 100vw, 686px\" \/><\/div><\/div><\/div><\/div><\/p>\n<div class=\"flex_column av_four_fifth  flex_column_div first  avia-builder-el-16  el_after_av_one_fifth  el_before_av_one_fifth  column-top-margin\" style='padding:0px 2px 0px 2px ; border-radius:0px; '><p><div  style='padding-bottom:10px; ' class='av-special-heading av-special-heading-h2    avia-builder-el-17  el_before_av_textblock  avia-builder-el-first  '><h2 class='av-special-heading-tag '  itemprop=\"headline\"  >Comment r\u00e9diger un certificat d\u2019IVG?<\/h2><div class='special-heading-border'><div class='special-heading-inner-border' ><\/div><\/div><\/div><br \/>\n<section class=\"av_textblock_section \"  itemscope=\"itemscope\" itemtype=\"https:\/\/schema.org\/CreativeWork\" ><div class='avia_textblock  '   itemprop=\"text\" ><p data-start=\"4009\" data-end=\"4204\">Bien que tout\u00b7e <strong>m\u00e9decin inscrit\u00b7e \u00e0 l\u2019Ordre<\/strong> puisse \u00e9tablir un certificat, les facult\u00e9s de m\u00e9decine italiennes n\u2019enseignent pas comment le r\u00e9diger. C\u2019est pourquoi nous proposons un accompagnement.<\/p>\n<h3 data-start=\"4206\" data-end=\"4221\">L\u2019entretien<\/h3>\n<p data-start=\"4223\" data-end=\"5051\">L\u2019entretien doit se d\u00e9rouler conform\u00e9ment \u00e0 la loi. L\u2019article 5 de la loi n\u00b0 194\/1978 pr\u00e9cise que (traduit)<em> le r\u00f4le du ou de la m\u00e9decin est, dans tous les cas \u2013 et en particulier lorsque la demande d\u2019interruption est motiv\u00e9e par l\u2019impact de conditions \u00e9conomiques, sociales ou familiales sur la sant\u00e9 de la personne enceinte \u2013 d\u2019examiner, avec la femme et avec le parent g\u00e9n\u00e9tique de la grossesse (si la femme y consent), dans le respect de la dignit\u00e9 et de la confidentialit\u00e9, les solutions possibles aux probl\u00e8mes soulev\u00e9s ; d\u2019aider \u00e0 supprimer les causes qui pourraient conduire \u00e0 l\u2019interruption ; de permettre \u00e0 la femme de faire valoir ses droits en tant que travailleuse et parent ; et de promouvoir toute intervention appropri\u00e9e visant \u00e0 la soutenir, en offrant toute l\u2019aide n\u00e9cessaire pendant la grossesse et apr\u00e8s l\u2019accouchement.<\/em><\/p>\n<p data-start=\"5053\" data-end=\"5111\">\u00c0 l\u2019issue de l\u2019entretien, le certificat peut \u00eatre d\u00e9livr\u00e9.<\/p>\n<\/div><\/section><br \/>\n<section class=\"av_textblock_section \"  itemscope=\"itemscope\" itemtype=\"https:\/\/schema.org\/CreativeWork\" ><div class='avia_textblock  '   itemprop=\"text\" ><p style=\"text-align: center;\"><strong>Certificat d\u2019IVG (mod\u00e8le)<\/strong><\/p>\n<p>[<em>Sur papier \u00e0 en-t\u00eate comportant les donn\u00e9es d\u2019inscription du ou de la m\u00e9decin \u00e0 l\u2019Ordre<\/em>]<\/p>\n<p><strong>EN ITALIEN<\/strong><\/p>\n<p><span style=\"font-weight: 400;\">Documento rilasciato ai sensi di quanto previsto dall&rsquo;art. 5 della legge n. 194\/78.<\/span><\/p>\n<p style=\"text-align: right;\"><strong>Data<\/strong><\/p>\n<p><span style=\"font-weight: 400;\">Si \u00e8 svolto oggi il colloquio telefonico\/in videochiamata\/di persona con [<\/span><em><span style=\"font-weight: 400;\">Nome e cognome persona richiedente],\u00a0<\/span><\/em><span style=\"font-weight: 400;\">nat_ a <em>[Citt\u00e0]<\/em> in provincia di [<em>Provincia<\/em>] il [<em>Data di nascita<\/em>],\u00a0<\/span><span style=\"font-weight: 400;\">residente a <em>[Citt\u00e0]<\/em> in via<em> [Indirizzo completo di Cap e provincia],\u00a0<\/em><\/span><span style=\"font-weight: 400;\">come risulta da documento personale esibito.<\/span><\/p>\n<p><span style=\"font-weight: 400;\">La stessa persona riferisce ultima mestruazione in data <em>[data]; <\/em>epoca di amenorrea: ___ settimane + ____giorni.<\/span><\/p>\n<p><span style=\"font-weight: 400;\">Accertamenti eseguiti: <em>(specificare: N test di gravidanza casalinghi positivi, o analisi del sangue con Beta, o ecografia)<\/em>, eseguiti in data <em>[data]<\/em> eventualmente\u00a0<em>[presso].<\/em><\/span><\/p>\n<p><span style=\"font-weight: 400;\">La persona interessata richiede l&rsquo;interruzione volontaria della gravidanza in base alle circostanze <\/span><span style=\"font-weight: 400;\">previste dall&rsquo;art. 4 della legge n. 194\/78.<\/span><\/p>\n<p><span style=\"font-weight: 400;\">Nel corso del colloquio sono state esaminate con la richiedente le possibili soluzioni, come previsto dall&rsquo;art. 5 della legge n. 194\/78.<\/span><\/p>\n<p><span style=\"font-weight: 400;\">Il certificato, in questo caso \u00e8<\/span><\/p>\n<ul>\n<li style=\"font-weight: 400;\" aria-checked=\"false\" aria-level=\"1\"><span style=\"font-weight: 400;\">Normale<\/span><span style=\"font-weight: 400;\">. <em>(La persona richiedente \u00e8 <\/em><\/span><em> <span style=\"font-weight: 400;\">invitata a soprassedere per sette giorni, trascorsi i quali potr\u00e0 <\/span> <span style=\"font-weight: 400;\">presentarsi, con il suddetto documento, ad una delle <a href=\"https:\/\/laiga194.it\/mappa-ospedali-italiani-ivg-itg\/\">sedi autorizzate<\/a><\/span><span style=\"font-weight: 400;\">\u00a0per ottenere l&rsquo;intervento richiesto).<\/span><\/em><span style=\"font-weight: 400;\"><br \/>\n<\/span><\/li>\n<li style=\"font-weight: 400;\" aria-checked=\"false\" aria-level=\"1\"><span style=\"font-weight: 400;\">D&rsquo;urgenza<\/span><span style=\"font-weight: 400;\">.<em> (La persona richiedente <\/em><\/span> <span style=\"font-weight: 400;\"><em>non \u00e8 invitata a soprassedere per sette giorni e pu\u00f2 presentarsi nelle <a href=\"https:\/\/laiga194.it\/mappa-ospedali-italiani-ivg-itg\/\">sedi autorizzate<\/a>\u00a0per ottenere l&rsquo;intervento richiesto)<\/em>. <\/span><\/li>\n<\/ul>\n<p><span style=\"font-weight: 400;\">Firma dell\u0259 medic\u0259<\/span><\/p>\n<p>Firma dell<span style=\"font-weight: 400;\">\u0259 richiedente<\/span><\/p>\n<p><strong>TRADUIT<\/strong><\/p>\n<p data-start=\"5241\" data-end=\"5314\"><strong data-start=\"5241\" data-end=\"5314\">Document d\u00e9livr\u00e9 en application de l\u2019article 5 de la loi n\u00b0 194\/1978.<\/strong><\/p>\n<p data-start=\"5316\" data-end=\"5324\"><strong data-start=\"5316\" data-end=\"5324\">Date<\/strong><\/p>\n<p data-start=\"5326\" data-end=\"5633\">Un entretien t\u00e9l\u00e9phonique \/ en visioconf\u00e9rence \/ en pr\u00e9sentiel a eu lieu ce jour avec [nom et pr\u00e9nom de la personne demandeuse], n\u00e9\u00b7e \u00e0 [ville], province de [province], le [date de naissance], domicili\u00e9\u00b7e \u00e0 [ville], [adresse compl\u00e8te avec code postal et province], sur pr\u00e9sentation d\u2019un document d\u2019identit\u00e9.<\/p>\n<p data-start=\"5635\" data-end=\"5747\">La personne indique la date de ses derni\u00e8res r\u00e8gles: [date]; dur\u00e9e de l\u2019am\u00e9norrh\u00e9e: ___ semaines + ___ jours.<\/p>\n<p data-start=\"5749\" data-end=\"5924\">Examens r\u00e9alis\u00e9s: (pr\u00e9ciser : nombre de tests de grossesse urinaires positifs, ou analyse sanguine avec b\u00eata-hCG, ou \u00e9chographie), effectu\u00e9s le [date], le cas \u00e9ch\u00e9ant [lieu].<\/p>\n<p data-start=\"5926\" data-end=\"6069\">La personne concern\u00e9e demande une interruption volontaire de grossesse conform\u00e9ment aux conditions pr\u00e9vues \u00e0 l\u2019article 4 de la loi n\u00b0 194\/1978.<\/p>\n<p data-start=\"6071\" data-end=\"6216\">Au cours de l\u2019entretien, les solutions possibles ont \u00e9t\u00e9 examin\u00e9es avec la personne demandeuse, conform\u00e9ment \u00e0 l\u2019article 5 de la loi n\u00b0 194\/1978.<\/p>\n<p data-start=\"6218\" data-end=\"6259\">Le pr\u00e9sent certificat est d\u00e9livr\u00e9 comme:<\/p>\n<p data-start=\"6261\" data-end=\"6477\"><strong data-start=\"6261\" data-end=\"6273\">Standard<\/strong><br data-start=\"6273\" data-end=\"6276\" \/>(La personne est invit\u00e9e \u00e0 observer un d\u00e9lai de sept jours, \u00e0 l\u2019issue duquel elle pourra se pr\u00e9senter, munie du pr\u00e9sent document, dans un \u00e9tablissement autoris\u00e9 afin d\u2019obtenir l\u2019intervention demand\u00e9e).<\/p>\n<p data-start=\"6479\" data-end=\"6659\"><strong data-start=\"6479\" data-end=\"6489\">Urgent<\/strong><br data-start=\"6489\" data-end=\"6492\" \/>(La personne n\u2019est pas tenue d\u2019observer le d\u00e9lai de sept jours et peut se pr\u00e9senter directement dans un \u00e9tablissement autoris\u00e9 afin d\u2019obtenir l\u2019intervention demand\u00e9e).<\/p>\n<p data-start=\"6661\" data-end=\"6736\"><strong data-start=\"6661\" data-end=\"6694\">Signature du ou de la m\u00e9decin<\/strong><br data-start=\"6694\" data-end=\"6697\" \/><strong data-start=\"6697\" data-end=\"6736\">Signature de la personne demandeuse<\/strong><\/p>\n<p><strong>En cas de consultation par t\u00e9l\u00e9m\u00e9decine il\u00a0est recommand\u00e9 d\u2019ajouter la mention suivante<\/strong><\/p>\n<p data-start=\"6834\" data-end=\"7216\">La telefonata\/videochiamata \u00e8 stata registrata. [Nome cognome] ha dato il proprio consenso alla registrazione e al trattamento dei dati personali. La videochiamata \u00e8 equiparata alla visita in presenza come da decreto del Ministero della Salute del 17-12-2020 (atto 215\/CSR) e la firma digitale non \u00e8 ripudiabile.<\/p>\n<p data-start=\"7218\" data-end=\"7293\">Signature du ou de la m\u00e9decin<br data-start=\"7251\" data-end=\"7254\" \/>Signature de la personne demandeuse<\/p>\n<p data-start=\"6834\" data-end=\"7216\"><strong><em data-start=\"6834\" data-end=\"7216\">TRADUIT:<\/em><\/strong><\/p>\n<p data-start=\"6834\" data-end=\"7216\"><em data-start=\"6834\" data-end=\"7216\">L\u2019appel t\u00e9l\u00e9phonique \/ la visioconf\u00e9rence a \u00e9t\u00e9 enregistr\u00e9\u00b7e. [Nom et pr\u00e9nom] a donn\u00e9 son consentement \u00e0 l\u2019enregistrement et au traitement des donn\u00e9es personnelles. La consultation par visioconf\u00e9rence est assimil\u00e9e \u00e0 une visite en pr\u00e9sentiel conform\u00e9ment au d\u00e9cret du minist\u00e8re de la Sant\u00e9 du 17 d\u00e9cembre 2020 (acte 215\/CSR), et la signature num\u00e9rique est juridiquement opposable.<\/em><\/p>\n<\/div><\/section><br \/>\n<div  style='padding-bottom:10px; ' class='av-special-heading av-special-heading-h2    avia-builder-el-20  el_after_av_textblock  el_before_av_textblock  '><h2 class='av-special-heading-tag '  itemprop=\"headline\"  >Quelle est l\u2019\u00e9tape suivante?<\/h2><div class='special-heading-border'><div class='special-heading-inner-border' ><\/div><\/div><\/div><br \/>\n<section class=\"av_textblock_section \"  itemscope=\"itemscope\" itemtype=\"https:\/\/schema.org\/CreativeWork\" ><div class='avia_textblock  '   itemprop=\"text\" ><p data-start=\"7334\" data-end=\"7606\">Il est conseill\u00e9 d\u2019encourager la personne concern\u00e9e \u00e0 <strong>prendre rendez-vous pour l\u2019IVG d\u00e8s que possible<\/strong>, en sachant que ce rendez-vous peut \u00eatre annul\u00e9 \u00e0 tout moment, y compris le jour m\u00eame. En Italie, les d\u00e9lais d\u2019attente peuvent en effet durer plusieurs jours ou semaines.<\/p>\n<p data-start=\"7608\" data-end=\"7898\">Dans le cas d\u2019un certificat <strong>non urgent (standard)<\/strong>, l\u2019IVG sera programm\u00e9e \u00e0 la premi\u00e8re date disponible <strong>apr\u00e8s sept jours<\/strong> \u00e0 compter de la d\u00e9livrance du certificat. Dans le cas d\u2019un certificat <strong>urgent<\/strong>, le d\u00e9lai d\u00e9pendra uniquement de l\u2019organisation et des capacit\u00e9s de l\u2019\u00e9tablissement de sant\u00e9.<\/p>\n<p data-start=\"7900\" data-end=\"8240\">En Italie, il est souvent plus efficace de <strong>se rendre en personne<\/strong> pour effectuer la r\u00e9servation, en apportant le certificat d\u2019IVG. Avant de prendre rendez-vous, il peut \u00eatre utile de se renseigner sur les diff\u00e9rents types d\u2019avortement disponibles en Italie et de v\u00e9rifier<strong><a href=\"https:\/\/laiga194.it\/fr\/types-davortement-en-italie\/\"> quelles techniques sont appliqu\u00e9es<\/a><\/strong> par l\u2019\u00e9tablissement le plus adapt\u00e9.<\/p>\n<\/div><\/section><br \/>\n<div  class='av-social-sharing-box  avia-builder-el-22  el_after_av_textblock  avia-builder-el-last  av-social-sharing-box-minimal '><div class='av-share-box'><h5 class='av-share-link-description av-no-toc '>Condividi<\/h5><ul class='av-share-box-list noLightbox'><li class='av-share-link av-social-link-facebook' ><a target=\"_blank\" aria-label=\"Partager sur Facebook\" href='https:\/\/www.facebook.com\/sharer.php?u=https:\/\/laiga194.it\/fr\/certificat-de-ivg\/&#038;t=Certificat%20de%20IVG' aria-hidden='false' data-av_icon='\ue8f3' data-av_iconfont='entypo-fontello' title='' data-avia-related-tooltip='Partager sur Facebook' rel=\"noopener\"><span class='avia_hidden_link_text'>Partager sur Facebook<\/span><\/a><\/li><li class='av-share-link av-social-link-twitter' ><a target=\"_blank\" aria-label=\"Partager sur Twitter\" href='https:\/\/twitter.com\/share?text=Certificat%20de%20IVG&#038;url=https:\/\/laiga194.it\/fr\/?p=3447' aria-hidden='false' data-av_icon='\ue8f1' data-av_iconfont='entypo-fontello' title='' data-avia-related-tooltip='Partager sur Twitter' rel=\"noopener\"><span class='avia_hidden_link_text'>Partager sur Twitter<\/span><\/a><\/li><li class='av-share-link av-social-link-whatsapp' ><a target=\"_blank\" aria-label=\"Partager sur WhatsApp\" href='https:\/\/api.whatsapp.com\/send?text=https:\/\/laiga194.it\/fr\/certificat-de-ivg\/' aria-hidden='false' data-av_icon='\uf232' data-av_iconfont='entypo-fontello' title='' data-avia-related-tooltip='Partager sur WhatsApp' rel=\"noopener\"><span class='avia_hidden_link_text'>Partager sur WhatsApp<\/span><\/a><\/li><li class='av-share-link av-social-link-mail' ><a  aria-label=\"Partager par Mail\" href='mailto:?subject=Certificat%20de%20IVG&#038;body=https:\/\/laiga194.it\/fr\/certificat-de-ivg\/' aria-hidden='false' data-av_icon='\ue805' data-av_iconfont='entypo-fontello' title='' data-avia-related-tooltip='Partager par Mail'><span class='avia_hidden_link_text'>Partager par Mail<\/span><\/a><\/li><\/ul><\/div><\/div><\/p><\/div><div class=\"flex_column av_one_fifth  flex_column_div av-zero-column-padding   avia-builder-el-23  el_after_av_four_fifth  avia-builder-el-last  column-top-margin\" style='border-radius:0px; '><\/div><\/p>\n","protected":false},"excerpt":{"rendered":"","protected":false},"author":4,"featured_media":0,"parent":0,"menu_order":0,"comment_status":"closed","ping_status":"closed","template":"","meta":{"footnotes":""},"class_list":["post-3447","page","type-page","status-publish","hentry"],"aioseo_notices":[],"_links":{"self":[{"href":"https:\/\/laiga194.it\/fr\/wp-json\/wp\/v2\/pages\/3447","targetHints":{"allow":["GET"]}}],"collection":[{"href":"https:\/\/laiga194.it\/fr\/wp-json\/wp\/v2\/pages"}],"about":[{"href":"https:\/\/laiga194.it\/fr\/wp-json\/wp\/v2\/types\/page"}],"author":[{"embeddable":true,"href":"https:\/\/laiga194.it\/fr\/wp-json\/wp\/v2\/users\/4"}],"replies":[{"embeddable":true,"href":"https:\/\/laiga194.it\/fr\/wp-json\/wp\/v2\/comments?post=3447"}],"version-history":[{"count":16,"href":"https:\/\/laiga194.it\/fr\/wp-json\/wp\/v2\/pages\/3447\/revisions"}],"predecessor-version":[{"id":3468,"href":"https:\/\/laiga194.it\/fr\/wp-json\/wp\/v2\/pages\/3447\/revisions\/3468"}],"wp:attachment":[{"href":"https:\/\/laiga194.it\/fr\/wp-json\/wp\/v2\/media?parent=3447"}],"curies":[{"name":"wp","href":"https:\/\/api.w.org\/{rel}","templated":true}]}}