{"id":3361,"date":"2025-03-13T10:51:39","date_gmt":"2025-03-13T09:51:39","guid":{"rendered":"https:\/\/laiga194.it\/?page_id=3361"},"modified":"2026-01-17T23:23:07","modified_gmt":"2026-01-17T22:23:07","slug":"accouchement-anonyme","status":"publish","type":"page","link":"https:\/\/laiga194.it\/fr\/accouchement-anonyme\/","title":{"rendered":"L\u2019ACCOUCHEMENT ANONYME EN ITALIE"},"content":{"rendered":"<div class=\"flex_column av_three_fourth  flex_column_div av-zero-column-padding first  avia-builder-el-0  el_before_av_one_fifth  avia-builder-el-first  \" style='border-radius:0px; '><p><section class=\"av_textblock_section \"  itemscope=\"itemscope\" itemtype=\"https:\/\/schema.org\/CreativeWork\" ><div class='avia_textblock  av_inherit_color '  style='font-size:30px; color:#a32790; '  itemprop=\"text\" ><p><strong>ACCOUCHEMENT ANONYME<\/strong><\/p>\n<\/div><\/section><br \/>\n<section class=\"av_textblock_section \"  itemscope=\"itemscope\" itemtype=\"https:\/\/schema.org\/CreativeWork\" ><div class='avia_textblock  '   itemprop=\"text\" ><p data-start=\"155\" data-end=\"356\">Si vous avez d\u00e9cid\u00e9 que vous ne souhaitez pas la parentalit\u00e9, mais que vous ne voulez pas ou n\u2019avez pas pu recourir \u00e0 l\u2019avortement, vous avez l\u2019option de l\u2019accouchement anonyme. Avec cette solution :<\/p>\n<ul data-start=\"358\" data-end=\"805\">\n<li data-start=\"358\" data-end=\"495\">\n<p data-start=\"360\" data-end=\"495\">Demandez-vous si vous vous sentez pr\u00eat\u00b7e psychiquement et physiquement \u00e0 vivre les exp\u00e9riences d\u2019une grossesse et d\u2019un accouchement ;<\/p>\n<\/li>\n<li data-start=\"496\" data-end=\"805\">\n<p data-start=\"498\" data-end=\"805\">N\u2019h\u00e9sitez pas \u00e0 accepter l\u2019assistance sanitaire, envisagez de vous confier au Syst\u00e8me de Sant\u00e9 ou \u00e0 du personnel sanitaire exp\u00e9riment\u00e9 dans l\u2019accouchement assist\u00e9 \u00e0 domicile qui pourra effectuer la \u00ab d\u00e9claration de naissance \u00bb \u00e0 votre place, afin de prot\u00e9ger au mieux vous-m\u00eame et le\u00b7la nouveau\u00b7elle-n\u00e9\u00b7e.<\/p>\n<\/li>\n<\/ul>\n<p data-start=\"807\" data-end=\"1090\">Nous recommandons donc \u00e0 toute personne devant accoucher de se rendre \u00e0 l\u2019h\u00f4pital \/ centre de naissance ou, alternativement, de trouver du personnel sanitaire comp\u00e9tent pour un accouchement \u00e0 domicile et de leur exprimer cette volont\u00e9. <a href=\"https:\/\/laiga194.it\/contatti\/\">Contactez-nous<\/a> si vous souhaitez en discuter.<\/p>\n<\/div><\/section><br \/>\n<section class=\"av_textblock_section \"  itemscope=\"itemscope\" itemtype=\"https:\/\/schema.org\/CreativeWork\" ><div class='avia_textblock  '   itemprop=\"text\" ><h2>COMMENT FONCTIONNE L\u2019ACCOUCHEMENT ANONYME<\/h2>\n<p data-start=\"1144\" data-end=\"1350\">Une fois la grossesse confirm\u00e9e, la personne accepte de la mener \u00e0 terme sans reconnaissance apr\u00e8s l\u2019accouchement et laisse ainsi l\u2019h\u00f4pital en prendre soin, gr\u00e2ce aux mains fiables du personnel sanitaire.<\/p>\n<p data-start=\"1352\" data-end=\"1661\">La r\u00e9glementation qui encadre l\u2019accouchement anonyme est le <strong data-start=\"1412\" data-end=\"1487\">D\u00e9cret du Pr\u00e9sident de la R\u00e9publique DPR 396\/2000, article 30, alin\u00e9a 2<\/strong>, selon lequel le nom de la personne ayant accouch\u00e9 reste secret pour toujours, et dans l\u2019acte de naissance il est \u00e9crit \u00ab n\u00e9\u00b7e de personne ne souhaitant pas \u00eatre nomm\u00e9e \u00bb.<\/p>\n<p data-start=\"1663\" data-end=\"1735\">La loi sur l\u2019accouchement anonyme s\u2019applique \u00e9galement aux personnes :<\/p>\n<ul data-start=\"1737\" data-end=\"1849\">\n<li data-start=\"1737\" data-end=\"1767\">\n<p data-start=\"1739\" data-end=\"1767\">non r\u00e9sidentes en Italie ;<\/p>\n<\/li>\n<li data-start=\"1768\" data-end=\"1795\">\n<p data-start=\"1770\" data-end=\"1795\">sans permis de s\u00e9jour ;<\/p>\n<\/li>\n<li data-start=\"1796\" data-end=\"1823\">\n<p data-start=\"1798\" data-end=\"1823\">sans m\u00e9decin traitant ;<\/p>\n<\/li>\n<li data-start=\"1824\" data-end=\"1849\">\n<p data-start=\"1826\" data-end=\"1849\">sans carte sanitaire.<\/p>\n<\/li>\n<\/ul>\n<p data-start=\"1851\" data-end=\"2323\">Cela signifie que l\u2019h\u00f4pital et le personnel sanitaire en charge de vous ont l\u2019obligation l\u00e9gale de prot\u00e9ger votre droit \u00e0 l\u2019anonymat (pour toujours), tandis que l\u2019\u00c9tat a celui d\u2019assurer que le\u00b7la nouveau\u00b7elle-n\u00e9\u00b7e soit confi\u00e9\u00b7e \u00e0 une famille appropri\u00e9e. Chaque ann\u00e9e, des centaines de personnes choisissent l\u2019accouchement anonyme, mais ce ne sont que des donn\u00e9es statistiques : vous ne trouverez pas leurs histoires dans les m\u00e9dias, afin de pr\u00e9server la confidentialit\u00e9.<\/p>\n<div class=\"ContentCardEmbedWrapper-kULtsE iGAJsG content-card-embed content-card-embed--stacked\" data-testid=\"ContentCardEmbedWrapper\" data-event-boundary=\"click\" data-event-click=\"{\" data-in-view=\"{\" data-include-experiments=\"true\">\n<div class=\"ContentCardEmbedImage-iwqgVw jlIubp content-card-embed__image\" data-testid=\"ContentCardEmbedImage\"><\/div>\n<\/div>\n<\/div><\/section><br \/>\n<div  class='avia-image-container  av-styling-    avia-builder-el-4  el_after_av_textblock  el_before_av_textblock  avia-align-center '  itemprop=\"image\" itemscope=\"itemscope\" itemtype=\"https:\/\/schema.org\/ImageObject\"  ><div class='avia-image-container-inner'><div class='avia-image-overlay-wrap'><img decoding=\"async\" class='wp-image-3360 avia-img-lazy-loading-not-3360 avia_image' src=\"https:\/\/laiga194.it\/wp-content\/uploads\/2025\/03\/Donna-incinta-parto-anonimato.jpg-1500x430.jpg\" alt='Una donna incinta tocca la pancia' title='Donna incinta parto anonimato.jpg' height=\"430\" width=\"1500\"  itemprop=\"thumbnailUrl\"  \/><\/div><\/div><\/div><br \/>\n<section class=\"av_textblock_section \"  itemscope=\"itemscope\" itemtype=\"https:\/\/schema.org\/CreativeWork\" ><div class='avia_textblock  '   itemprop=\"text\" ><p data-start=\"2330\" data-end=\"2545\"><strong data-start=\"2330\" data-end=\"2342\">Rappel:<\/strong> le\u00b7la nouveau\u00b7elle-n\u00e9\u00b7e est une personne reconnue par la loi italienne, avec des droits inviolables tels que le droit \u00e0 la vie, \u00e0 l\u2019identification, au nom, \u00e0 l\u2019\u00e9ducation et \u00e0 grandir dans une famille.<\/p>\n<p data-start=\"2547\" data-end=\"3008\">De plus, le SSN (Syst\u00e8me Sanitaire National) offre des services comme le soutien psychologique et des entretiens informatifs, pour que la personne enceinte ne se sente pas seule. En cas d\u2019incertitude, il est possible de demander au Tribunal pour Mineurs un d\u00e9lai suppl\u00e9mentaire de r\u00e9flexion avant que le\u00b7la nouveau\u00b7elle-n\u00e9\u00b7e ne soit int\u00e9gr\u00e9\u00b7e dans un programme d\u2019adoption. Le d\u00e9lai maximum est de 2 mois, dans l\u2019int\u00e9r\u00eat de la sant\u00e9 du\u00b7de la nouveau\u00b7elle-n\u00e9\u00b7e.<\/p>\n<\/div><\/section><br \/>\n<div  style='padding-bottom:10px; ' class='av-special-heading av-special-heading-h3    avia-builder-el-6  el_after_av_textblock  el_before_av_textblock  '><h3 class='av-special-heading-tag '  itemprop=\"headline\"  >Si la personne enceinte a moins de 16 ans<\/h3><div class='special-heading-border'><div class='special-heading-inner-border' ><\/div><\/div><\/div><br \/>\n<section class=\"av_textblock_section \"  itemscope=\"itemscope\" itemtype=\"https:\/\/schema.org\/CreativeWork\" ><div class='avia_textblock  '   itemprop=\"text\" ><p>L\u2019\u00c9tat apporte un soutien jusqu\u2019au 16e anniversaire, moment auquel il sera possible de d\u00e9cider d\u2019entamer la proc\u00e9dure d\u2019adoptabilit\u00e9 ou d\u2019\u00e9lever le\u00b7la nouveau\u00b7elle-n\u00e9\u00b7e. Pendant cette p\u00e9riode, il est important de maintenir le contact entre la personne ayant accouch\u00e9 et le\u00b7la nouveau\u00b7elle-n\u00e9\u00b7e, qui est correctement pris\u00b7e en charge.<\/p>\n<\/div><\/section><br \/>\n<div  style='height:35px' class='hr hr-invisible   avia-builder-el-8  el_after_av_textblock  el_before_av_textblock '><span class='hr-inner ' ><span class='hr-inner-style'><\/span><\/span><\/div><br \/>\n<section class=\"av_textblock_section \"  itemscope=\"itemscope\" itemtype=\"https:\/\/schema.org\/CreativeWork\" ><div class='avia_textblock  '   itemprop=\"text\" ><h2>Pourquoi l\u2019accouchement anonyme est pr\u00e9f\u00e9rable aux \u00abroues des expos\u00e9s\u00bb et aux \u00abberceaux pour la vie\u00bb<\/h2>\n<p>Les \u00abroues des expos\u00e9s\u00bb et les \u00abberceaux pour la vie\u00bb sont des conteneurs thermiques install\u00e9s dans des paroisses, des associations religieuses, mais aussi dans des h\u00f4pitaux. Parfois, une cam\u00e9ra de surveillance filme la zone. C\u2019est une tradition de la culture italienne, autrefois g\u00e9r\u00e9e par les communaut\u00e9s religieuses, permettant de confier le\u00b7la nouveau\u00b7elle-n\u00e9\u00b7e apr\u00e8s un accouchement \u00e0 domicile en toute confidentialit\u00e9. Aujourd\u2019hui, certaines consid\u00e9rations s\u2019imposent.<\/p>\n<\/div><\/section><br \/>\n<section class=\"av_textblock_section \"  itemscope=\"itemscope\" itemtype=\"https:\/\/schema.org\/CreativeWork\" ><div class='avia_textblock  '   itemprop=\"text\" ><h4>1) Probl\u00e8mes de protection de la sant\u00e9<\/h4>\n<p data-start=\"4000\" data-end=\"4487\">L\u2019accouchement comporte des risques pour la sant\u00e9. Si l\u2019on choisit un accouchement \u00e0 domicile, il est essentiel d\u2019avoir \u00e0 proximit\u00e9 du<strong> personnel form\u00e9 et comp\u00e9tent<\/strong>, capable de g\u00e9rer la situation en toute s\u00e9curit\u00e9 et de transporter rapidement la personne accouchant et le\u00b7la nouveau\u00b7elle-n\u00e9\u00b7e vers les urgences en cas de danger. Les berceaux thermiques sont souvent utilis\u00e9s par des personnes accouchant \u00e0 domicile sans assistance qualifi\u00e9e.<\/p>\n<p data-start=\"4489\" data-end=\"4960\">Malheureusement, les informations de presse italienne rapportent parfois des issues tragiques. Accoucher en toute s\u00e9curit\u00e9 \u00e0 domicile est possible, mais sans accompagnement qualifi\u00e9, cela repr\u00e9sente un risque pour la personne accouchant et le\u00b7la nouveau\u00b7elle-n\u00e9\u00b7e. En octobre 2024, des journaux ont publi\u00e9 le nom, pr\u00e9nom, ville de r\u00e9sidence et \u00e2ge d\u2019une personne enqu\u00eat\u00e9e pour homicide apr\u00e8s que le\u00b7la nouveau\u00b7elle-n\u00e9\u00b7e n\u2019ait pas surv\u00e9cu \u00e0 un accouchement non assist\u00e9 \u00e0 domicile.<\/p>\n<h4>2) Probl\u00e8mes de protection de la vie priv\u00e9e<\/h4>\n<p>Depuis les ann\u00e9es 1990, ces \u00abberceaux\u00bb ont \u00e9t\u00e9 utilis\u00e9s en Italie de mani\u00e8re arbitraire par des <strong>associations anti-avortement<\/strong>, parfois sans le soutien du personnel sanitaire. Leur utilisation est devenue un <strong>outil m\u00e9diatique et marketing<\/strong>, en contradiction totale avec la protection de la vie priv\u00e9e du\u00b7de la nouveau\u00b7elle-n\u00e9\u00b7e et de la personne ayant accouch\u00e9.<\/p>\n<p>Quelques exemples :<\/p>\n<ul>\n<li><strong>2023: Enea<\/strong>, confi\u00e9 au berceau pour la vie du Policlinico de Milan le jour de P\u00e2ques avec un mot \u00e9crit par la personne ayant accouch\u00e9. Communiqu\u00e9 de presse et diffusion du mot \u00e0 la t\u00e9l\u00e9vision, journaux et Internet. Des appels ont \u00e9t\u00e9 lanc\u00e9s \u00e0 la personne ayant accouch\u00e9 pour changer d\u2019avis. Pour prot\u00e9ger sa vie priv\u00e9e, Enea n\u2019a \u00e9t\u00e9 adopt\u00e9 qu\u2019apr\u00e8s modification de son nom et de sa date de naissance.<\/li>\n<li><strong>2023: Noemi<\/strong>, confi\u00e9e au berceau pour la vie de Brescia et retrouv\u00e9e par la CRI. Son histoire a \u00e9t\u00e9 diffus\u00e9e dans tous les journaux, avec des informations sur ses traits physiques et ses v\u00eatements. Dans certains cas, des enregistrements vid\u00e9o ont montr\u00e9 la personne d\u00e9posant le nouveau\u00b7elle-n\u00e9\u00b7e dans le berceau.<\/li>\n<\/ul>\n<p>L\u2019accouchement anonyme, en revanche, ne fait pas l\u2019objet de communiqu\u00e9s de presse, car ce <strong>n\u2019est pas un \u00e9v\u00e9nement destin\u00e9 \u00e0 la publicit\u00e9<\/strong>. L\u2019h\u00f4pital qui accueille la personne enceinte et le\u00b7la nouveau\u00b7elle-n\u00e9\u00b7e a l\u2019obligation l\u00e9gale de garantir l\u2019anonymat..<\/p>\n<h4>3) Nouveau\u00b7elle-n\u00e9\u00b7e d\u00e9c\u00e9d\u00e9\u00b7e dans un berceau thermique: cela est arriv\u00e9<\/h4>\n<p data-start=\"6369\" data-end=\"6626\">Tous les berceaux thermiques actuels sont \u00e9lectroniques, \u00e9quip\u00e9s de capteurs qui maintiennent le\u00b7la nouveau\u00b7elle-n\u00e9\u00b7e au chaud et envoient une alerte au personnel responsable.<\/p>\n<p data-start=\"6628\" data-end=\"6839\"><strong>Dans les h\u00f4pitaux, le contr\u00f4le est assur\u00e9 24h\/24<\/strong>, garantissant l\u2019intervention imm\u00e9diate du personnel m\u00e9dical. Cependant, il existe des dizaines de berceaux totalement d\u00e9connect\u00e9s du Syst\u00e8me Sanitaire National.<\/p>\n<ul data-start=\"6841\" data-end=\"7256\">\n<li data-start=\"6841\" data-end=\"7256\">\n<p data-start=\"6843\" data-end=\"7256\">2025: un nouveau\u00b7elle-n\u00e9\u00b7e a \u00e9t\u00e9 retrouv\u00e9\u00b7e <strong>mort\u00b7e d\u2019hypothermie<\/strong> dans un berceau thermique de l\u2019\u00e9glise San Giovanni Battista, quartier de Poggiofranco, \u00e0 Bari. Le b\u00e2timent n\u2019est pas proche d\u2019un h\u00f4pital, le berceau n\u2019est pas reli\u00e9 au Policlinico. Quelque chose a mal tourn\u00e9 et une vie a \u00e9t\u00e9 perdue, avec l\u2019<strong>ouverture d\u2019une enqu\u00eate pour homicide<\/strong> involontaire. <strong>La personne ayant accouch\u00e9 est parmi les enqu\u00eat\u00e9\u00b7e\u00b7s<\/strong>.<\/p>\n<\/li>\n<\/ul>\n<div class=\"ContentCardEmbedWrapper-kULtsE iGAJsG content-card-embed content-card-embed--stacked\" data-testid=\"ContentCardEmbedWrapper\" data-event-boundary=\"click\" data-event-click=\"{\" data-in-view=\"{\" data-include-experiments=\"true\">\n<div class=\"ContentCardEmbedImage-iwqgVw jlIubp content-card-embed__image\" data-testid=\"ContentCardEmbedImage\"><\/div>\n<\/div>\n<\/div><\/section><\/p><\/div><div class=\"flex_column av_one_fifth  flex_column_div av-zero-column-padding   avia-builder-el-11  el_after_av_three_fourth  el_before_av_three_fourth  \" style='border-radius:0px; '><p><div  class='avia-image-container avia_animated_image avia_animate_when_almost_visible pop-up av-styling-    avia-builder-el-12  el_before_av_sidebar  avia-builder-el-first  incentro avia-align-center '  itemprop=\"image\" itemscope=\"itemscope\" itemtype=\"https:\/\/schema.org\/ImageObject\"  ><div class='avia-image-container-inner'><div class='avia-image-overlay-wrap'><img decoding=\"async\" class='wp-image-0 avia-img-lazy-loading-not-0 avia_image' src=\"http:\/\/inzuwebdesigndue.altervista.org\/wp-content\/uploads\/2020\/03\/vf.png\" alt='' title=''   itemprop=\"thumbnailUrl\"  \/><\/div><\/div><\/div><br \/>\n<div  class='avia-builder-widget-area clearfix  avia-builder-el-13  el_after_av_image  avia-builder-el-last '><div id=\"nav_menu-2\" class=\"widget clearfix widget_nav_menu\"><h3 class=\"widgettitle\">pour tout\u00b7es<\/h3><div class=\"menu-pour-tout%c2%b7es-francese-container\"><ul id=\"menu-pour-tout%c2%b7es-francese\" class=\"menu\"><li id=\"menu-item-3322\" class=\"menu-item menu-item-type-post_type menu-item-object-page menu-item-3322\"><a href=\"https:\/\/laiga194.it\/fr\/etat-de-grossesse\/\">\u00c0 QUEL STADE SUIS-JE?<\/a><\/li>\n<li id=\"menu-item-3490\" class=\"menu-item menu-item-type-post_type menu-item-object-page menu-item-3490\"><a href=\"https:\/\/laiga194.it\/fr\/accouchement-anonyme\/\">L\u2019ACCOUCHEMENT ANONYME EN ITALIE<\/a><\/li>\n<li id=\"menu-item-3323\" class=\"menu-item menu-item-type-post_type menu-item-object-page menu-item-3323\"><a href=\"https:\/\/laiga194.it\/fr\/types-davortement-en-italie\/\">TYPES D\u2019AVORTEMENT EN ITALIE<\/a><\/li>\n<li id=\"menu-item-3488\" class=\"menu-item menu-item-type-post_type menu-item-object-page menu-item-3488\"><a href=\"https:\/\/laiga194.it\/fr\/personne-etrangere\/\">PERSONNE \u00c9TRANG\u00c8RE<\/a><\/li>\n<\/ul><\/div><\/div><\/div><\/p><\/div><\/p>\n<div class=\"flex_column av_three_fourth  flex_column_div av-zero-column-padding first  avia-builder-el-14  el_after_av_one_fifth  el_before_av_one_fifth  column-top-margin\" style='border-radius:0px; '><\/div>\n<div class=\"flex_column av_one_fifth  flex_column_div av-zero-column-padding   avia-builder-el-15  el_after_av_three_fourth  avia-builder-el-last  column-top-margin\" style='border-radius:0px; '><\/div>\n","protected":false},"excerpt":{"rendered":"","protected":false},"author":4,"featured_media":3360,"parent":0,"menu_order":0,"comment_status":"closed","ping_status":"closed","template":"","meta":{"footnotes":""},"class_list":["post-3361","page","type-page","status-publish","has-post-thumbnail","hentry"],"aioseo_notices":[],"_links":{"self":[{"href":"https:\/\/laiga194.it\/fr\/wp-json\/wp\/v2\/pages\/3361","targetHints":{"allow":["GET"]}}],"collection":[{"href":"https:\/\/laiga194.it\/fr\/wp-json\/wp\/v2\/pages"}],"about":[{"href":"https:\/\/laiga194.it\/fr\/wp-json\/wp\/v2\/types\/page"}],"author":[{"embeddable":true,"href":"https:\/\/laiga194.it\/fr\/wp-json\/wp\/v2\/users\/4"}],"replies":[{"embeddable":true,"href":"https:\/\/laiga194.it\/fr\/wp-json\/wp\/v2\/comments?post=3361"}],"version-history":[{"count":9,"href":"https:\/\/laiga194.it\/fr\/wp-json\/wp\/v2\/pages\/3361\/revisions"}],"predecessor-version":[{"id":3371,"href":"https:\/\/laiga194.it\/fr\/wp-json\/wp\/v2\/pages\/3361\/revisions\/3371"}],"wp:featuredmedia":[{"embeddable":true,"href":"https:\/\/laiga194.it\/fr\/wp-json\/wp\/v2\/media\/3360"}],"wp:attachment":[{"href":"https:\/\/laiga194.it\/fr\/wp-json\/wp\/v2\/media?parent=3361"}],"curies":[{"name":"wp","href":"https:\/\/api.w.org\/{rel}","templated":true}]}}