{"id":3269,"date":"2020-02-19T01:03:54","date_gmt":"2020-02-19T00:03:54","guid":{"rendered":"https:\/\/laiga194.it\/?page_id=3269"},"modified":"2026-04-09T10:06:58","modified_gmt":"2026-04-09T08:06:58","slug":"home-fr","status":"publish","type":"page","link":"https:\/\/laiga194.it\/fr\/home-fr\/","title":{"rendered":"HOME"},"content":{"rendered":"<\/p>\n<div  style='height:10px' class='hr hr-invisible   avia-builder-el-0  el_before_av_textblock  avia-builder-el-first '><span class='hr-inner ' ><span class='hr-inner-style'><\/span><\/span><\/div>\n<section class=\"av_textblock_section \"  itemscope=\"itemscope\" itemtype=\"https:\/\/schema.org\/CreativeWork\" ><div class='avia_textblock  '   itemprop=\"text\" ><h5 class=\"fer\" style=\"text-align: center;\">ASSOCIATION ITALIENNE LIBRE DES PROFESSIONNEL\u00b7LES DE LA GYN\u00c9COLOGIE POUR L\u2019APPLICATION DE LA LOI 194<\/h5>\n<h1 class=\"slogan\" style=\"text-align: center;\">\u00ab\u00a0AVORTEMENT LIBRE, LIBRE ARBITRE\u00a0\u00bb<\/h1>\n<p style=\"text-align: center;\">TRADUCTION EN FRAN\u00c7AIS EN COURS<\/p>\n<\/div><\/section>\n<div  style='height:40px' class='hr hr-invisible   avia-builder-el-2  el_after_av_textblock  el_before_av_one_half '><span class='hr-inner ' ><span class='hr-inner-style'><\/span><\/span><\/div>\n<div class=\"flex_column av_one_half  flex_column_div av-zero-column-padding first  avia-builder-el-3  el_after_av_hr  el_before_av_one_half  colle \" style='border-radius:0px; '><p><div  class='avia-builder-widget-area clearfix  avia-builder-el-4  el_before_av_icon_box  avia-builder-el-first '><section id=\"block-8\" class=\"widget clearfix widget_block widget_search\"><form role=\"search\" method=\"get\" action=\"https:\/\/laiga194.it\/fr\/\" class=\"wp-block-search__button-outside wp-block-search__text-button wp-block-search\"    ><label class=\"wp-block-search__label\" for=\"wp-block-search__input-1\" >Cerca<\/label><div class=\"wp-block-search__inside-wrapper\" ><input class=\"wp-block-search__input\" id=\"wp-block-search__input-1\" placeholder=\"\" value=\"\" type=\"search\" name=\"s\" required \/><button aria-label=\"\ud83d\udd0d\ufe0e\" class=\"wp-block-search__button wp-element-button\" type=\"submit\" >\ud83d\udd0d\ufe0e<\/button><\/div><\/form><span class=\"seperator extralight-border\"><\/span><\/section><\/div><br \/>\n<article  class=\"iconbox iconbox_left    avia-builder-el-5  el_after_av_sidebar  el_before_av_blog  \"  itemscope=\"itemscope\" itemtype=\"https:\/\/schema.org\/CreativeWork\" ><div class=\"iconbox_content\"><header class=\"entry-content-header\"><div class=\"iconbox_icon heading-color\" aria-hidden='true' data-av_icon='\ue84d' data-av_iconfont='entypo-fontello'  ><\/div><h3 class='iconbox_content_title  '  itemprop=\"headline\"  >NEWS<\/h3><\/header><div class='iconbox_content_container  '  itemprop=\"text\"  ><\/div><\/div><footer class=\"entry-footer\"><\/footer><\/article><br \/>\n<br \/>\n<div  style='color:#111111;border-color:#4fae4f;' class='av_promobox  avia-button-yes   avia-builder-el-7  el_after_av_blog  el_before_av_hr '><div class='avia-promocontent'><p>\n<strong>Accouchement anonyme en Italie:<\/strong> La possibilit\u00e9 pour les personnes confront\u00e9es \u00e0 une grossesse impr\u00e9vue qui ne souhaitent pas (ou ne peuvent pas) devenir parents ni avoir recours \u00e0 l\u2019avortement.<\/p>\n<\/div><div  class='avia-button-wrap avia-button-right ' ><a href='https:\/\/laiga194.it\/fr\/accouchement-anonyme\/'  class='avia-button  avia-color-theme-color   avia-icon_select-no avia-size-medium avia-position-right '   ><span class='avia_iconbox_title' >Scopri di pi\u00f9<\/span><\/a><\/div><\/div><br \/>\n<div  style='height:30px' class='hr hr-invisible   avia-builder-el-8  el_after_av_promobox  avia-builder-el-last '><span class='hr-inner ' ><span class='hr-inner-style'><\/span><\/span><\/div><\/p><\/div><div class=\"flex_column av_one_half  flex_column_div av-zero-column-padding   avia-builder-el-9  el_after_av_one_half  el_before_av_hr  colle \" style='border-radius:0px; '><p><article  class=\"iconbox iconbox_left    avia-builder-el-10  el_before_av_textblock  avia-builder-el-first  \"  itemscope=\"itemscope\" itemtype=\"https:\/\/schema.org\/CreativeWork\" ><div class=\"iconbox_content\"><header class=\"entry-content-header\"><div class=\"iconbox_icon heading-color\" aria-hidden='true' data-av_icon='\ue811' data-av_iconfont='entypo-fontello'  ><\/div><h3 class='iconbox_content_title  '  itemprop=\"headline\"  >UTILES<\/h3><\/header><div class='iconbox_content_container  '  itemprop=\"text\"  ><\/div><\/div><footer class=\"entry-footer\"><\/footer><\/article><br \/>\n<section class=\"av_textblock_section \"  itemscope=\"itemscope\" itemtype=\"https:\/\/schema.org\/CreativeWork\" ><div class='avia_textblock  '   itemprop=\"text\" ><p><a href=\"https:\/\/laiga194.it\/contraccezione\/\"><img loading=\"lazy\" decoding=\"async\" class=\"iconcine2 alignleft wp-image-737\" src=\"http:\/\/laiga194.it\/wp-content\/uploads\/2020\/03\/af4.png\" alt=\"\" width=\"170\" height=\"170\" srcset=\"https:\/\/laiga194.it\/wp-content\/uploads\/2020\/03\/af4.png 404w, https:\/\/laiga194.it\/wp-content\/uploads\/2020\/03\/af4-300x300.png 300w, https:\/\/laiga194.it\/wp-content\/uploads\/2020\/03\/af4-80x80.png 80w, https:\/\/laiga194.it\/wp-content\/uploads\/2020\/03\/af4-36x36.png 36w, https:\/\/laiga194.it\/wp-content\/uploads\/2020\/03\/af4-180x180.png 180w\" sizes=\"auto, (max-width: 170px) 100vw, 170px\" \/><\/a><\/p>\n<h3>CONTRACEPTION<\/h3>\n<p>Il n\u2019existe pas de moyen de contraception infaillible, mais il est important de <strong>se prot\u00e9ger<\/strong> contre les <strong>grossesses non d\u00e9sir\u00e9es<\/strong> et les <strong>infections<\/strong> sexuellement transmissibles. Voici une pr\u00e9sentation d\u00e9taill\u00e9e des <strong>diff\u00e9rentes m\u00e9thodes contraceptives<\/strong>. Nous examinons \u00e9galement les m\u00e9thodes de contraception irr\u00e9versibles, tant masculines que f\u00e9minines.<\/p>\n<\/div><\/section><br \/>\n<div  style='height:10px' class='hr hr-invisible   avia-builder-el-12  el_after_av_textblock  el_before_av_textblock '><span class='hr-inner ' ><span class='hr-inner-style'><\/span><\/span><\/div><br \/>\n<section class=\"av_textblock_section \"  itemscope=\"itemscope\" itemtype=\"https:\/\/schema.org\/CreativeWork\" ><div class='avia_textblock  '   itemprop=\"text\" ><p><a href=\"https:\/\/laiga194.it\/fr\/etat-de-grossesse\/\"><img loading=\"lazy\" decoding=\"async\" class=\"iconcine2 alignleft wp-image-732\" src=\"http:\/\/laiga194.it\/wp-content\/uploads\/2020\/03\/data2.jpg\" alt=\"\" width=\"170\" height=\"170\" srcset=\"https:\/\/laiga194.it\/wp-content\/uploads\/2020\/03\/data2.jpg 399w, https:\/\/laiga194.it\/wp-content\/uploads\/2020\/03\/data2-300x300.jpg 300w, https:\/\/laiga194.it\/wp-content\/uploads\/2020\/03\/data2-80x80.jpg 80w, https:\/\/laiga194.it\/wp-content\/uploads\/2020\/03\/data2-36x36.jpg 36w, https:\/\/laiga194.it\/wp-content\/uploads\/2020\/03\/data2-180x180.jpg 180w\" sizes=\"auto, (max-width: 170px) 100vw, 170px\" \/><\/a><\/p>\n<h3><strong><a href=\"https:\/\/laiga194.it\/fr\/etat-de-grossesse\/\">\u00c0 QUEL STADE SUIS-JE?<\/a><\/strong><\/h3>\n<p>Cette section permet de comprendre <strong>s\u2019il y a une grossesse en cours<\/strong>, de calculer l\u2019<strong>\u00e2ge gestationnel<\/strong> et de r\u00e9pondre \u00e0 certaines questions utiles pour soutenir une r\u00e9flexion personnelle en vue d\u2019un <strong>choix<\/strong> \u00e9clair\u00e9.<br \/>\nUn choix libre qui appartient \u00e0 la personne directement concern\u00e9e par l\u2019accouchement.<\/p>\n<\/div><\/section><br \/>\n<div  style='height:10px' class='hr hr-invisible   avia-builder-el-14  el_after_av_textblock  el_before_av_textblock '><span class='hr-inner ' ><span class='hr-inner-style'><\/span><\/span><\/div><br \/>\n<section class=\"av_textblock_section \"  itemscope=\"itemscope\" itemtype=\"https:\/\/schema.org\/CreativeWork\" ><div class='avia_textblock  '   itemprop=\"text\" ><p><a href=\"https:\/\/laiga194.it\/fr\/types-davortement-en-italie\/\"><img loading=\"lazy\" decoding=\"async\" class=\"iconcine2 alignleft wp-image-736\" src=\"http:\/\/laiga194.it\/wp-content\/uploads\/2020\/03\/vf.png\" alt=\"\" width=\"170\" height=\"170\" srcset=\"https:\/\/laiga194.it\/wp-content\/uploads\/2020\/03\/vf.png 399w, https:\/\/laiga194.it\/wp-content\/uploads\/2020\/03\/vf-300x300.png 300w, https:\/\/laiga194.it\/wp-content\/uploads\/2020\/03\/vf-80x80.png 80w, https:\/\/laiga194.it\/wp-content\/uploads\/2020\/03\/vf-36x36.png 36w, https:\/\/laiga194.it\/wp-content\/uploads\/2020\/03\/vf-180x180.png 180w\" sizes=\"auto, (max-width: 170px) 100vw, 170px\" \/><\/a><\/p>\n<h3><strong><a href=\"https:\/\/laiga194.it\/fr\/types-davortement-en-italie\/\">AVORTER<\/a><\/strong><\/h3>\n<p>Si vous ne souhaitez pas accoucher, m\u00eame <a href=\"https:\/\/laiga194.it\/fr\/accouchement-anonyme\/\">de mani\u00e8re anonyme<\/a>, et que vous envisagez une interruption de grossesse, commencez par vous informer pr\u00e9cis\u00e9ment sur <strong>les proc\u00e9dures existantes en Italie<\/strong>: la m\u00e9thode m\u00e9dicamenteuse (RU486) et la m\u00e9thode chirurgicale (aspiration ut\u00e9rine), pr\u00e9sent\u00e9es de mani\u00e8re comparative, dans le cadre juridique italien.<\/p>\n<\/div><\/section><br \/>\n<div  style='height:10px' class='hr hr-invisible   avia-builder-el-16  el_after_av_textblock  el_before_av_textblock '><span class='hr-inner ' ><span class='hr-inner-style'><\/span><\/span><\/div><br \/>\n<section class=\"av_textblock_section \"  itemscope=\"itemscope\" itemtype=\"https:\/\/schema.org\/CreativeWork\" ><div class='avia_textblock  '   itemprop=\"text\" ><p><a href=\"https:\/\/laiga194.it\/mappa-ospedali-italiani-ivg-itg\/\"><img loading=\"lazy\" decoding=\"async\" class=\"iconcine2 alignleft wp-image-746\" src=\"http:\/\/laiga194.it\/wp-content\/uploads\/2020\/03\/pin.png\" alt=\"\" width=\"170\" height=\"170\" srcset=\"https:\/\/laiga194.it\/wp-content\/uploads\/2020\/03\/pin.png 399w, https:\/\/laiga194.it\/wp-content\/uploads\/2020\/03\/pin-300x300.png 300w, https:\/\/laiga194.it\/wp-content\/uploads\/2020\/03\/pin-80x80.png 80w, https:\/\/laiga194.it\/wp-content\/uploads\/2020\/03\/pin-36x36.png 36w, https:\/\/laiga194.it\/wp-content\/uploads\/2020\/03\/pin-180x180.png 180w\" sizes=\"auto, (max-width: 170px) 100vw, 170px\" \/><\/a><\/p>\n<h3><a href=\"https:\/\/laiga194.it\/mappa-ospedali-italiani-ivg-itg\/\"><strong>CARTE<\/strong><\/a><\/h3>\n<p data-start=\"772\" data-end=\"1055\">LAIGA a choisi de recenser<strong> les h\u00f4pitaux italiens qui proposent le service d\u2019interruption de grossesse<\/strong> afin d\u2019am\u00e9liorer l\u2019acc\u00e8s \u00e0 ce service de sant\u00e9. Nous accueillons les retours et les informations concernant les lieux et structures manquants. Participez au recensement.<\/p>\n<\/div><\/section><br \/>\n<div  style='height:10px' class='hr hr-invisible   avia-builder-el-18  el_after_av_textblock  el_before_av_hr '><span class='hr-inner ' ><span class='hr-inner-style'><\/span><\/span><\/div><br \/>\n<div  style='height:50px' class='hr hr-invisible   avia-builder-el-19  el_after_av_hr  el_before_av_icon_box '><span class='hr-inner ' ><span class='hr-inner-style'><\/span><\/span><\/div><br \/>\n<article  class=\"iconbox iconbox_left    avia-builder-el-20  el_after_av_hr  el_before_av_textblock  \"  itemscope=\"itemscope\" itemtype=\"https:\/\/schema.org\/CreativeWork\" ><div class=\"iconbox_content\"><header class=\"entry-content-header\"><div class=\"iconbox_icon heading-color\" aria-hidden='true' data-av_icon='\ue806' data-av_iconfont='entypo-fontello'  ><\/div><h3 class='iconbox_content_title  '  itemprop=\"headline\"  >SOUTENEZ-NOUS<\/h3><\/header><div class='iconbox_content_container  '  itemprop=\"text\"  ><\/div><\/div><footer class=\"entry-footer\"><\/footer><\/article><br \/>\n<section class=\"av_textblock_section \"  itemscope=\"itemscope\" itemtype=\"https:\/\/schema.org\/CreativeWork\" ><div class='avia_textblock  '   itemprop=\"text\" ><p><a href=\"https:\/\/laiga194.it\/il-tuo-5-x-1000-a-laiga-odv-2025\/\"><img loading=\"lazy\" decoding=\"async\" class=\"iconcine2 alignleft wp-image-2449 size-square\" src=\"http:\/\/laiga194.it\/wp-content\/uploads\/2024\/06\/5x1000-180x180.jpg\" alt=\"Due mani tengono un cuore verde\" width=\"180\" height=\"180\" srcset=\"https:\/\/laiga194.it\/wp-content\/uploads\/2024\/06\/5x1000-180x180.jpg 180w, https:\/\/laiga194.it\/wp-content\/uploads\/2024\/06\/5x1000-80x80.jpg 80w, https:\/\/laiga194.it\/wp-content\/uploads\/2024\/06\/5x1000-36x36.jpg 36w\" sizes=\"auto, (max-width: 180px) 100vw, 180px\" \/><\/a><\/p>\n<h3><strong><a title=\"Il tuo 5 x 1.000 a L.A.I.G.A. OdV\" href=\"https:\/\/laiga194.it\/il-tuo-5-x-1000-a-laiga-odv-2025\/\">FAITES UN DON SANS FRAIS<\/a><\/strong><\/h3>\n<p>Si vous payez des imp\u00f4ts en Italie, L.A.I.G.A ODV figure parmi les associations auxquelles vous pouvez attribuer <strong>votre <em data-start=\"1030\" data-end=\"1038\">5\u00d71000<\/em><\/strong>. Soutenez-nous: lors de la d\u00e9claration <strong><em data-start=\"1079\" data-end=\"1084\">730<\/em><\/strong> ou de la d\u00e9claration de revenus des personnes physiques, signez et indiquez notre Code Fiscal <strong data-start=\"1179\" data-end=\"1194\">97643320589<\/strong>. Ensemble, nous pouvons \u0153uvrer pour le respect des droits.<\/p>\n<\/div><\/section><br \/>\n<div  style='height:10px' class='hr hr-invisible   avia-builder-el-22  el_after_av_textblock  el_before_av_textblock '><span class='hr-inner ' ><span class='hr-inner-style'><\/span><\/span><\/div><br \/>\n<section class=\"av_textblock_section \"  itemscope=\"itemscope\" itemtype=\"https:\/\/schema.org\/CreativeWork\" ><div class='avia_textblock  '   itemprop=\"text\" ><p><img loading=\"lazy\" decoding=\"async\" class=\"iconcine2 wp-image-2884 size-square alignleft\" src=\"http:\/\/laiga194.it\/wp-content\/uploads\/2025\/04\/Donazioni-180x180.png\" alt=\"salvadanaio\" width=\"180\" height=\"180\" srcset=\"https:\/\/laiga194.it\/wp-content\/uploads\/2025\/04\/Donazioni-180x180.png 180w, https:\/\/laiga194.it\/wp-content\/uploads\/2025\/04\/Donazioni-80x80.png 80w, https:\/\/laiga194.it\/wp-content\/uploads\/2025\/04\/Donazioni-36x36.png 36w\" sizes=\"auto, (max-width: 180px) 100vw, 180px\" \/><\/p>\n<h3><strong>FAIRE UN DON\u00a0<\/strong><\/h3>\n<p>Vous pouvez faire un don par virement bancaire sur le compte au nom de <strong data-start=\"841\" data-end=\"855\">L.A.I.G.A.<\/strong><br data-start=\"855\" data-end=\"858\" \/><strong data-start=\"858\" data-end=\"868\">IBAN :<\/strong> IT22 S050 1803 2000 0002 0000 952 \u2013 <em data-start=\"905\" data-end=\"918\">Banca Etica<\/em>,<br data-start=\"919\" data-end=\"922\" \/>ou utiliser le bouton ci-dessous pour effectuer un don via <strong data-start=\"981\" data-end=\"991\">PayPal<\/strong> (des frais de service s\u2019appliquent dans ce cas).<\/p>\n<\/div><\/section><br \/>\n<\/p><\/div><\/p>\n<div  style='height:20px' class='hr hr-invisible   avia-builder-el-25  el_after_av_one_half  avia-builder-el-last '><span class='hr-inner ' ><span class='hr-inner-style'><\/span><\/span><\/div>\n","protected":false},"excerpt":{"rendered":"","protected":false},"author":4,"featured_media":0,"parent":0,"menu_order":0,"comment_status":"closed","ping_status":"closed","template":"","meta":{"footnotes":""},"class_list":["post-3269","page","type-page","status-publish","hentry"],"aioseo_notices":[],"_links":{"self":[{"href":"https:\/\/laiga194.it\/fr\/wp-json\/wp\/v2\/pages\/3269","targetHints":{"allow":["GET"]}}],"collection":[{"href":"https:\/\/laiga194.it\/fr\/wp-json\/wp\/v2\/pages"}],"about":[{"href":"https:\/\/laiga194.it\/fr\/wp-json\/wp\/v2\/types\/page"}],"author":[{"embeddable":true,"href":"https:\/\/laiga194.it\/fr\/wp-json\/wp\/v2\/users\/4"}],"replies":[{"embeddable":true,"href":"https:\/\/laiga194.it\/fr\/wp-json\/wp\/v2\/comments?post=3269"}],"version-history":[{"count":24,"href":"https:\/\/laiga194.it\/fr\/wp-json\/wp\/v2\/pages\/3269\/revisions"}],"predecessor-version":[{"id":4124,"href":"https:\/\/laiga194.it\/fr\/wp-json\/wp\/v2\/pages\/3269\/revisions\/4124"}],"wp:attachment":[{"href":"https:\/\/laiga194.it\/fr\/wp-json\/wp\/v2\/media?parent=3269"}],"curies":[{"name":"wp","href":"https:\/\/api.w.org\/{rel}","templated":true}]}}