{"id":3176,"date":"2020-02-19T01:22:25","date_gmt":"2020-02-19T00:22:25","guid":{"rendered":"https:\/\/laiga194.it\/?page_id=3176"},"modified":"2026-01-17T19:59:17","modified_gmt":"2026-01-17T18:59:17","slug":"etat-de-grossesse","status":"publish","type":"page","link":"https:\/\/laiga194.it\/fr\/etat-de-grossesse\/","title":{"rendered":"\u00c0 QUEL STADE SUIS-JE?"},"content":{"rendered":"<div class=\"flex_column av_four_fifth  flex_column_div av-zero-column-padding first  avia-builder-el-0  el_before_av_one_fifth  avia-builder-el-first  \" style='border-radius:0px; '><p><section class=\"av_textblock_section \"  itemscope=\"itemscope\" itemtype=\"https:\/\/schema.org\/CreativeWork\" ><div class='avia_textblock  '  style='font-size:30px; '  itemprop=\"text\" ><p><strong>\u00c0 QUEL STADE SUIS-JE?<\/strong><\/p>\n<\/div><\/section><br \/>\n<div  style='padding-bottom:10px; ' class='av-special-heading av-special-heading-h2  blockquote modern-quote  avia-builder-el-2  el_after_av_textblock  el_before_av_textblock  '><h2 class='av-special-heading-tag '  itemprop=\"headline\"  >Comment savoir si je suis enceinte?<\/h2><div class='special-heading-border'><div class='special-heading-inner-border' ><\/div><\/div><\/div><br \/>\n<section class=\"av_textblock_section \"  itemscope=\"itemscope\" itemtype=\"https:\/\/schema.org\/CreativeWork\" ><div class='avia_textblock  '   itemprop=\"text\" ><p><span style=\"font-weight: 400;\">Si tu <strong>penses<\/strong> \u00eatre enceinte, la premi\u00e8re chose \u00e0 faire est de <strong>savoir si tu l&rsquo;es vraiment<\/strong>.<\/span><\/p>\n<p><span style=\"font-weight: 400;\">Pour confirmer l&rsquo;\u00e9tat de grossesse, tu peux faire:<\/span><\/p>\n<ul>\n<li><span style=\"font-weight: 400;\"><strong> soit un test d\u2019urine<\/strong> que tu peux acheter en pharmacie ou en apportant ton urine \u00e0 un laboratoire d\u2019analyse;<\/span><\/li>\n<li><span style=\"font-weight: 400;\"> soit un <strong>test sanguin\/d\u2019urine en laboratoire d\u2019analyse<\/strong>, meilleure \u00a0option, plus fiable.<\/span><\/li>\n<\/ul>\n<p><span style=\"font-weight: 400;\">Tous les tests sont bas\u00e9s sur la recherche de l&rsquo;<strong>hormone de grossesse appel\u00e9e b\u00eata-hCG<\/strong>.<\/span><\/p>\n<p><span style=\"font-weight: 400;\">Si tu penses \u00eatre enceinte, ou si tu en es s\u00fbre gr\u00e2ce au r\u00e9sultat du test, la prochaine chose \u00e0 faire est de <strong>calculer \u00e0 quel stade de ta grossesse<\/strong> tu en es. <\/span><\/p>\n<\/div><\/section><br \/>\n<div  style='padding-bottom:10px; ' class='av-special-heading av-special-heading-h2  blockquote modern-quote  avia-builder-el-4  el_after_av_textblock  el_before_av_textblock  '><h2 class='av-special-heading-tag '  itemprop=\"headline\"  >Comment savoir de combien de semaines je suis enceinte?<\/h2><div class='special-heading-border'><div class='special-heading-inner-border' ><\/div><\/div><\/div><br \/>\n<section class=\"av_textblock_section \"  itemscope=\"itemscope\" itemtype=\"https:\/\/schema.org\/CreativeWork\" ><div class='avia_textblock  '   itemprop=\"text\" ><p><span style=\"font-weight: 400;\">Par convention internationale, <strong>le premier jour des derni\u00e8res r\u00e8gles<\/strong> est consid\u00e9r\u00e9 comme le premier jour de la grossesse. Ci-dessous, tu peux entrer quelques donn\u00e9es sur ton cycle menstruel et <strong>calculer ton \u00e2ge gestationnel<\/strong>. L&rsquo;<strong>avortement volontaire<\/strong>, r\u00e9glement\u00e9 en Italie par la loi 194\/78, est possible <strong>jusqu&rsquo;au 90e jour<\/strong>, c&rsquo;est-\u00e0-dire la 12e semaine plus six jours. <strong>Apr\u00e8s cette date, il est possible d&rsquo;aller \u00e0 l&rsquo;\u00e9tranger<\/strong>, dans l&rsquo;un des pays qui ont un d\u00e9lai diff\u00e9rent de celui pr\u00e9vu par la loi italienne. Tu trouveras les indications dans la section IVG DANS LES 90 JOURS &#8211; IVG APR\u00c8S 12 SEMAINES \u00c0 L&rsquo;\u00c9TRANGER.\u00a0<\/span><\/p>\n<\/div><\/section><br \/>\n<div  style='padding-bottom:10px; ' class='av-special-heading av-special-heading-h3  blockquote classic-quote classic-quote-left  avia-builder-el-6  el_after_av_textblock  el_before_av_hr  '><h3 class='av-special-heading-tag '  itemprop=\"headline\"  >Outil pour calculer les semaines de grossesse<\/h3><div class ='av-subheading av-subheading_below  ' style='font-size:15px;'><p>CALENDRIER GESTATIONNEL<\/p>\n<\/div><div class='special-heading-border'><div class='special-heading-inner-border' ><\/div><\/div><\/div><br \/>\n<div  style='height:50px' class='hr hr-invisible   avia-builder-el-7  el_after_av_heading  el_before_av_codeblock '><span class='hr-inner ' ><span class='hr-inner-style'><\/span><\/span><\/div><br \/>\n<br \/>\n<div  style='height:50px' class='hr hr-invisible   avia-builder-el-9  el_after_av_codeblock  el_before_av_heading '><span class='hr-inner ' ><span class='hr-inner-style'><\/span><\/span><\/div><br \/>\n<div  style='padding-bottom:10px; ' class='av-special-heading av-special-heading-h2  blockquote modern-quote  avia-builder-el-10  el_after_av_hr  el_before_av_textblock  '><h2 class='av-special-heading-tag '  itemprop=\"headline\"  >Quelles sont mes options en Italie si je suis confront\u00e9e \u00e0 une grossesse non planifi\u00e9e?<\/h2><div class='special-heading-border'><div class='special-heading-inner-border' ><\/div><\/div><\/div><br \/>\n<section class=\"av_textblock_section \"  itemscope=\"itemscope\" itemtype=\"https:\/\/schema.org\/CreativeWork\" ><div class='avia_textblock  '   itemprop=\"text\" ><p><span style=\"font-weight: 400;\">Tu as trois possibilit\u00e9s devant toi:<\/span><\/p>\n<ol>\n<li><strong>Poursuivre la grossesse<\/strong> et, en l&rsquo;absence de circonstances impr\u00e9vues, devenir <strong>parent<\/strong>;<\/li>\n<li><strong>Poursuivre la grossesse<\/strong> e<strong><span style=\"font-weight: 400;\">t <strong>confier l&rsquo;enfant<\/strong> \u00e0 l&rsquo;adoption ou \u00e0 une famille d&rsquo;accueil;<\/span><\/strong><\/li>\n<li><strong>Interrompre la grossesse<\/strong> par un avortement volontaire<span style=\"font-weight: 400;\"> si tu es dans les d\u00e9lais l\u00e9gaux pour le faire.<\/span><\/li>\n<\/ol>\n<p><span style=\"font-weight: 400;\">Quelquefois, il est <strong>difficile de prendre une d\u00e9cision,<\/strong> et tu peux avoir des <strong>sentiments contradictoires<\/strong> \u00e0 propos de la grossesse, surtout lorsqu&rsquo;elle arrive de fa\u00e7on inattendue. Quels que soient tes sentiments, tes r\u00e9actions peuvent \u00eatre diff\u00e9rentes. Pour t&rsquo;aider \u00e0 r\u00e9fl\u00e9chir, il peut \u00eatre utile de te poser des questions comme celles ci-dessous.<\/span><\/p>\n<\/div><\/section><br \/>\n<div  style='padding-bottom:10px; ' class='av-special-heading av-special-heading-h2  blockquote modern-quote  avia-builder-el-12  el_after_av_textblock  el_before_av_textblock  '><h2 class='av-special-heading-tag '  itemprop=\"headline\"  >Comment d\u00e9cider quoi faire?<\/h2><div class='special-heading-border'><div class='special-heading-inner-border' ><\/div><\/div><\/div><br \/>\n<section class=\"av_textblock_section \"  itemscope=\"itemscope\" itemtype=\"https:\/\/schema.org\/CreativeWork\" ><div class='avia_textblock  '   itemprop=\"text\" ><p>Toi seule peux prendre cette d\u00e9cision, car les cons\u00e9quences reposeront principalement sur tes \u00e9paules. Essaie de te poser la question suivante :<\/p>\n<p><b>Quels sont mes espoirs et mes projets pour l&rsquo;avenir?<\/b><\/p>\n<p><b>Que penserais-je de la r\u00e9alisation de ces projets et de ces espoirs si&#8230; <\/b><span style=\"font-weight: 400;\"><br \/>\n<\/span><span style=\"font-weight: 400;\">\u2026je devenais parent?<\/span><span style=\"font-weight: 400;\"><br \/>\n<\/span><span style=\"font-weight: 400;\"> &#8230; je confiais l&rsquo;enfant \u00e0 l&rsquo;adoption?<\/span><span style=\"font-weight: 400;\"><br \/>\n<\/span><span style=\"font-weight: 400;\"> &#8230;interrompais la grossesse?<\/span><\/p>\n<p><b>Quelles sont les deux ou trois choses qui comptent le plus pour moi dans ma vie?<\/b><b><br \/>\n<\/b><b>Devrais-je perdre ou abandonner quelque chose si&#8230; ..<\/b><span style=\"font-weight: 400;\"><br \/>\n<\/span><span style=\"font-weight: 400;\">\u2026je devenais parent?<\/span><span style=\"font-weight: 400;\"><br \/>\n<\/span><span style=\"font-weight: 400;\"> &#8230; je confiais l&rsquo;enfant \u00e0 l&rsquo;adoption?<\/span><span style=\"font-weight: 400;\"><br \/>\n<\/span><span style=\"font-weight: 400;\"> &#8230;interrompais la grossesse?<\/span><\/p>\n<p><b>Quelles sont les deux ou trois choses que j&rsquo;esp\u00e8re r\u00e9aliser dans les cinq \u00e0 dix prochaines ann\u00e9es?<\/b><b><br \/>\n<\/b><b>Que pourrais-je perdre, ou \u00e0 quoi pourrais-je renoncer dans les cinq \u00e0 dix prochaines ann\u00e9es, si&#8230; <\/b><span style=\"font-weight: 400;\"><br \/>\n<\/span><span style=\"font-weight: 400;\">\u2026je devenais parent?<\/span><span style=\"font-weight: 400;\"><br \/>\n<\/span><span style=\"font-weight: 400;\"> &#8230; je confiais l&rsquo;enfant \u00e0 l&rsquo;adoption?<\/span><span style=\"font-weight: 400;\"><br \/>\n<\/span><span style=\"font-weight: 400;\"> &#8230;interrompais la grossesse?<\/span><\/p>\n<p><b>Comment les personnes qui comptent pour moi (partenaire, famille, amis) pourraient-elles r\u00e9agir \u00e0 mon \u00e9gard si&#8230; ..<\/b><span style=\"font-weight: 400;\"><br \/>\n<\/span><span style=\"font-weight: 400;\">\u2026je devenais parent?<\/span><span style=\"font-weight: 400;\"><br \/>\n<\/span><span style=\"font-weight: 400;\"> &#8230;je confiais l&rsquo;enfant \u00e0 l&rsquo;adoption?<\/span><span style=\"font-weight: 400;\"><br \/>\n<\/span><span style=\"font-weight: 400;\"> &#8230;interrompais la grossesse?<\/span><\/p>\n<p><b>Compte tenu de mes valeurs et de mes croyances, comment me sentirais-je si&#8230; ..<\/b><span style=\"font-weight: 400;\"><br \/>\n<\/span><span style=\"font-weight: 400;\">\u2026je devenais parent?<\/span><span style=\"font-weight: 400;\"><br \/>\n<\/span><span style=\"font-weight: 400;\"> &#8230;je confiais l&rsquo;enfant \u00e0 l&rsquo;adoption?<\/span><span style=\"font-weight: 400;\"><br \/>\n<\/span><span style=\"font-weight: 400;\"> &#8230;interrompais la grossesse?<\/span><\/p>\n<p><span style=\"font-weight: 400;\">Nous esp\u00e9rons que ces questions pourront t&rsquo;aider, mais il est plus que l\u00e9gitime d&rsquo;avoir encore des sentiments contradictoires. Prendre une d\u00e9cision peut \u00eatre difficile et effrayant. Tu pourrais essayer de terminer les phrases suivantes et voir ce que tu ressens.<\/span><\/p>\n<p><b>L&rsquo;id\u00e9e de devenir parent me fait sentir&#8230;.<\/b><b><br \/>\n<\/b><b>(parce que&#8230;)<\/b><b><br \/>\n<\/b><b>L&rsquo;id\u00e9e de confier l\u2019enfant \u00e0 l\u2019adoption me fait sentir&#8230;<\/b><b><br \/>\n<\/b><b>(parce que&#8230;)<\/b><b><br \/>\n<\/b><b>L&rsquo;id\u00e9e d&rsquo;avorter me fait sentir&#8230;<\/b><b><br \/>\n<\/b><b>(parce que&#8230;)<\/b><\/p>\n<p><b>Et si je ne sais toujours pas?<\/b><\/p>\n<p><span style=\"font-weight: 400;\">Il est normal de continuer \u00e0 \u00e9prouver des sentiments contradictoires \u00e0 propos de chaque choix possible. Il se peut que, quel que soit le choix que tu fasses, tu ne le per\u00e7oives toujours pas comme la d\u00e9cision parfaite.<\/span><\/p>\n<p><b>Demande-toi<\/b><span style=\"font-weight: 400;\">: \u00ab\u00a0Puis-je vivre avec ces sentiments ?\u00a0\u00bb Si la r\u00e9ponse est \u00ab\u00a0oui\u00a0\u00bb, alors tu es pr\u00eat \u00e0 prendre une d\u00e9cision.<\/span><\/p>\n<p><span style=\"font-weight: 400;\">Si tu n&rsquo;es toujours pas s\u00fbr, il est possible que <\/span><span style=\"font-weight: 400;\">tu aies besoin de:<\/span><\/p>\n<ul>\n<li><span style=\"font-weight: 400;\"><strong> rassembler plus d&rsquo;informations,<\/strong> par exemple d\u2019un point de vue m\u00e9dical, ou du point de vue du soutien financier qui peut \u00eatre re\u00e7u du gouvernement;<\/span><\/li>\n<li><span style=\"font-weight: 400;\"><strong>parler \u00e0 quelqu&rsquo;un en qui tu as confiance<\/strong>, qui ne pourra peut-\u00eatre pas d\u00e9cider \u00e0 ta place, mais qui pourra t&rsquo;aider \u00e0 d\u00e9cider ce qui est le mieux pour toi. Cette personne peut \u00eatre un parent, un autre membre de la famille, ton partenaire ou quelqu&rsquo;un dont tu te sens proche.<\/span><\/li>\n<li><strong>parler \u00e0 un psychologue<\/strong> <strong>pro-choix<\/strong>, qui placera ton bien-\u00eatre au sommet de ses priorit\u00e9s, sans te faire sentir jug\u00e9e.<\/li>\n<\/ul>\n<p>N&rsquo;oublie pas:<\/p>\n<ul>\n<li>Pour recueillir des informations m\u00e9dicales, ne te fie qu&rsquo;\u00e0 des <strong>professionnels de sant\u00e9 pro-choix<\/strong>. Ne te fie pas aux personnes ou aux sites web ayant une <strong>position id\u00e9ologique anti-avortement<\/strong>, car les informations seraient fausses ou biais\u00e9es, et donc inutiles.<\/li>\n<li><strong>Le choix final t&rsquo;appartient<\/strong> et non \u00e0 ta famille ou \u00e0 ton\/ta partenaire. En effet, certaines personnes pr\u00e9f\u00e8rent ne pas en parler \u00e0 leurs proches tant qu&rsquo;elles n&rsquo;ont pas pris leur d\u00e9cision, par crainte d&rsquo;<strong>\u00eatre influenc\u00e9es<\/strong>.<\/li>\n<li>de <strong>ne pas prendre trop de temps<\/strong> pour prendre ta d\u00e9cision. Si tu d\u00e9cides de poursuivre la grossesse, il est important de commencer \u00e0 \u00eatre suivie par une sage-femme et un\/e gyn\u00e9cologue imm\u00e9diatement pour pr\u00e9server ta sant\u00e9 et celle du b\u00e9b\u00e9. Si tu d\u00e9cides d\u2019avorter, tu dois faire le n\u00e9cessaire pour \u00eatre dans les d\u00e9lais l\u00e9gaux.<\/li>\n<\/ul>\n<\/div><\/section><br \/>\n<div  style='padding-bottom:10px; ' class='av-special-heading av-special-heading-h2  blockquote modern-quote  avia-builder-el-14  el_after_av_textblock  el_before_av_textblock  '><h2 class='av-special-heading-tag '  itemprop=\"headline\"  >Que faut-il savoir si tu est ind\u00e9cis?<\/h2><div class='special-heading-border'><div class='special-heading-inner-border' ><\/div><\/div><\/div><br \/>\n<section class=\"av_textblock_section \"  itemscope=\"itemscope\" itemtype=\"https:\/\/schema.org\/CreativeWork\" ><div class='avia_textblock  '   itemprop=\"text\" ><p>I nostri consigli come associazione medica pro-scelta che mette in cima a ogni cosa la tua salute psicofisica sono:<\/p>\n<ul>\n<li>di raccogliere informazioni mediche solo da <strong>personale sanitario pro-scelta<\/strong>, che ti ascolti con <strong>approccio laico;<\/strong><\/li>\n<li>lo stesso vale per le informazioni pratiche o la consulenza con un\u0259 psicolog\u0259, ti consigliamo di non affidarti a professionist\u0259 o siti internet che abbiano uno <strong>schieramento ideologico antiabortista<\/strong>, perch\u00e9 le informazioni potrebbero essere false, o parziali, o volte a manipolarti, quindi inutili;<\/li>\n<li>che <strong>la scelta finale \u00e8 solo tua<\/strong> e non della tua famiglia o dell\u0259 partner. Anzi, alcune persone preferiscono non parlare con i propri cari fino a che non abbiano preso una decisione personale, per paura di sentirsi influenzate;<\/li>\n<li>purtroppo <strong>non hai molto tempo<\/strong>. Se si decide di continuare con la gravidanza, \u00e8 importante iniziare subito a farsi seguire da un\u2019ostetrica e da una ginecologa per salvaguardare la salute tua e della potenziale nuova vita. Allo stesso modo, se si decide di abortire, bisogna agire per poter rientrare nei tempi legali per farlo.<\/li>\n<\/ul>\n<\/div><\/section><\/p><\/div><div class=\"flex_column av_one_fifth  flex_column_div av-zero-column-padding   avia-builder-el-16  el_after_av_four_fifth  avia-builder-el-last  \" style='border-radius:0px; '><p><div  class='avia-image-container avia_animated_image avia_animate_when_almost_visible pop-up av-styling-    avia-builder-el-17  el_before_av_sidebar  avia-builder-el-first  incentro avia-align-center '  itemprop=\"image\" itemscope=\"itemscope\" itemtype=\"https:\/\/schema.org\/ImageObject\"  ><div class='avia-image-container-inner'><div class='avia-image-overlay-wrap'><img decoding=\"async\" class='wp-image-0 avia-img-lazy-loading-not-0 avia_image' src=\"http:\/\/inzuwebdesigndue.altervista.org\/wp-content\/uploads\/2020\/03\/data2.jpg\" alt='' title=''   itemprop=\"thumbnailUrl\"  \/><\/div><\/div><\/div><br \/>\n<div  class='avia-builder-widget-area clearfix  avia-builder-el-18  el_after_av_image  avia-builder-el-last '><div id=\"nav_menu-2\" class=\"widget clearfix widget_nav_menu\"><h3 class=\"widgettitle\">pour tout\u00b7es<\/h3><div class=\"menu-pour-tout%c2%b7es-francese-container\"><ul id=\"menu-pour-tout%c2%b7es-francese\" class=\"menu\"><li id=\"menu-item-3322\" class=\"menu-item menu-item-type-post_type menu-item-object-page menu-item-3322\"><a href=\"https:\/\/laiga194.it\/fr\/etat-de-grossesse\/\">\u00c0 QUEL STADE SUIS-JE?<\/a><\/li>\n<li id=\"menu-item-3490\" class=\"menu-item menu-item-type-post_type menu-item-object-page menu-item-3490\"><a href=\"https:\/\/laiga194.it\/fr\/accouchement-anonyme\/\">L\u2019ACCOUCHEMENT ANONYME EN ITALIE<\/a><\/li>\n<li id=\"menu-item-3323\" class=\"menu-item menu-item-type-post_type menu-item-object-page menu-item-3323\"><a href=\"https:\/\/laiga194.it\/fr\/types-davortement-en-italie\/\">TYPES D\u2019AVORTEMENT EN ITALIE<\/a><\/li>\n<li id=\"menu-item-3488\" class=\"menu-item menu-item-type-post_type menu-item-object-page menu-item-3488\"><a href=\"https:\/\/laiga194.it\/fr\/personne-etrangere\/\">PERSONNE \u00c9TRANG\u00c8RE<\/a><\/li>\n<\/ul><\/div><\/div><\/div><\/p><\/div><\/p>\n","protected":false},"excerpt":{"rendered":"","protected":false},"author":4,"featured_media":0,"parent":0,"menu_order":0,"comment_status":"closed","ping_status":"closed","template":"","meta":{"footnotes":""},"class_list":["post-3176","page","type-page","status-publish","hentry"],"aioseo_notices":[],"_links":{"self":[{"href":"https:\/\/laiga194.it\/fr\/wp-json\/wp\/v2\/pages\/3176","targetHints":{"allow":["GET"]}}],"collection":[{"href":"https:\/\/laiga194.it\/fr\/wp-json\/wp\/v2\/pages"}],"about":[{"href":"https:\/\/laiga194.it\/fr\/wp-json\/wp\/v2\/types\/page"}],"author":[{"embeddable":true,"href":"https:\/\/laiga194.it\/fr\/wp-json\/wp\/v2\/users\/4"}],"replies":[{"embeddable":true,"href":"https:\/\/laiga194.it\/fr\/wp-json\/wp\/v2\/comments?post=3176"}],"version-history":[{"count":30,"href":"https:\/\/laiga194.it\/fr\/wp-json\/wp\/v2\/pages\/3176\/revisions"}],"predecessor-version":[{"id":3223,"href":"https:\/\/laiga194.it\/fr\/wp-json\/wp\/v2\/pages\/3176\/revisions\/3223"}],"wp:attachment":[{"href":"https:\/\/laiga194.it\/fr\/wp-json\/wp\/v2\/media?parent=3176"}],"curies":[{"name":"wp","href":"https:\/\/api.w.org\/{rel}","templated":true}]}}