{"id":3708,"date":"2025-03-06T17:26:24","date_gmt":"2025-03-06T16:26:24","guid":{"rendered":"https:\/\/laiga194.it\/?page_id=3708"},"modified":"2026-01-29T19:58:02","modified_gmt":"2026-01-29T18:58:02","slug":"certificado-de-aborto","status":"publish","type":"page","link":"https:\/\/laiga194.it\/es\/certificado-de-aborto\/","title":{"rendered":"CERTIFICADO DE ABORTO"},"content":{"rendered":"<div class=\"flex_column av_four_fifth  flex_column_div first  avia-builder-el-0  el_before_av_one_fifth  avia-builder-el-first  \" style='padding:0px 2px 0px 2px ; border-radius:0px; '><p><div  style='padding-bottom:10px; ' class='av-special-heading av-special-heading-h2    avia-builder-el-1  el_before_av_textblock  avia-builder-el-first  '><h2 class='av-special-heading-tag '  itemprop=\"headline\"  >\u00bfPor qu\u00e9 en Italia es necesario un certificado de aborto (IVG)?<\/h2><div class='special-heading-border'><div class='special-heading-inner-border' ><\/div><\/div><\/div><br \/>\n<section class=\"av_textblock_section \"  itemscope=\"itemscope\" itemtype=\"https:\/\/schema.org\/CreativeWork\" ><div class='avia_textblock  '   itemprop=\"text\" ><p data-start=\"0\" data-end=\"492\">En Italia, el certificado de aborto, tambi\u00e9n conocido como <strong>certificado de IVG, <\/strong><em data-start=\"133\" data-end=\"155\" data-is-only-node=\"\"><strong>\u201ccertificato di IVG\u201d<\/strong>,<\/em>\u00a0es un documento exigido por la Ley 194\/1978, que despenaliz\u00f3 el aborto en Italia. Est\u00e1 regulado en los art\u00edculos 5, 8 y 9 de dicha ley. Su funci\u00f3n dentro del <a href=\"https:\/\/laiga194.it\/es\/aborto-precoz-voluntario\/\">proceso de Interrupci\u00f3n Voluntaria del Embarazo (IVE, en italiano IVG)<\/a> es certificar tanto la <strong>existencia de un embarazo<\/strong> como la <strong>voluntad<\/strong> de la persona gestante de interrumpirlo.<\/p>\n<p data-start=\"494\" data-end=\"896\">Por este motivo, el certificado es emitido por une profesional <strong>m\u00e9dice junto con la persona<\/strong> que lo solicita. La consulta se lleva a cabo conforme a lo previsto por la Ley 194\/1978. En la actualidad, la normativa permite legalmente que la consulta se realice aun a <strong>distancia (v\u00eda telem\u00e1tica)<\/strong>, al igual que otros servicios sanitarios, en virtud del <a title=\"Decreto del Ministerio de Salud\" href=\"https:\/\/www.statoregioni.it\/it\/conferenza-stato-regioni\/sedute-2020\/seduta-del-17122020\/atti\/repertorio-atto-n-215csr\/\" target=\"_blank\" rel=\"noopener\">Decreto del Ministerio de Salud de 17 de diciembre de 2020 (Acto 215\/CSR<\/a>).<\/p>\n<\/div><\/section><\/p><\/div><div class=\"flex_column av_one_fifth  flex_column_div av-zero-column-padding   avia-builder-el-3  el_after_av_four_fifth  el_before_av_four_fifth  \" style='border-radius:0px; '><p><div  class='avia-image-container  av-styling-    avia-builder-el-4  el_before_av_textblock  avia-builder-el-first  avia-align-center '  itemprop=\"image\" itemscope=\"itemscope\" itemtype=\"https:\/\/schema.org\/ImageObject\"  ><div class='avia-image-container-inner'><div class='avia-image-overlay-wrap'><img decoding=\"async\" class='wp-image-2197 avia-img-lazy-loading-not-2197 avia_image' src=\"https:\/\/laiga194.it\/wp-content\/uploads\/2023\/10\/Manuale-aborto-scelta-senza-ostacoli-300x183.jpg\" alt='Manuale-aborto-scelta-senza-ostacoli' title='Manuale-aborto-scelta-senza-ostacoli' height=\"183\" width=\"300\"  itemprop=\"thumbnailUrl\" srcset=\"https:\/\/laiga194.it\/wp-content\/uploads\/2023\/10\/Manuale-aborto-scelta-senza-ostacoli-300x183.jpg 300w, https:\/\/laiga194.it\/wp-content\/uploads\/2023\/10\/Manuale-aborto-scelta-senza-ostacoli-768x470.jpg 768w, https:\/\/laiga194.it\/wp-content\/uploads\/2023\/10\/Manuale-aborto-scelta-senza-ostacoli-705x431.jpg 705w, https:\/\/laiga194.it\/wp-content\/uploads\/2023\/10\/Manuale-aborto-scelta-senza-ostacoli.jpg 1030w\" sizes=\"(max-width: 300px) 100vw, 300px\" \/><\/div><\/div><\/div><br \/>\n<section class=\"av_textblock_section \"  itemscope=\"itemscope\" itemtype=\"https:\/\/schema.org\/CreativeWork\" ><div class='avia_textblock  '   itemprop=\"text\" ><p><strong data-start=\"889\" data-end=\"936\">Gu\u00eda en italiano sobre el aborto en Italia<\/strong><br data-start=\"936\" data-end=\"939\" \/>Descarga la gu\u00eda para una <a title=\"Guia en Italiano\" href=\"https:\/\/www.ivgsenzama.it\/\" target=\"_blank\" rel=\"noopener\">IVG sin barreras<\/a><\/p>\n<\/div><\/section><\/p><\/div><div class=\"flex_column av_four_fifth  flex_column_div first  avia-builder-el-6  el_after_av_one_fifth  el_before_av_one_fifth  column-top-margin\" style='padding:0px 2px 0px 2px ; border-radius:0px; '><p><div  style='padding-bottom:10px; ' class='av-special-heading av-special-heading-h2    avia-builder-el-7  el_before_av_textblock  avia-builder-el-first  '><h2 class='av-special-heading-tag '  itemprop=\"headline\"  >Tiempo de espera de siete d\u00edas, o no<\/h2><div class='special-heading-border'><div class='special-heading-inner-border' ><\/div><\/div><\/div><br \/>\n<section class=\"av_textblock_section \"  itemscope=\"itemscope\" itemtype=\"https:\/\/schema.org\/CreativeWork\" ><div class='avia_textblock  '   itemprop=\"text\" ><p data-start=\"43\" data-end=\"391\">La legislaci\u00f3n italiana establece que, a partir de la <strong>fecha<\/strong> en que se emite el documento que certifica una solicitud de IVG no urgente, debe transcurrir un <strong>tiempo de espera de siete d\u00edas<\/strong> antes de que se lleve a cabo la interrupci\u00f3n. Este periodo tiene como finalidad permitir a la persona disponer de m\u00e1s tiempo para reflexionar sobre su decisi\u00f3n.<\/p>\n<p data-start=\"393\" data-end=\"632\">Sin embargo, si existen <strong>circunstancias m\u00e9dicas, psicol\u00f3gicas o sociales<\/strong> por las que no sea aconsejable esperar, el personal m\u00e9dico puede emitir un certificado con la indicaci\u00f3n de \u201curgente\u201d, <strong>eliminando as\u00ed el periodo de espera obligatorio<\/strong>.<\/p>\n<p>Cabe se\u00f1alar que la ley italiana de 1978 est\u00e1 desactualizada en comparaci\u00f3n con las <strong>recomendaciones actuales de la Organizaci\u00f3n Mundial de la Salud (OMS)<\/strong>, que aconseja tratar <strong>todas<\/strong> las interrupciones voluntarias del embarazo como urgentes, ya que cuanto antes se realiza el procedimiento, m\u00e1s seguro, eficaz y menos impactante resulta <strong>para la salud<\/strong> f\u00edsica y psicol\u00f3gica de la persona que ha tomado su decisi\u00f3n.<\/p>\n<p data-start=\"1046\" data-end=\"1150\">En una situaci\u00f3n ideal, por lo tanto, el personal m\u00e9dico deber\u00eda <strong>certificar siempre la IVG como urgente<\/strong>.<\/p>\n<p data-start=\"1152\" data-end=\"1525\">Recordamos tambi\u00e9n que, incluso disponiendo de un certificado de IVG urgente, es posible <strong>cambiar de opini\u00f3n<\/strong> hasta el momento en que el procedimiento se lleva a cabo materialmente. Adem\u00e1s, el Sistema Nacional de Salud italiano (SSN) rara vez puede garantizar un servicio completamente libre de tiempos de espera, principalmente debido a los retrasos causados por la objeci\u00f3n de conciencia.<\/p>\n<\/div><\/section><br \/>\n<div  class='avia-image-container  av-styling-    avia-builder-el-9  el_after_av_textblock  avia-builder-el-last  avia-align-center '  itemprop=\"image\" itemscope=\"itemscope\" itemtype=\"https:\/\/schema.org\/ImageObject\"  ><div class='avia-image-container-inner'><div class='avia-image-overlay-wrap'><img decoding=\"async\" class='wp-image-3710 avia-img-lazy-loading-not-3710 avia_image' src=\"https:\/\/laiga194.it\/wp-content\/uploads\/2025\/03\/time-1280x630.jpg\" alt='' title='time' height=\"630\" width=\"1280\"  itemprop=\"thumbnailUrl\"  \/><\/div><\/div><\/div><\/p><\/div><div class=\"flex_column av_one_fifth  flex_column_div av-zero-column-padding   avia-builder-el-10  el_after_av_four_fifth  el_before_av_four_fifth  column-top-margin\" style='border-radius:0px; '><\/div><\/p>\n<div class=\"flex_column av_four_fifth  flex_column_div first  avia-builder-el-11  el_after_av_one_fifth  el_before_av_one_fifth  column-top-margin\" style='padding:0px 2px 0px 2px ; border-radius:0px; '><p><div  style='padding-bottom:10px; ' class='av-special-heading av-special-heading-h2    avia-builder-el-12  el_before_av_textblock  avia-builder-el-first  '><h2 class='av-special-heading-tag '  itemprop=\"headline\"  >Dificultades para obtener el certificado de IVG<\/h2><div class='special-heading-border'><div class='special-heading-inner-border' ><\/div><\/div><\/div><br \/>\n<section class=\"av_textblock_section \"  itemscope=\"itemscope\" itemtype=\"https:\/\/schema.org\/CreativeWork\" ><div class='avia_textblock  '   itemprop=\"text\" ><p>El certificado puede ser emitido por <strong>cualquier profesional m\u00e9dico<\/strong> inscrito en el <em>Ordine dei Medici <\/em>(Colegio de M\u00e9dicos italiano), incluidas personas con una especializaci\u00f3n distinta de Ginecolog\u00eda, fuera de los consultorios p\u00fablicos de planificaci\u00f3n familiar, y aunque no sea el o la m\u00e9dica de cabecera de la persona solicitante.<\/p>\n<p data-start=\"384\" data-end=\"812\">No obstante, a pesar de que <strong>la objeci\u00f3n de conciencia no est\u00e1 prevista por la ley para la emisi\u00f3n del certificado de IVG<\/strong>, en Italia muchos consultorios y profesionales sanitarios se niegan a prestar este servicio de salud, de forma expl\u00edcita o impl\u00edcita. Recibimos con frecuencia informes de personas usuarias a quienes el personal sanitario declara no estar autorizado, les pide que regresen otro d\u00eda o las deriva a otro lugar.<\/p>\n<p data-start=\"814\" data-end=\"1068\">En estos casos, se recomienda presentar la solicitud mediante correo electr\u00f3nico certificado italiano (PEC), con el fin de disponer de una <strong>prueba escrita de la negativa ileg\u00edtima y poder denunciar la situaci\u00f3n<\/strong> con el apoyo de una organizaci\u00f3n pro-choice.<\/p>\n<p>Afortunadamente, los certificados de IVG tambi\u00e9n pueden emitirse mediante <strong>telemedicina<\/strong>: cualquier profesional m\u00e9dico no objetor puede desempe\u00f1ar el papel de m\u00e9dica o m\u00e9dico de confianza requerido por la ley, independientemente de su especialidad (ortopedia, androlog\u00eda, psiquiatr\u00eda, etc.).<\/p>\n<\/div><\/section><\/p><\/div><div class=\"flex_column av_one_fifth  flex_column_div av-zero-column-padding   avia-builder-el-14  el_after_av_four_fifth  el_before_av_four_fifth  column-top-margin\" style='border-radius:0px; '><div  class='avia-image-container  av-styling-    avia-builder-el-15  avia-builder-el-no-sibling  avia-align-center '  itemprop=\"image\" itemscope=\"itemscope\" itemtype=\"https:\/\/schema.org\/ImageObject\"  ><div class='avia-image-container-inner'><div class='avia-image-overlay-wrap'><img decoding=\"async\" class='wp-image-3711 avia-img-lazy-loading-not-3711 avia_image' src=\"https:\/\/laiga194.it\/wp-content\/uploads\/2025\/03\/telemedicina-686x1030.jpg\" alt='' title='telemedicina' height=\"1030\" width=\"686\"  itemprop=\"thumbnailUrl\" srcset=\"https:\/\/laiga194.it\/wp-content\/uploads\/2025\/03\/telemedicina-686x1030.jpg 686w, https:\/\/laiga194.it\/wp-content\/uploads\/2025\/03\/telemedicina-200x300.jpg 200w, https:\/\/laiga194.it\/wp-content\/uploads\/2025\/03\/telemedicina-768x1152.jpg 768w, https:\/\/laiga194.it\/wp-content\/uploads\/2025\/03\/telemedicina-470x705.jpg 470w, https:\/\/laiga194.it\/wp-content\/uploads\/2025\/03\/telemedicina.jpg 853w\" sizes=\"(max-width: 686px) 100vw, 686px\" \/><\/div><\/div><\/div><\/div><\/p>\n<div class=\"flex_column av_four_fifth  flex_column_div first  avia-builder-el-16  el_after_av_one_fifth  el_before_av_one_fifth  column-top-margin\" style='padding:0px 2px 0px 2px ; border-radius:0px; '><p><div  style='padding-bottom:10px; ' class='av-special-heading av-special-heading-h2    avia-builder-el-17  el_before_av_textblock  avia-builder-el-first  '><h2 class='av-special-heading-tag '  itemprop=\"headline\"  >\u00bfComo se hace el certificado de IVG?<\/h2><div class='special-heading-border'><div class='special-heading-inner-border' ><\/div><\/div><\/div><br \/>\n<section class=\"av_textblock_section \"  itemscope=\"itemscope\" itemtype=\"https:\/\/schema.org\/CreativeWork\" ><div class='avia_textblock  '   itemprop=\"text\" ><p>Aunque cualquier m\u00e9dico o m\u00e9dica inscrito\/a en el Colegio de M\u00e9dicos (Ordine dei Medici) puede emitir el certificado, <strong>las universidades de medicina italianas no ense\u00f1an c\u00f3mo hacerlo<\/strong>. Aqu\u00ed es donde ofrecemos apoyo.<\/p>\n<p>LA CONSULTA debe realizarse de conformidad con la ley. El art\u00edculo 5 de la Ley 194\/1978 establece que \u00ab<em>la funci\u00f3n del m\u00e9dico o m\u00e9dica es, en todos los casos, y especialmente cuando la solicitud de interrupci\u00f3n del embarazo est\u00e1 motivada por el impacto de condiciones econ\u00f3micas, sociales o familiares en la salud de la persona gestante, examinar, junto con la mujer y con el padre del concebido (cuando la mujer lo consienta), y con <strong>pleno respeto de la dignidad<\/strong> y la confidencialidad, las posibles soluciones a los problemas planteados; <strong>ayudar a eliminar las causas que podr\u00edan llevar a la interrupci\u00f3n del embarazo<\/strong>; permitirle hacer valer sus derechos como trabajadora y como madre; y promover cualquier intervenci\u00f3n adecuada para apoyarla, ofreci\u00e9ndole toda la ayuda necesaria tanto durante el embarazo como despu\u00e9s del parto<\/em>\u00ab.<\/p>\n<p data-start=\"1061\" data-end=\"1109\">Tras la consulta, puede emitirse el certificado.<\/p>\n<\/div><\/section><br \/>\n<section class=\"av_textblock_section \"  itemscope=\"itemscope\" itemtype=\"https:\/\/schema.org\/CreativeWork\" ><div class='avia_textblock  '   itemprop=\"text\" ><p style=\"text-align: center;\"><strong>Certificado de IVG (modelo)<\/strong><\/p>\n<p>[En papel con membrete que incluya los datos de inscripci\u00f3n del m\u00e9dico o m\u00e9dica en el Colegio de M\u00e9dicos italiano]<\/p>\n<p><span style=\"font-weight: 400;\">Documento rilasciato ai sensi di quanto previsto dall&#8217;art. 5 della legge n. 194\/78.<\/span><\/p>\n<p style=\"text-align: right;\"><strong>Data<\/strong><\/p>\n<p><span style=\"font-weight: 400;\">Si \u00e8 svolto oggi il colloquio telefonico\/in videochiamata\/di persona con [<\/span><em><span style=\"font-weight: 400;\">Nome e cognome persona richiedente],\u00a0<\/span><\/em><span style=\"font-weight: 400;\">nat_ a <em>[Citt\u00e0]<\/em> in provincia di [<em>Provincia<\/em>] il [<em>Data di nascita<\/em>],\u00a0<\/span><span style=\"font-weight: 400;\">residente a <em>[Citt\u00e0]<\/em> in via<em> [Indirizzo completo di Cap e provincia],\u00a0<\/em><\/span><span style=\"font-weight: 400;\">come risulta da documento personale esibito.<\/span><\/p>\n<p><span style=\"font-weight: 400;\">La stessa persona riferisce ultima mestruazione in data <em>[data]; <\/em>epoca di amenorrea: ___ settimane + ____giorni.<\/span><\/p>\n<p><span style=\"font-weight: 400;\">Accertamenti eseguiti: <em>(specificare: N test di gravidanza casalinghi positivi, o analisi del sangue con Beta, o ecografia)<\/em>, eseguiti in data <em>[data]<\/em> eventualmente\u00a0<em>[presso].<\/em><\/span><\/p>\n<p><span style=\"font-weight: 400;\">La persona interessata richiede l&#8217;interruzione volontaria della gravidanza in base alle circostanze <\/span><span style=\"font-weight: 400;\">previste dall&#8217;art. 4 della legge n. 194\/78.<\/span><\/p>\n<p><span style=\"font-weight: 400;\">Nel corso del colloquio sono state esaminate con la richiedente le possibili soluzioni, come previsto dall&#8217;art. 5 della legge n. 194\/78.<\/span><\/p>\n<p><span style=\"font-weight: 400;\">Il certificato, in questo caso \u00e8<\/span><\/p>\n<ul>\n<li style=\"font-weight: 400;\" aria-checked=\"false\" aria-level=\"1\"><span style=\"font-weight: 400;\">Normale<\/span><span style=\"font-weight: 400;\">. <em>(La persona richiedente \u00e8 <\/em><\/span><em> <span style=\"font-weight: 400;\">invitata a soprassedere per sette giorni, trascorsi i quali potr\u00e0 <\/span> <span style=\"font-weight: 400;\">presentarsi, con il suddetto documento, ad una delle <a href=\"https:\/\/laiga194.it\/mappa-ospedali-italiani-ivg-itg\/\">sedi autorizzate<\/a><\/span><span style=\"font-weight: 400;\">\u00a0per ottenere l&#8217;intervento richiesto).<\/span><\/em><span style=\"font-weight: 400;\"><br \/>\n<\/span><\/li>\n<li style=\"font-weight: 400;\" aria-checked=\"false\" aria-level=\"1\"><span style=\"font-weight: 400;\">D&#8217;urgenza<\/span><span style=\"font-weight: 400;\">.<em> (La persona richiedente <\/em><\/span> <span style=\"font-weight: 400;\"><em>non \u00e8 invitata a soprassedere per sette giorni e pu\u00f2 presentarsi nelle <a href=\"https:\/\/laiga194.it\/mappa-ospedali-italiani-ivg-itg\/\">sedi autorizzate<\/a>\u00a0per ottenere l&#8217;intervento richiesto)<\/em>. <\/span><\/li>\n<\/ul>\n<p data-start=\"0\" data-end=\"25\">Firma del m\u00e9dico o m\u00e9dica<\/p>\n<p data-start=\"27\" data-end=\"127\">Firma de la solicitante<\/p>\n<p data-start=\"27\" data-end=\"127\">TRADUCCI\u00d3N:<\/p>\n<p data-start=\"27\" data-end=\"127\">Documento emitido de conformidad con el art\u00edculo 5 de la Ley n.\u00ba 194\/1978.<\/p>\n<p data-start=\"129\" data-end=\"170\">[La fecha es muy importante, no la olviden!]<\/p>\n<p data-start=\"172\" data-end=\"508\">En el d\u00eda de hoy, se ha realizado una consulta por tel\u00e9fono\/videollamada\/presencial con [Nombre y apellidos de la persona solicitante], nacida en [Ciudad], provincia de [Provincia], el [Fecha de nacimiento], residente en [Ciudad], [Direcci\u00f3n completa con c\u00f3digo postal y provincia], seg\u00fan verificaci\u00f3n mediante documento de identidad aportado.<\/p>\n<p data-start=\"510\" data-end=\"615\">La persona declara que su \u00faltima menstruaci\u00f3n fue el [fecha]; per\u00edodo de amenorrea:___ semanas + ___ d\u00edas.<\/p>\n<p data-start=\"617\" data-end=\"796\">Pruebas realizadas: (especificar: n\u00famero de test de embarazo positivos realizados en casa, o an\u00e1lisis de sangre con beta-hCG, o ecograf\u00eda), realizadas el [fecha], si procede en [lugar].<\/p>\n<p data-start=\"798\" data-end=\"941\">La persona interesada solicita la interrupci\u00f3n voluntaria del embarazo en las circunstancias previstas en el art\u00edculo 4 de la Ley n.\u00ba 194\/1978.<\/p>\n<p data-start=\"943\" data-end=\"1080\">Durante la consulta,se han examinado con la solicitante las posibles opciones, seg\u00fan lo dispuesto en el art\u00edculo 5 de la Ley n.\u00ba 194\/1978.<\/p>\n<p data-start=\"1082\" data-end=\"1113\">Este certificado se emite como:<\/p>\n<ul>\n<li><strong>Est\u00e1ndar<\/strong>, se invita a la solicitante a esperar siete d\u00edas,tras los cuales podr\u00e1 presentarse,con este documento,en un centro autorizado para obtener la intervenci\u00f3n solicitada.<\/li>\n<li><strong>Urgente<\/strong>, la solicitante no est\u00e1 obligada a respetar un per\u00edodo de espera de siete d\u00edas y puede presentarse directamente en un centro autorizado para obtener la intervenci\u00f3n solicitada.<\/li>\n<\/ul>\n<p><strong>En caso de consulta mediante telemedicina,se recomienda a\u00f1adir el siguiente texto: <\/strong><\/p>\n<p>TRADUCCI\u00d3N: Esta consulta telef\u00f3nica\/videoconsulta ha sido grabada. [Nombre y apellidos] ha dado su consentimiento para la grabaci\u00f3n y para el tratamiento de los datos personales.La videoconsulta es equivalente a una visita presencial de conformidad con el Decreto del Ministerio de Sanidad de 17 de diciembre de 2020 (Acto 215\/CSR),y la firma digital es no repudiable.<\/p>\n<p data-start=\"0\" data-end=\"25\">Firma del m\u00e9dico o m\u00e9dica<\/p>\n<p data-start=\"27\" data-end=\"127\">Firma de la solicitante<\/p>\n<\/div><\/section><br \/>\n<div  style='padding-bottom:10px; ' class='av-special-heading av-special-heading-h2    avia-builder-el-20  el_after_av_textblock  el_before_av_textblock  '><h2 class='av-special-heading-tag '  itemprop=\"headline\"  >\u00bfCu\u00e1l es el siguiente paso?<\/h2><div class='special-heading-border'><div class='special-heading-inner-border' ><\/div><\/div><\/div><br \/>\n<section class=\"av_textblock_section \"  itemscope=\"itemscope\" itemtype=\"https:\/\/schema.org\/CreativeWork\" ><div class='avia_textblock  '   itemprop=\"text\" ><p data-start=\"33\" data-end=\"284\">Es recomendable animar a la persona interesada a <strong>reservar la cita para la IVG lo antes posible<\/strong>, teniendo en cuenta que la cita puede ser cancelada incluso el mismo d\u00eda que tendr\u00eda que ir, si la persona cambia de opini\u00f3n. Esto se debe a que en Italia, a menudo hay que esperar turnos durante d\u00edas o semanas.<\/p>\n<p data-start=\"286\" data-end=\"589\">En el caso de un certificado no urgente (est\u00e1ndar), la IVG se programar\u00e1 para <strong>la primera fecha disponible despu\u00e9s de siete d\u00edas a partir de la fecha de emisi\u00f3n del certificado<\/strong>. En el caso de un certificado urgente, los tiempos depender\u00e1n \u00fanicamente de la organizaci\u00f3n o de la capacidad del centro sanitario.<\/p>\n<p data-start=\"591\" data-end=\"868\">En Italia,suele ser m\u00e1s eficaz que la persona acuda <strong>en persona<\/strong> para realizar la reserva, llevando consigo el certificado de IVG. Antes de reservar, puede ser \u00fatil informarse sobre los <strong>tipos de aborto disponibles en Italia<\/strong> y comprobar <strong>qu\u00e9 t\u00e9cnicas ofrece el centro m\u00e1s conveniente<\/strong>.<\/p>\n<\/div><\/section><br \/>\n<div  class='av-social-sharing-box  avia-builder-el-22  el_after_av_textblock  avia-builder-el-last  av-social-sharing-box-minimal '><div class='av-share-box'><h5 class='av-share-link-description av-no-toc '>Condividi<\/h5><ul class='av-share-box-list noLightbox'><li class='av-share-link av-social-link-facebook' ><a target=\"_blank\" aria-label=\"Compartir en Facebook\" href='https:\/\/www.facebook.com\/sharer.php?u=https:\/\/laiga194.it\/es\/certificado-de-aborto\/&#038;t=CERTIFICADO%20DE%20ABORTO' aria-hidden='false' data-av_icon='\ue8f3' data-av_iconfont='entypo-fontello' title='' data-avia-related-tooltip='Compartir en Facebook' rel=\"noopener\"><span class='avia_hidden_link_text'>Compartir en Facebook<\/span><\/a><\/li><li class='av-share-link av-social-link-twitter' ><a target=\"_blank\" aria-label=\"Compartir en Twitter\" href='https:\/\/twitter.com\/share?text=CERTIFICADO%20DE%20ABORTO&#038;url=https:\/\/laiga194.it\/es\/?p=3708' aria-hidden='false' data-av_icon='\ue8f1' data-av_iconfont='entypo-fontello' title='' data-avia-related-tooltip='Compartir en Twitter' rel=\"noopener\"><span class='avia_hidden_link_text'>Compartir en Twitter<\/span><\/a><\/li><li class='av-share-link av-social-link-whatsapp' ><a target=\"_blank\" aria-label=\"Share on WhatsApp\" href='https:\/\/api.whatsapp.com\/send?text=https:\/\/laiga194.it\/es\/certificado-de-aborto\/' aria-hidden='false' data-av_icon='\uf232' data-av_iconfont='entypo-fontello' title='' data-avia-related-tooltip='Share on WhatsApp' rel=\"noopener\"><span class='avia_hidden_link_text'>Share on WhatsApp<\/span><\/a><\/li><li class='av-share-link av-social-link-mail' ><a  aria-label=\"Compartir por correo\" href='mailto:?subject=CERTIFICADO%20DE%20ABORTO&#038;body=https:\/\/laiga194.it\/es\/certificado-de-aborto\/' aria-hidden='false' data-av_icon='\ue805' data-av_iconfont='entypo-fontello' title='' data-avia-related-tooltip='Compartir por correo'><span class='avia_hidden_link_text'>Compartir por correo<\/span><\/a><\/li><\/ul><\/div><\/div><\/p><\/div><div class=\"flex_column av_one_fifth  flex_column_div av-zero-column-padding   avia-builder-el-23  el_after_av_four_fifth  avia-builder-el-last  column-top-margin\" style='border-radius:0px; '><\/div><\/p>\n","protected":false},"excerpt":{"rendered":"","protected":false},"author":4,"featured_media":0,"parent":0,"menu_order":0,"comment_status":"closed","ping_status":"closed","template":"","meta":{"footnotes":""},"class_list":["post-3708","page","type-page","status-publish","hentry"],"aioseo_notices":[],"_links":{"self":[{"href":"https:\/\/laiga194.it\/es\/wp-json\/wp\/v2\/pages\/3708","targetHints":{"allow":["GET"]}}],"collection":[{"href":"https:\/\/laiga194.it\/es\/wp-json\/wp\/v2\/pages"}],"about":[{"href":"https:\/\/laiga194.it\/es\/wp-json\/wp\/v2\/types\/page"}],"author":[{"embeddable":true,"href":"https:\/\/laiga194.it\/es\/wp-json\/wp\/v2\/users\/4"}],"replies":[{"embeddable":true,"href":"https:\/\/laiga194.it\/es\/wp-json\/wp\/v2\/comments?post=3708"}],"version-history":[{"count":10,"href":"https:\/\/laiga194.it\/es\/wp-json\/wp\/v2\/pages\/3708\/revisions"}],"predecessor-version":[{"id":3722,"href":"https:\/\/laiga194.it\/es\/wp-json\/wp\/v2\/pages\/3708\/revisions\/3722"}],"wp:attachment":[{"href":"https:\/\/laiga194.it\/es\/wp-json\/wp\/v2\/media?parent=3708"}],"curies":[{"name":"wp","href":"https:\/\/api.w.org\/{rel}","templated":true}]}}