{"id":3647,"date":"2020-02-19T08:44:35","date_gmt":"2020-02-19T07:44:35","guid":{"rendered":"https:\/\/laiga194.it\/?page_id=3647"},"modified":"2026-04-08T12:07:05","modified_gmt":"2026-04-08T10:07:05","slug":"aborto-precoz-voluntario","status":"publish","type":"page","link":"https:\/\/laiga194.it\/es\/aborto-precoz-voluntario\/","title":{"rendered":"ABORTO PRECOZ VOLUNTARIO"},"content":{"rendered":"<div class=\"flex_column av_four_fifth  flex_column_div av-zero-column-padding first  avia-builder-el-0  el_before_av_one_fifth  avia-builder-el-first  \" style='border-radius:0px; '><p><div  style='padding-bottom:10px; ' class='av-special-heading av-special-heading-h2  blockquote modern-quote  avia-builder-el-1  el_before_av_textblock  avia-builder-el-first  '><h2 class='av-special-heading-tag '  itemprop=\"headline\"  >ABORTO PRECOZ VOLUNTARIO EN ITALIA (IVG)<\/h2><div class ='av-subheading av-subheading_below  ' style='font-size:15px;'><p>SEG\u00daN LA LEY ITALIANA, L.194\/78<\/p>\n<\/div><div class='special-heading-border'><div class='special-heading-inner-border' ><\/div><\/div><\/div><br \/>\n<section class=\"av_textblock_section \"  itemscope=\"itemscope\" itemtype=\"https:\/\/schema.org\/CreativeWork\" ><div class='avia_textblock  '   itemprop=\"text\" ><p>En Italia, el aborto est\u00e1 regulado por la Ley 194\/78 y. Cuando es voluntario, es posible hasta el d\u00eda 90 (es decir, la semana 12 m\u00e1s 6 d\u00edas), por motivos relacionados con la decisi\u00f3n o la salud de la persona embarazada. Aqu\u00ed te ayudamos a descubrir c\u00f3mo afrontarlo.<\/p>\n<h3>\u00bfQu\u00e9 hago en caso de relaciones sexuales sin protecci\u00f3n?<\/h3>\n<p style=\"font-weight: 400;\">Si has tenido relaciones sexuales sin protecci\u00f3n, es decir, sin m\u00e9todos anticonceptivos (preservativo, diafragma, p\u00edldora anticonceptiva, etc.), puedes acudir a una <strong data-start=\"627\" data-end=\"639\">farmacia<\/strong> <strong>lo antes posible y dentro de las 120 horas<\/strong>, y solicitar la llamada <em data-start=\"707\" data-end=\"740\">\u201cpillola dei 5 giorni dopo\u201d<\/em>, que contiene <strong>acetato de ulipristal<\/strong> (por ejemplo, EllaOne, Evante y Lencya). Se puede adquirir <strong>sin receta m\u00e9dica<\/strong>, incluso si eres menor de edad. Ten en cuenta que, seg\u00fan la zona de Italia donde te encuentras, puede ser necesario acudir a m\u00e1s de una farmacia.<\/p>\n<h3>\u00bfQu\u00e9 hago si se retrasa la menstruaci\u00f3n?<\/h3>\n<p style=\"font-weight: 400;\">Si tu menstruaci\u00f3n se retrasa y crees que puedes estar embarazada, acude a una <strong data-start=\"1100\" data-end=\"1112\">farmacia<\/strong> o a un supermercado y compre un <strong data-start=\"1145\" data-end=\"1165\">test de embarazo<\/strong>. \u00bfYa has consultado nuestra p\u00e1gina \u00ab<em data-start=\"1201\" data-end=\"1224\"><a href=\"https:\/\/laiga194.it\/es\/estado-embarazo\/\">\u00bfEn qu\u00e9 momento estoy?<\/a>\u00ab?<\/em> Te ayudar\u00e1 a entender c\u00f3mo estimar el estado del embarazo y cu\u00e1les son tus opciones en caso de que el test sea positivo.<\/p>\n<h3>\u00bfQu\u00e9 hago si quiero abortar?<\/h3>\n<p data-start=\"1381\" data-end=\"1482\">Si el resultado del test es positivo y decides interrumpir el embarazo, estos son los pasos a seguir:<\/p>\n<ul data-start=\"1484\" data-end=\"1943\">\n<li data-start=\"1484\" data-end=\"1645\">\n<p data-start=\"1486\" data-end=\"1645\">Localiza, a trav\u00e9s de <a href=\"https:\/\/laiga194.it\/mappa-ospedali-italiani-ivg-itg\/\"><strong>nuestro mapa<\/strong><\/a>, un punto de acceso a la IVG (hospital o cl\u00ednica familial) en la zona de Italia que te interese, filtrando por \u201cIVG Entro 90 giorni\u201d.<\/p>\n<\/li>\n<li data-start=\"1646\" data-end=\"1784\">\n<p data-start=\"1648\" data-end=\"1784\">Consulta el recuadro informativo para <strong>obtener detalles adicionales<\/strong> sobre el procedimiento, ya que cada centro puede tener uno diferente.<\/p>\n<\/li>\n<li data-start=\"1785\" data-end=\"1943\">\n<p data-start=\"1787\" data-end=\"1943\">Si no hay informaci\u00f3n adicional en el mapa sobre el centro que te interesa, <strong>llama al n\u00famero indicado<\/strong> y solicita informaci\u00f3n directamente o acude en persona.<\/p>\n<\/li>\n<\/ul>\n<p data-start=\"1945\" data-end=\"2087\">Algunos centros requieren que presentes <strong>documentaci\u00f3n antes de darte una primera cita<\/strong>, mientras que otros lo hacen directamente en el momento.<\/p>\n<p data-start=\"2089\" data-end=\"2234\">Si el centro que has elegido solicita que lleves la documentaci\u00f3n preparada para asignarte la cita, deber\u00e1s presentar dos documentos principales:<\/p>\n<p data-start=\"2236\" data-end=\"2422\"><strong data-start=\"2236\" data-end=\"2294\">1. Un informe que confirme formalmente el embarazo en curso<\/strong>. Lo puede emitir un laboratorio privado, el resultado suele entregarse el mismo d\u00eda y se basa en la medici\u00f3n de la beta-hCG:<\/p>\n<ul data-start=\"2423\" data-end=\"2625\">\n<li data-start=\"2423\" data-end=\"2500\">\n<p data-start=\"2425\" data-end=\"2500\">llevando la <strong>primera orina de la ma\u00f1ana<\/strong> y solicitando un test de embarazo;<\/p>\n<\/li>\n<li data-start=\"2501\" data-end=\"2625\">\n<p data-start=\"2503\" data-end=\"2625\">o mediante un <strong>an\u00e1lisis de sangre<\/strong> de beta-hCG. No es necesario estar en ayunas. Este segundo m\u00e9todo es el m\u00e1s solicitado.<\/p>\n<\/li>\n<\/ul>\n<p data-start=\"2627\" data-end=\"2893\">La beta-hCG es el t\u00e9rmino cient\u00edfico para las prote\u00ednas producidas por la placenta durante el embarazo. Puedes realizar las pruebas de forma gratuita con una receta m\u00e9dica (<em data-start=\"2800\" data-end=\"2809\">ricetta<\/em>) o acudir a un laboratorio privado y pagarlas; el coste suele ser de unos 20 euros.<\/p>\n<p data-start=\"2895\" data-end=\"3114\"><strong data-start=\"2895\" data-end=\"2960\">2. Un certificado firmado tanto por une m\u00e9dice como por ti<\/strong>, denominado <em data-start=\"2973\" data-end=\"2993\">Certificato di IVG<\/em> (certificado de aborto), que indique que est\u00e1s embarazada y que deseas interrumpir el embarazo. Puede ser emitido por:<\/p>\n<ul data-start=\"3115\" data-end=\"3764\">\n<li data-start=\"3115\" data-end=\"3402\">\n<p data-start=\"3117\" data-end=\"3402\">une m\u00e9dice, como tu m\u00e9dice de familia o une ginec\u00f3loge. <strong>Recomendamos llamar antes<\/strong> de acudir a la consulta para preguntar si puede emitir el certificado o si es <strong>objetor\/a de conciencia<\/strong>. No obstante, <strong>cualquier m\u00e9dice de confianza<\/strong> puede hacerlo, incluso de otra especialidad (incluso ortopedia);<\/p>\n<\/li>\n<li data-start=\"3403\" data-end=\"3764\">\n<p data-start=\"3405\" data-end=\"3764\">un <strong data-start=\"3408\" data-end=\"3423\">consultorio<\/strong> (centro de planificaci\u00f3n familiar) de tu zona. Esta ser\u00eda la opci\u00f3n m\u00e1s sencilla, ya que muchos consultorios est\u00e1n vinculados o ubicados dentro de hospitales que realizan IVG y, al emitir el certificado, tambi\u00e9n pueden asignarte la cita. Si el certificado lo emite un\/a m\u00e9dico\/a privado\/a, deber\u00e1s llamar t\u00fa al hospital para solicitar la cita.<\/p>\n<\/li>\n<\/ul>\n<p data-start=\"3766\" data-end=\"3877\">Si un\/a m\u00e9dico\/a <strong>se niega a emitir el certificado<\/strong> alegando objeci\u00f3n de conciencia, est\u00e1 actuando contra la ley.<\/p>\n<p data-start=\"3766\" data-end=\"3877\">Seg\u00fan el momento del embarazo, podr\u00e1s elegir entre un <strong>aborto farmacol\u00f3gico o quir\u00fargico<\/strong>, aunque depende de la opini\u00f3n m\u00e9dica en funci\u00f3n de tu situaci\u00f3n y lamentablemente tambi\u00e9n de la organizaci\u00f3n de la instalaci\u00f3n.<\/p>\n<p data-start=\"3879\" data-end=\"3967\">\n<p>Dependiendo de tu situaci\u00f3n y de las semanas actuales de tu embarazo, este certificado puede indicar que <strong>debe esperar siete d\u00edas<\/strong>, tras los cuales puede interrumpir el embarazo, o que tu caso es \u00ab<em>urgente<\/em>\u00bb (a veces simplemente porque se acerca el final de tu ventana de aborto). En este caso, puede someterse al procedimiento inmediatamente <strong>sin esperar<\/strong> siete d\u00edas.<\/p>\n<p>Si considera que los obst\u00e1culos que est\u00e1 encontrando son inusuales o excesivos, o si simplemente desea conocer sus derechos, <a href=\"https:\/\/laiga194.it\/contatti\/\">cont\u00e1ctenos<\/a>.<\/p>\n<h3>\u00bfY si soy menor de edad?<\/h3>\n<p data-start=\"3998\" data-end=\"4095\">Puedes acceder al servicio de interrupci\u00f3n voluntaria del embarazo temprano (IVG) de dos maneras:<\/p>\n<ul data-start=\"4097\" data-end=\"4634\">\n<li data-start=\"4097\" data-end=\"4289\">\n<p data-start=\"4099\" data-end=\"4289\">obteniendo el <strong>consentimiento firmado de tu(s) representante(s) legal(es)<\/strong>, si crees que contar\u00e1s con su apoyo. Si tienes dos progenitores con patria potestad, ser\u00e1n necesarias <strong>ambas firmas<\/strong>;<\/p>\n<\/li>\n<li data-start=\"4290\" data-end=\"4634\">\n<p data-start=\"4292\" data-end=\"4634\">mediante una <strong>solicitud formal a une <em data-start=\"4329\" data-end=\"4347\">giudice tutelare<\/em> (juez\/a de tutela)<\/strong> presentada por el personal m\u00e9dico, que autorizar\u00e1 la IVG sin notificar a tu(s) representante(s) legal(es). En este caso, recomendamos acudir a un <strong data-start=\"4513\" data-end=\"4528\">consultorio<\/strong>, ya que une m\u00e9dice privade podr\u00eda no estar familiarizade con el procedimiento y tardar m\u00e1s tiempo.<\/p>\n<\/li>\n<\/ul>\n<h3>\u00bfY si soy una persona extranjera?<\/h3>\n<p>Visita nuestra p\u00e1gina dedicada espec\u00edficamente a este tema. Si tienes alguna duda, no dudes en <a href=\"https:\/\/laiga194.it\/contatti\/\">escribirnos<\/a>.<\/p>\n<\/div><\/section><br \/>\n<div   class=\"togglecontainer  av-elegant-toggle toggle_close_all  avia-builder-el-3  el_after_av_textblock  avia-builder-el-last \" >\n<section class=\"av_toggle_section\"  itemscope=\"itemscope\" itemtype=\"https:\/\/schema.org\/CreativeWork\"  >    <div role=\"tablist\" class=\"single_toggle\" data-tags=\"{Todo} \"  >        <p data-fake-id=\"#toggle-id-1\" class=\"toggler \"  itemprop=\"headline\"    role=\"tab\" tabindex=\"0\" aria-controls=\"toggle-id-1\">Legge 194\/78 Articolo 5<span class=\"toggle_icon\" >        <span class=\"vert_icon\"><\/span><span class=\"hor_icon\"><\/span><\/span><\/p>        <div id=\"toggle-id-1\" class=\"toggle_wrap \"   >            <div class=\"toggle_content invers-color \"  itemprop=\"text\"   ><p>Il consultorio e la struttura socio-sanitaria, oltre a dover garantire i necessari accertamenti medici, hanno il compito in ogni caso, e specialmente quando la richiesta di interruzione della gravidanza sia motivata dall&#8217;incidenza delle condizioni economiche, o sociali, o familiari sulla salute della gestante, di esaminare con la donna e con il padre del concepito, ove la donna lo consenta, nel rispetto della dignit\u00e0 e della riservatezza della donna e della persona indicata come padre del concepito, le possibili soluzioni dei problemi proposti, di aiutarla a rimuovere le cause che la porterebbero alla interruzione della gravidanza, di metterla in grado di far valere i suoi diritti di lavoratrice e di madre, di promuovere ogni opportuno intervento atto a sostenere la donna, offrendole tutti gli aiuti necessari sia durante la gravidanza sia dopo il parto.<br \/>\nQuando la donna si rivolge al medico di sua fiducia questi compie gli accertamenti sanitari necessari, nel rispetto della dignit\u00e0 e della libert\u00e0 della donna; valuta con la donna stessa e con il padre del concepito, ove la donna lo consenta, nel rispetto della dignit\u00e0 e della riservatezza della donna e della persona indicata come padre del concepito, anche sulla base dell&#8217;esito degli accertamenti di cui sopra, le circostanze che la determinano a chiedere l&#8217;interruzione della gravidanza; la informa sui diritti a lei spettanti e sugli interventi di carattere sociale cui pu\u00f2 fare ricorso, nonch\u00e9 sui consultori e le strutture socio-sanitarie.<\/p>\n<p>Quando il medico del consultorio o della struttura socio-sanitaria, o il medico di fiducia, riscontra l&#8217;esistenza di condizioni tali da rendere urgente l&#8217;intervento, rilascia immediatamente alla donna un certificato attestante l&#8217;urgenza. Con tale certificato la donna stessa pu\u00f2 presentarsi ad una delle sedi autorizzate a praticare la interruzione della gravidanza.<br \/>\nSe non viene riscontrato il caso di urgenza, al termine dell&#8217;incontro il medico del consultorio o della<br \/>\nstruttura socio-sanitaria, o il medico di fiducia, di fronte alla richiesta della donna di interrompere la<br \/>\ngravidanza sulla base delle circostanze di cui all&#8217;articolo 4, le rilascia copia di un documento, firmato anche dalla donna, attestante lo stato di gravidanza e l&#8217;avvenuta richiesta, e la invita a soprassedere per sette giorni. Trascorsi i sette giorni, la donna pu\u00f2 presentarsi, per ottenere la interruzione della gravidanza, sulla base del documento rilasciatole ai sensi del presente comma, presso una delle sedi autorizzate.<\/p>\n            <\/div>        <\/div>    <\/div><\/section>\n<\/div><\/p><\/div><div class=\"flex_column av_one_fifth  flex_column_div av-zero-column-padding   avia-builder-el-4  el_after_av_four_fifth  el_before_av_hr  \" style='border-radius:0px; '><p><div  class='avia-image-container avia_animated_image avia_animate_when_almost_visible pop-up av-styling-    avia-builder-el-5  el_before_av_sidebar  avia-builder-el-first  incentro avia-align-center '  itemprop=\"image\" itemscope=\"itemscope\" itemtype=\"https:\/\/schema.org\/ImageObject\"  ><div class='avia-image-container-inner'><div class='avia-image-overlay-wrap'><img decoding=\"async\" class='wp-image-3649 avia-img-lazy-loading-not-3649 avia_image' src=\"https:\/\/laiga194.it\/wp-content\/uploads\/2020\/03\/x.png\" alt='' title='x' height=\"399\" width=\"399\"  itemprop=\"thumbnailUrl\" srcset=\"https:\/\/laiga194.it\/wp-content\/uploads\/2020\/03\/x.png 399w, https:\/\/laiga194.it\/wp-content\/uploads\/2020\/03\/x-300x300.png 300w, https:\/\/laiga194.it\/wp-content\/uploads\/2020\/03\/x-80x80.png 80w, https:\/\/laiga194.it\/wp-content\/uploads\/2020\/03\/x-36x36.png 36w, https:\/\/laiga194.it\/wp-content\/uploads\/2020\/03\/x-180x180.png 180w\" sizes=\"(max-width: 399px) 100vw, 399px\" \/><\/div><\/div><\/div><br \/>\n<div  class='avia-builder-widget-area clearfix  avia-builder-el-6  el_after_av_image  avia-builder-el-last '><div id=\"nav_menu-2\" class=\"widget clearfix widget_nav_menu\"><h3 class=\"widgettitle\">para todes<\/h3><div class=\"menu-para-todes-spagnolo-container\"><ul id=\"menu-para-todes-spagnolo\" class=\"menu\"><li id=\"menu-item-3704\" class=\"menu-item menu-item-type-post_type menu-item-object-page menu-item-3704\"><a href=\"https:\/\/laiga194.it\/es\/estado-embarazo\/\">\u00bfEN QU\u00c9 MOMENTO ESTOY?<\/a><\/li>\n<li id=\"menu-item-3703\" class=\"menu-item menu-item-type-post_type menu-item-object-page menu-item-3703\"><a href=\"https:\/\/laiga194.it\/es\/aborto-precoz-voluntario\/\">ABORTO PRECOZ VOLUNTARIO<\/a><\/li>\n<\/ul><\/div><\/div><\/div><\/p><\/div><\/p>\n<div  style='height:50px' class='hr hr-invisible   avia-builder-el-7  el_after_av_one_fifth  avia-builder-el-last '><span class='hr-inner ' ><span class='hr-inner-style'><\/span><\/span><\/div>\n","protected":false},"excerpt":{"rendered":"","protected":false},"author":4,"featured_media":0,"parent":0,"menu_order":0,"comment_status":"closed","ping_status":"closed","template":"","meta":{"footnotes":""},"class_list":["post-3647","page","type-page","status-publish","hentry"],"aioseo_notices":[],"_links":{"self":[{"href":"https:\/\/laiga194.it\/es\/wp-json\/wp\/v2\/pages\/3647","targetHints":{"allow":["GET"]}}],"collection":[{"href":"https:\/\/laiga194.it\/es\/wp-json\/wp\/v2\/pages"}],"about":[{"href":"https:\/\/laiga194.it\/es\/wp-json\/wp\/v2\/types\/page"}],"author":[{"embeddable":true,"href":"https:\/\/laiga194.it\/es\/wp-json\/wp\/v2\/users\/4"}],"replies":[{"embeddable":true,"href":"https:\/\/laiga194.it\/es\/wp-json\/wp\/v2\/comments?post=3647"}],"version-history":[{"count":28,"href":"https:\/\/laiga194.it\/es\/wp-json\/wp\/v2\/pages\/3647\/revisions"}],"predecessor-version":[{"id":4097,"href":"https:\/\/laiga194.it\/es\/wp-json\/wp\/v2\/pages\/3647\/revisions\/4097"}],"wp:attachment":[{"href":"https:\/\/laiga194.it\/es\/wp-json\/wp\/v2\/media?parent=3647"}],"curies":[{"name":"wp","href":"https:\/\/api.w.org\/{rel}","templated":true}]}}